{"id":398360,"date":"2026-04-05T14:40:51","date_gmt":"2026-04-05T12:40:51","guid":{"rendered":"https:\/\/bogensportdiscount.ch\/produkt\/limbs-t-d-hunting-bows-sage-fiber-wood-62-25-lbs-maple-wood-and-black-glass\/"},"modified":"2026-05-14T15:25:45","modified_gmt":"2026-05-14T13:25:45","slug":"samick-wurfarme-td-jagdbogen-sage-fiber-wood-62","status":"publish","type":"product","link":"https:\/\/bogensportdiscount.ch\/fr\/produit\/samick-wurfarme-td-jagdbogen-sage-fiber-wood-62\/","title":{"rendered":"SAMICK BRANCHES T\/D ARCS DE CHASSE SAGE FIBER WOOD 62&#8243; LBS MAPLE WOOD ET VERRE NOIR"},"content":{"rendered":"<p>Les branches SAMICK Sage sont sp\u00e9cialement con\u00e7ues pour le populaire arc classique d\u00e9montable Sage et permettent de changer facilement la puissance sans avoir \u00e0 remplacer l'arc entier. La construction en Fiber Wood offre une base solide pour le tir \u00e0 l'arc traditionnel ainsi que la chasse.<\/p>\n<p>Gr\u00e2ce au syst\u00e8me Take-Down, les branches se montent et se d\u00e9montent sur la poign\u00e9e sans outil. La variante 62&#8243; convient aux archers qui pr\u00e9f\u00e8rent un arc l\u00e9g\u00e8rement plus court.<\/p>\n<ul>\n<li>Compatible avec la poign\u00e9e d\u00e9montable SAMICK Sage<\/li>\n<li>Construction Fiber Wood pour des propri\u00e9t\u00e9s de tir stables<\/li>\n<li>Disponible en puissances de 25 \u00e0 60 LBS (par pas de 5 LBS)<\/li>\n<li>Convient pour la chasse et le tir \u00e0 l'arc traditionnel<\/li>\n<\/ul>","protected":false},"excerpt":{"rendered":"<table>\n<tr>\n<th>Propri\u00e9t\u00e9<\/th>\n<th>Valeur<\/th>\n<\/tr>\n<tr>\n<td>Marque<\/td>\n<td>Samick<\/td>\n<\/tr>\n<tr>\n<td>Pays d'origine<\/td>\n<td>Chine<\/td>\n<\/tr>\n<\/table>","protected":false},"featured_media":449655,"comment_status":"open","ping_status":"closed","template":"","meta":[],"product_brand":[920],"product_cat":[4529],"product_tag":[],"class_list":{"0":"post-398360","1":"product","2":"type-product","3":"status-publish","4":"has-post-thumbnail","6":"product_brand-samick","7":"product_cat-traditionelle-boegen-wurfarme","8":"product_shipping_class-bsd-standard","10":"first","11":"instock","12":"shipping-taxable","13":"purchasable","14":"product-type-variable"},"yoast_head":"<!-- This site is optimized with the Yoast SEO plugin v27.6 - https:\/\/yoast.com\/product\/yoast-seo-wordpress\/ -->\n<title>SAMICK WURFARME T\/D JAGDB\u00d6GEN SAGE FIBER WOOD 62&quot; LBS MAPLE WOOD UND SCHWARZ GLASS - Bogensportdiscount \u2013 B\u00f6gen, Pfeile, Targets &amp; Zubeh\u00f6r<\/title>\n<meta name=\"description\" content=\"SAMICK WURFARME T\/D JAGDB\u00d6GEN SAGE FIBER WOOD 62&quot; LBS MAPLE WOOD UND SCHWARZ GLASS g\u00fcnstig kaufen bei Bogensportdiscount \u2013 Top-Marken, schneller Versand aus der Schweiz.\" \/>\n<meta name=\"robots\" content=\"index, follow, max-snippet:-1, max-image-preview:large, max-video-preview:-1\" \/>\n<link rel=\"canonical\" href=\"https:\/\/bogensportdiscount.ch\/fr\/produit\/samick-wurfarme-td-jagdbogen-sage-fiber-wood-62\/\" \/>\n<meta property=\"og:locale\" content=\"fr_FR\" \/>\n<meta property=\"og:type\" content=\"article\" \/>\n<meta property=\"og:title\" content=\"SAMICK WURFARME T\/D JAGDB\u00d6GEN SAGE FIBER WOOD 62&quot; LBS MAPLE WOOD UND SCHWARZ GLASS - Bogensportdiscount \u2013 B\u00f6gen, Pfeile, Targets &amp; Zubeh\u00f6r\" \/>\n<meta property=\"og:description\" content=\"SAMICK WURFARME T\/D JAGDB\u00d6GEN SAGE FIBER WOOD 62&quot; LBS MAPLE WOOD UND SCHWARZ GLASS g\u00fcnstig kaufen bei Bogensportdiscount \u2013 Top-Marken, schneller Versand aus der Schweiz.\" \/>\n<meta property=\"og:url\" content=\"https:\/\/bogensportdiscount.ch\/fr\/produit\/samick-wurfarme-td-jagdbogen-sage-fiber-wood-62\/\" \/>\n<meta property=\"og:site_name\" content=\"Bogensportdiscount \u2013 B\u00f6gen, Pfeile, Targets &amp; Zubeh\u00f6r\" \/>\n<meta property=\"article:modified_time\" content=\"2026-05-14T13:25:45+00:00\" \/>\n<meta property=\"og:image\" content=\"https:\/\/bogensportdiscount.ch\/wp-content\/uploads\/bsm-images\/A021895_1.png\" \/>\n\t<meta property=\"og:image:width\" content=\"6758\" \/>\n\t<meta property=\"og:image:height\" content=\"2484\" \/>\n\t<meta property=\"og:image:type\" content=\"image\/png\" \/>\n<meta name=\"twitter:card\" content=\"summary_large_image\" \/>\n<meta name=\"twitter:label1\" content=\"Dur\u00e9e de lecture estim\u00e9e\" \/>\n\t<meta name=\"twitter:data1\" content=\"1 minute\" \/>\n<script type=\"application\/ld+json\" class=\"yoast-schema-graph\">{\"@context\":\"https:\\\/\\\/schema.org\",\"@graph\":[{\"@type\":\"WebPage\",\"@id\":\"https:\\\/\\\/bogensportdiscount.ch\\\/produkt\\\/samick-wurfarme-td-jagdbogen-sage-fiber-wood-62\\\/\",\"url\":\"https:\\\/\\\/bogensportdiscount.ch\\\/produkt\\\/samick-wurfarme-td-jagdbogen-sage-fiber-wood-62\\\/\",\"name\":\"SAMICK WURFARME T\\\/D JAGDB\u00d6GEN SAGE FIBER WOOD 62\\\" LBS MAPLE WOOD UND SCHWARZ GLASS - Bogensportdiscount \u2013 B\u00f6gen, Pfeile, Targets &amp; Zubeh\u00f6r\",\"isPartOf\":{\"@id\":\"https:\\\/\\\/bogensportdiscount.ch\\\/#website\"},\"primaryImageOfPage\":{\"@id\":\"https:\\\/\\\/bogensportdiscount.ch\\\/produkt\\\/samick-wurfarme-td-jagdbogen-sage-fiber-wood-62\\\/#primaryimage\"},\"image\":{\"@id\":\"https:\\\/\\\/bogensportdiscount.ch\\\/produkt\\\/samick-wurfarme-td-jagdbogen-sage-fiber-wood-62\\\/#primaryimage\"},\"thumbnailUrl\":\"https:\\\/\\\/bogensportdiscount.ch\\\/wp-content\\\/uploads\\\/bsm-images\\\/A021895_1.png\",\"datePublished\":\"2026-04-05T12:40:51+00:00\",\"dateModified\":\"2026-05-14T13:25:45+00:00\",\"description\":\"SAMICK WURFARME T\\\/D JAGDB\u00d6GEN SAGE FIBER WOOD 62\\\" LBS MAPLE WOOD UND SCHWARZ GLASS g\u00fcnstig kaufen bei Bogensportdiscount \u2013 Top-Marken, schneller Versand aus der Schweiz.\",\"breadcrumb\":{\"@id\":\"https:\\\/\\\/bogensportdiscount.ch\\\/produkt\\\/samick-wurfarme-td-jagdbogen-sage-fiber-wood-62\\\/#breadcrumb\"},\"inLanguage\":\"fr-FR\",\"potentialAction\":[{\"@type\":\"ReadAction\",\"target\":[\"https:\\\/\\\/bogensportdiscount.ch\\\/produkt\\\/samick-wurfarme-td-jagdbogen-sage-fiber-wood-62\\\/\"]}]},{\"@type\":\"ImageObject\",\"inLanguage\":\"fr-FR\",\"@id\":\"https:\\\/\\\/bogensportdiscount.ch\\\/produkt\\\/samick-wurfarme-td-jagdbogen-sage-fiber-wood-62\\\/#primaryimage\",\"url\":\"https:\\\/\\\/bogensportdiscount.ch\\\/wp-content\\\/uploads\\\/bsm-images\\\/A021895_1.png\",\"contentUrl\":\"https:\\\/\\\/bogensportdiscount.ch\\\/wp-content\\\/uploads\\\/bsm-images\\\/A021895_1.png\",\"width\":6758,\"height\":2484},{\"@type\":\"BreadcrumbList\",\"@id\":\"https:\\\/\\\/bogensportdiscount.ch\\\/produkt\\\/samick-wurfarme-td-jagdbogen-sage-fiber-wood-62\\\/#breadcrumb\",\"itemListElement\":[{\"@type\":\"ListItem\",\"position\":1,\"name\":\"Home\",\"item\":\"https:\\\/\\\/bogensportdiscount.ch\\\/\"},{\"@type\":\"ListItem\",\"position\":2,\"name\":\"Shop\",\"item\":\"https:\\\/\\\/bogensportdiscount.ch\\\/shop\\\/\"},{\"@type\":\"ListItem\",\"position\":3,\"name\":\"SAMICK LIMBS T\\\/D HUNTING BOWS SAGE FIBER WOOD 62&#8243; LBS MAPLE WOOD AND BLACK GLASS\"}]},{\"@type\":\"WebSite\",\"@id\":\"https:\\\/\\\/bogensportdiscount.ch\\\/#website\",\"url\":\"https:\\\/\\\/bogensportdiscount.ch\\\/\",\"name\":\"Bogensportdiscount\",\"description\":\"\",\"potentialAction\":[{\"@type\":\"SearchAction\",\"target\":{\"@type\":\"EntryPoint\",\"urlTemplate\":\"https:\\\/\\\/bogensportdiscount.ch\\\/?s={search_term_string}\"},\"query-input\":{\"@type\":\"PropertyValueSpecification\",\"valueRequired\":true,\"valueName\":\"search_term_string\"}}],\"inLanguage\":\"fr-FR\"}]}<\/script>\n<!-- \/ Yoast SEO plugin. -->","yoast_head_json":{"title":"SAMICK WURFARME T\/D JAGDB\u00d6GEN SAGE FIBER WOOD 62\" LBS MAPLE WOOD UND SCHWARZ GLASS - Bogensportdiscount \u2013 B\u00f6gen, Pfeile, Targets &amp; Zubeh\u00f6r","description":"SAMICK WURFARME T\/D JAGDB\u00d6GEN SAGE FIBER WOOD 62\" LBS MAPLE WOOD UND SCHWARZ GLASS g\u00fcnstig kaufen bei Bogensportdiscount \u2013 Top-Marken, schneller Versand aus der Schweiz.","robots":{"index":"index","follow":"follow","max-snippet":"max-snippet:-1","max-image-preview":"max-image-preview:large","max-video-preview":"max-video-preview:-1"},"canonical":"https:\/\/bogensportdiscount.ch\/fr\/produit\/samick-wurfarme-td-jagdbogen-sage-fiber-wood-62\/","og_locale":"fr_FR","og_type":"article","og_title":"SAMICK WURFARME T\/D JAGDB\u00d6GEN SAGE FIBER WOOD 62\" LBS MAPLE WOOD UND SCHWARZ GLASS - Bogensportdiscount \u2013 B\u00f6gen, Pfeile, Targets &amp; Zubeh\u00f6r","og_description":"SAMICK WURFARME T\/D JAGDB\u00d6GEN SAGE FIBER WOOD 62\" LBS MAPLE WOOD UND SCHWARZ GLASS g\u00fcnstig kaufen bei Bogensportdiscount \u2013 Top-Marken, schneller Versand aus der Schweiz.","og_url":"https:\/\/bogensportdiscount.ch\/fr\/produit\/samick-wurfarme-td-jagdbogen-sage-fiber-wood-62\/","og_site_name":"Bogensportdiscount \u2013 B\u00f6gen, Pfeile, Targets &amp; Zubeh\u00f6r","article_modified_time":"2026-05-14T13:25:45+00:00","og_image":[{"url":"https:\/\/bogensportdiscount.ch\/wp-content\/uploads\/bsm-images\/A021895_1.png","width":6758,"height":2484,"type":"image\/png"}],"twitter_card":"summary_large_image","twitter_misc":{"Dur\u00e9e de lecture estim\u00e9e":"1 minute"},"schema":{"@context":"https:\/\/schema.org","@graph":[{"@type":"WebPage","@id":"https:\/\/bogensportdiscount.ch\/produkt\/samick-wurfarme-td-jagdbogen-sage-fiber-wood-62\/","url":"https:\/\/bogensportdiscount.ch\/produkt\/samick-wurfarme-td-jagdbogen-sage-fiber-wood-62\/","name":"SAMICK WURFARME T\/D JAGDB\u00d6GEN SAGE FIBER WOOD 62\" LBS MAPLE WOOD UND SCHWARZ GLASS - Bogensportdiscount \u2013 B\u00f6gen, Pfeile, Targets &amp; Zubeh\u00f6r","isPartOf":{"@id":"https:\/\/bogensportdiscount.ch\/#website"},"primaryImageOfPage":{"@id":"https:\/\/bogensportdiscount.ch\/produkt\/samick-wurfarme-td-jagdbogen-sage-fiber-wood-62\/#primaryimage"},"image":{"@id":"https:\/\/bogensportdiscount.ch\/produkt\/samick-wurfarme-td-jagdbogen-sage-fiber-wood-62\/#primaryimage"},"thumbnailUrl":"https:\/\/bogensportdiscount.ch\/wp-content\/uploads\/bsm-images\/A021895_1.png","datePublished":"2026-04-05T12:40:51+00:00","dateModified":"2026-05-14T13:25:45+00:00","description":"SAMICK WURFARME T\/D JAGDB\u00d6GEN SAGE FIBER WOOD 62\" LBS MAPLE WOOD UND SCHWARZ GLASS g\u00fcnstig kaufen bei Bogensportdiscount \u2013 Top-Marken, schneller Versand aus der Schweiz.","breadcrumb":{"@id":"https:\/\/bogensportdiscount.ch\/produkt\/samick-wurfarme-td-jagdbogen-sage-fiber-wood-62\/#breadcrumb"},"inLanguage":"fr-FR","potentialAction":[{"@type":"ReadAction","target":["https:\/\/bogensportdiscount.ch\/produkt\/samick-wurfarme-td-jagdbogen-sage-fiber-wood-62\/"]}]},{"@type":"ImageObject","inLanguage":"fr-FR","@id":"https:\/\/bogensportdiscount.ch\/produkt\/samick-wurfarme-td-jagdbogen-sage-fiber-wood-62\/#primaryimage","url":"https:\/\/bogensportdiscount.ch\/wp-content\/uploads\/bsm-images\/A021895_1.png","contentUrl":"https:\/\/bogensportdiscount.ch\/wp-content\/uploads\/bsm-images\/A021895_1.png","width":6758,"height":2484},{"@type":"BreadcrumbList","@id":"https:\/\/bogensportdiscount.ch\/produkt\/samick-wurfarme-td-jagdbogen-sage-fiber-wood-62\/#breadcrumb","itemListElement":[{"@type":"ListItem","position":1,"name":"Home","item":"https:\/\/bogensportdiscount.ch\/"},{"@type":"ListItem","position":2,"name":"Shop","item":"https:\/\/bogensportdiscount.ch\/shop\/"},{"@type":"ListItem","position":3,"name":"SAMICK LIMBS T\/D HUNTING BOWS SAGE FIBER WOOD 62&#8243; LBS MAPLE WOOD AND BLACK GLASS"}]},{"@type":"WebSite","@id":"https:\/\/bogensportdiscount.ch\/#website","url":"https:\/\/bogensportdiscount.ch\/","name":"Bogensportdiscount","description":"","potentialAction":[{"@type":"SearchAction","target":{"@type":"EntryPoint","urlTemplate":"https:\/\/bogensportdiscount.ch\/?s={search_term_string}"},"query-input":{"@type":"PropertyValueSpecification","valueRequired":true,"valueName":"search_term_string"}}],"inLanguage":"fr-FR"}]}},"_links":{"self":[{"href":"https:\/\/bogensportdiscount.ch\/fr\/wp-json\/wp\/v2\/product\/398360","targetHints":{"allow":["GET"]}}],"collection":[{"href":"https:\/\/bogensportdiscount.ch\/fr\/wp-json\/wp\/v2\/product"}],"about":[{"href":"https:\/\/bogensportdiscount.ch\/fr\/wp-json\/wp\/v2\/types\/product"}],"replies":[{"embeddable":true,"href":"https:\/\/bogensportdiscount.ch\/fr\/wp-json\/wp\/v2\/comments?post=398360"}],"wp:featuredmedia":[{"embeddable":true,"href":"https:\/\/bogensportdiscount.ch\/fr\/wp-json\/wp\/v2\/media\/449655"}],"wp:attachment":[{"href":"https:\/\/bogensportdiscount.ch\/fr\/wp-json\/wp\/v2\/media?parent=398360"}],"wp:term":[{"taxonomy":"product_brand","embeddable":true,"href":"https:\/\/bogensportdiscount.ch\/fr\/wp-json\/wp\/v2\/product_brand?post=398360"},{"taxonomy":"product_cat","embeddable":true,"href":"https:\/\/bogensportdiscount.ch\/fr\/wp-json\/wp\/v2\/product_cat?post=398360"},{"taxonomy":"product_tag","embeddable":true,"href":"https:\/\/bogensportdiscount.ch\/fr\/wp-json\/wp\/v2\/product_tag?post=398360"}],"curies":[{"name":"wp","href":"https:\/\/api.w.org\/{rel}","templated":true}]}}