{"id":398245,"date":"2026-04-05T14:40:37","date_gmt":"2026-04-05T12:40:37","guid":{"rendered":"https:\/\/bogensportdiscount.ch\/produkt\/risers-wiawis-inno-cxt-23-rh-black\/"},"modified":"2026-04-17T13:45:22","modified_gmt":"2026-04-17T11:45:22","slug":"wiawis-mittelstueck-inno-cxt-23-rh-schwarz","status":"publish","type":"product","link":"https:\/\/bogensportdiscount.ch\/fr\/produit\/wiawis-mittelstueck-inno-cxt-23-rh-schwarz\/","title":{"rendered":"RISERS WIAWIS INNO CXT 23\u2033 RH"},"content":{"rendered":"<p>La partie centrale WIAWIS Inno CXT de 23 pouces est con\u00e7ue pour les droitiers et fait partie de la gamme recurve WIAWIS. En tant que partie centrale, elle constitue le c\u0153ur de l'arc recurve, sur laquelle sont fix\u00e9s les branches, la vis\u00e9e, les stabilisateurs et autres accessoires.<\/p>\n<p>Le mod\u00e8le est disponible en noir et s'adresse aux archers qui misent sur un produit issu de la gamme WIAWIS \u00e9prouv\u00e9e.<\/p>\n<ul>\n<li>Longueur : 23 pouces<\/li>\n<li>Ex\u00e9cution : droitier (RH)<\/li>\n<li>Couleur : Noir<\/li>\n<li>Compatible avec les configurations d'arcs recurve<\/li>\n<\/ul>","protected":false},"excerpt":{"rendered":"<p><strong>Marque :<\/strong> Wiawis<br \/><strong>Recommendation:<\/strong> All poundages<br \/><strong>mat\u00e9riel :<\/strong> Carbon<br \/><strong>Pocket fitting:<\/strong> ILF<\/p>","protected":false},"featured_media":449633,"comment_status":"open","ping_status":"closed","template":"","meta":[],"product_brand":[473],"product_cat":[4519],"product_tag":[],"class_list":{"0":"post-398245","1":"product","2":"type-product","3":"status-publish","4":"has-post-thumbnail","6":"product_brand-wiawis","7":"product_cat-recurve-mittelteile-recurve-boegen","9":"first","10":"instock","11":"shipping-taxable","12":"purchasable","13":"product-type-variable"},"_links":{"self":[{"href":"https:\/\/bogensportdiscount.ch\/fr\/wp-json\/wp\/v2\/product\/398245","targetHints":{"allow":["GET"]}}],"collection":[{"href":"https:\/\/bogensportdiscount.ch\/fr\/wp-json\/wp\/v2\/product"}],"about":[{"href":"https:\/\/bogensportdiscount.ch\/fr\/wp-json\/wp\/v2\/types\/product"}],"replies":[{"embeddable":true,"href":"https:\/\/bogensportdiscount.ch\/fr\/wp-json\/wp\/v2\/comments?post=398245"}],"wp:featuredmedia":[{"embeddable":true,"href":"https:\/\/bogensportdiscount.ch\/fr\/wp-json\/wp\/v2\/media\/449633"}],"wp:attachment":[{"href":"https:\/\/bogensportdiscount.ch\/fr\/wp-json\/wp\/v2\/media?parent=398245"}],"wp:term":[{"taxonomy":"product_brand","embeddable":true,"href":"https:\/\/bogensportdiscount.ch\/fr\/wp-json\/wp\/v2\/product_brand?post=398245"},{"taxonomy":"product_cat","embeddable":true,"href":"https:\/\/bogensportdiscount.ch\/fr\/wp-json\/wp\/v2\/product_cat?post=398245"},{"taxonomy":"product_tag","embeddable":true,"href":"https:\/\/bogensportdiscount.ch\/fr\/wp-json\/wp\/v2\/product_tag?post=398245"}],"curies":[{"name":"wp","href":"https:\/\/api.w.org\/{rel}","templated":true}]}}