{"id":398229,"date":"2026-04-05T14:40:36","date_gmt":"2026-04-05T12:40:36","guid":{"rendered":"https:\/\/bogensportdiscount.ch\/produkt\/risers-cnc-rhino-barebow-25-lh-66-68-70-blue-with-weights-included\/"},"modified":"2026-04-17T15:42:11","modified_gmt":"2026-04-17T13:42:11","slug":"decut-recurvebogen-mittelstuck-cnc-rhino-barebow-25","status":"publish","type":"product","link":"https:\/\/bogensportdiscount.ch\/fr\/produit\/decut-recurvebogen-mittelstuck-cnc-rhino-barebow-25\/","title":{"rendered":"DECUT RHINO RECURVE RISER"},"content":{"rendered":"<p>Das DECUT CNC Rhino Barebow ist ein 25-Zoll-Mittelst\u00fcck f\u00fcr Recurveb\u00f6gen, das speziell auf die Anforderungen des Barebow-Schiessstils ausgelegt ist. Die CNC-Fr\u00e4sung sorgt f\u00fcr pr\u00e4zise Masshaltigkeit und eine gleichm\u00e4ssige Qualit\u00e4t.<\/p>\n<p>Das Mittelst\u00fcck ist in drei Farben \u2013 Blau, Grau und Rot \u2013 sowie f\u00fcr Rechts- und Linkshand erh\u00e4ltlich, sodass es sich an verschiedene Sch\u00fctzinnen und Sch\u00fctzen anpassen l\u00e4sst.<\/p>\n<ul>\n<li>CNC-gefr\u00e4ste Konstruktion f\u00fcr hohe Massgenauigkeit<\/li>\n<li>L\u00e4nge: 25 Zoll<\/li>\n<li>F\u00fcr Rechts- und Linkshand verf\u00fcgbar<\/li>\n<li>Erh\u00e4ltlich in Blau, Grau und Rot<\/li>\n<\/ul>","protected":false},"excerpt":{"rendered":"<p><strong>Marque :<\/strong> Decut<br \/><strong>Type:<\/strong> Forged CNC<br \/><strong>Recommendation:<\/strong> All poundages<br \/><strong>mat\u00e9riel :<\/strong> Aluminum<br \/><strong>Pocket fitting:<\/strong> ILF<\/p>","protected":false},"featured_media":449630,"comment_status":"open","ping_status":"closed","template":"","meta":[],"product_brand":[817],"product_cat":[4519],"product_tag":[],"class_list":{"0":"post-398229","1":"product","2":"type-product","3":"status-publish","4":"has-post-thumbnail","6":"product_brand-decut","7":"product_cat-recurve-mittelteile-recurve-boegen","9":"first","10":"instock","11":"shipping-taxable","12":"purchasable","13":"product-type-variable"},"_links":{"self":[{"href":"https:\/\/bogensportdiscount.ch\/fr\/wp-json\/wp\/v2\/product\/398229","targetHints":{"allow":["GET"]}}],"collection":[{"href":"https:\/\/bogensportdiscount.ch\/fr\/wp-json\/wp\/v2\/product"}],"about":[{"href":"https:\/\/bogensportdiscount.ch\/fr\/wp-json\/wp\/v2\/types\/product"}],"replies":[{"embeddable":true,"href":"https:\/\/bogensportdiscount.ch\/fr\/wp-json\/wp\/v2\/comments?post=398229"}],"wp:featuredmedia":[{"embeddable":true,"href":"https:\/\/bogensportdiscount.ch\/fr\/wp-json\/wp\/v2\/media\/449630"}],"wp:attachment":[{"href":"https:\/\/bogensportdiscount.ch\/fr\/wp-json\/wp\/v2\/media?parent=398229"}],"wp:term":[{"taxonomy":"product_brand","embeddable":true,"href":"https:\/\/bogensportdiscount.ch\/fr\/wp-json\/wp\/v2\/product_brand?post=398229"},{"taxonomy":"product_cat","embeddable":true,"href":"https:\/\/bogensportdiscount.ch\/fr\/wp-json\/wp\/v2\/product_cat?post=398229"},{"taxonomy":"product_tag","embeddable":true,"href":"https:\/\/bogensportdiscount.ch\/fr\/wp-json\/wp\/v2\/product_tag?post=398229"}],"curies":[{"name":"wp","href":"https:\/\/api.w.org\/{rel}","templated":true}]}}