{"id":398206,"date":"2026-04-05T14:40:34","date_gmt":"2026-04-05T12:40:34","guid":{"rendered":"https:\/\/bogensportdiscount.ch\/produkt\/limbs-engage-ilf-fiber-wood-25-66-12-lbs-23-64-14-lbs\/"},"modified":"2026-04-17T13:45:21","modified_gmt":"2026-04-17T11:45:21","slug":"kinetic-wurfarme-engage-ilf-fiber-wood-25","status":"publish","type":"product","link":"https:\/\/bogensportdiscount.ch\/fr\/produit\/kinetic-wurfarme-engage-ilf-fiber-wood-25\/","title":{"rendered":"KINETIC LIMBS ENGAGE ILF FIBER\/WOOD 25\u2033 LBS"},"content":{"rendered":"<p>Die KINETIC Engage ILF Wurfarme in der 25&#8243;-Ausf\u00fchrung sind f\u00fcr ILF-kompatible Recurvebogen-Griffe ausgelegt. Das Fiber\/Wood-Material kombiniert die D\u00e4mpfungseigenschaften von Holz mit der Stabilit\u00e4t von Fiberglas-Lagen.<\/p>\n<p>Die Wurfarme sind in zahlreichen Zuggewichts-Varianten erh\u00e4ltlich \u2013 von leichten 12 lbs bis hin zu 42 lbs \u2013 und decken damit ein breites Spektrum f\u00fcr Einsteiger und fortgeschrittene Sch\u00fctzen ab. Die ILF-Verbindung erm\u00f6glicht eine einfache Montage und den Wechsel zwischen verschiedenen ILF-Griffen.<\/p>\n<ul>\n<li>ILF-kompatibler Anschluss<\/li>\n<li>Material: Fiber\/Wood-Konstruktion<\/li>\n<li>L\u00e4nge: 25&#8243;<\/li>\n<li>Zuggewichte von 12 bis 42 lbs verf\u00fcgbar<\/li>\n<\/ul>","protected":false},"excerpt":{"rendered":"<table>\n<tr>\n<th>Propri\u00e9t\u00e9<\/th>\n<th>Valeur<\/th>\n<\/tr>\n<tr>\n<td>Marque<\/td>\n<td>Kinetic<\/td>\n<\/tr>\n<tr>\n<td>Mat\u00e9riau<\/td>\n<td>Fiber\/Wood<\/td>\n<\/tr>\n<tr>\n<td>Longueur<\/td>\n<td>25&#8243;<\/td>\n<\/tr>\n<tr>\n<td>System<\/td>\n<td>ILF<\/td>\n<\/tr>\n<tr>\n<td>Origine<\/td>\n<td>China<\/td>\n<\/tr>\n<\/table>","protected":false},"featured_media":449628,"comment_status":"open","ping_status":"closed","template":"","meta":[],"product_brand":[439],"product_cat":[4520],"product_tag":[],"class_list":{"0":"post-398206","1":"product","2":"type-product","3":"status-publish","4":"has-post-thumbnail","6":"product_brand-kinetic","7":"product_cat-recurve-wurfarme-recurve-boegen","9":"first","10":"instock","11":"shipping-taxable","12":"purchasable","13":"product-type-variable"},"_links":{"self":[{"href":"https:\/\/bogensportdiscount.ch\/fr\/wp-json\/wp\/v2\/product\/398206","targetHints":{"allow":["GET"]}}],"collection":[{"href":"https:\/\/bogensportdiscount.ch\/fr\/wp-json\/wp\/v2\/product"}],"about":[{"href":"https:\/\/bogensportdiscount.ch\/fr\/wp-json\/wp\/v2\/types\/product"}],"replies":[{"embeddable":true,"href":"https:\/\/bogensportdiscount.ch\/fr\/wp-json\/wp\/v2\/comments?post=398206"}],"wp:featuredmedia":[{"embeddable":true,"href":"https:\/\/bogensportdiscount.ch\/fr\/wp-json\/wp\/v2\/media\/449628"}],"wp:attachment":[{"href":"https:\/\/bogensportdiscount.ch\/fr\/wp-json\/wp\/v2\/media?parent=398206"}],"wp:term":[{"taxonomy":"product_brand","embeddable":true,"href":"https:\/\/bogensportdiscount.ch\/fr\/wp-json\/wp\/v2\/product_brand?post=398206"},{"taxonomy":"product_cat","embeddable":true,"href":"https:\/\/bogensportdiscount.ch\/fr\/wp-json\/wp\/v2\/product_cat?post=398206"},{"taxonomy":"product_tag","embeddable":true,"href":"https:\/\/bogensportdiscount.ch\/fr\/wp-json\/wp\/v2\/product_tag?post=398206"}],"curies":[{"name":"wp","href":"https:\/\/api.w.org\/{rel}","templated":true}]}}