{"id":398118,"date":"2026-04-05T14:40:27","date_gmt":"2026-04-05T12:40:27","guid":{"rendered":"https:\/\/bogensportdiscount.ch\/produkt\/target-quivers-a3-3tubes-with-side-pocket-and-hook-ambidex-blue\/"},"modified":"2026-05-14T15:25:44","modified_gmt":"2026-05-14T13:25:44","slug":"avalon-target-koecher-a3-3-tubes-seitentasche-haken-ambidex","status":"publish","type":"product","link":"https:\/\/bogensportdiscount.ch\/fr\/produit\/avalon-target-koecher-a3-3-tubes-seitentasche-haken-ambidex\/","title":{"rendered":"AVALON CARQUOIS DE CIBLE A3 3TUBES AVEC POCHE LAT\u00c9RALE ET CROCHET AMBIDEX."},"content":{"rendered":"<p>L'AVALON A3 est un carquois de cible avec trois tubes, con\u00e7u sp\u00e9cialement pour une utilisation dans le tir \u00e0 l'arc de comp\u00e9tition. Gr\u00e2ce \u00e0 sa conception ambidextre, il peut \u00eatre utilis\u00e9 aussi bien par les droitiers que par les gauchers sans n\u00e9cessiter d'adaptation.<\/p>\n<p>La poche lat\u00e9rale int\u00e9gr\u00e9e offre un espace de rangement suppl\u00e9mentaire pour les accessoires tels que les palettes, les outils ou les pi\u00e8ces de rechange. Le crochet fourni permet une fixation facile sur la cible ou un support.<\/p>\n<ul>\n<li>3 tubes pour le rangement des fl\u00e8ches<\/li>\n<li>Poche lat\u00e9rale pour accessoires<\/li>\n<li>Crochet pour la fixation<\/li>\n<li>Conception ambidextre \u2013 convient aux droitiers et aux gauchers<\/li>\n<\/ul>","protected":false},"excerpt":{"rendered":"<table>\n<tr>\n<th>Propri\u00e9t\u00e9<\/th>\n<th>Valeur<\/th>\n<\/tr>\n<tr>\n<td>Marque<\/td>\n<td>Avalon<\/td>\n<\/tr>\n<tr>\n<td>Pays d'origine<\/td>\n<td>Chine<\/td>\n<\/tr>\n<\/table>","protected":false},"featured_media":449620,"comment_status":"open","ping_status":"closed","template":"","meta":[],"product_brand":[449],"product_cat":[4284],"product_tag":[],"class_list":{"0":"post-398118","1":"product","2":"type-product","3":"status-publish","4":"has-post-thumbnail","6":"product_brand-avalon","7":"product_cat-seitenkoecher","8":"product_shipping_class-bsd-standard","10":"first","11":"instock","12":"shipping-taxable","13":"purchasable","14":"product-type-variable"},"yoast_head":"<!-- This site is optimized with the Yoast SEO plugin v27.6 - https:\/\/yoast.com\/product\/yoast-seo-wordpress\/ -->\n<title>AVALON ZIELK\u00d6CHER A3 3TUBES MIT SEITENTASCHE UND HAKEN AMBIDEX. - Bogensportdiscount \u2013 B\u00f6gen, Pfeile, Targets &amp; Zubeh\u00f6r<\/title>\n<meta name=\"description\" content=\"AVALON ZIELK\u00d6CHER A3 3TUBES MIT SEITENTASCHE UND HAKEN AMBIDEX. g\u00fcnstig kaufen bei Bogensportdiscount \u2013 Top-Marken, schneller Versand aus der Schweiz.\" \/>\n<meta name=\"robots\" content=\"index, follow, max-snippet:-1, max-image-preview:large, max-video-preview:-1\" \/>\n<link rel=\"canonical\" href=\"https:\/\/bogensportdiscount.ch\/fr\/produit\/avalon-target-koecher-a3-3-tubes-seitentasche-haken-ambidex\/\" \/>\n<meta property=\"og:locale\" content=\"fr_FR\" \/>\n<meta property=\"og:type\" content=\"article\" \/>\n<meta property=\"og:title\" content=\"AVALON ZIELK\u00d6CHER A3 3TUBES MIT SEITENTASCHE UND HAKEN AMBIDEX. - Bogensportdiscount \u2013 B\u00f6gen, Pfeile, Targets &amp; Zubeh\u00f6r\" \/>\n<meta property=\"og:description\" content=\"AVALON ZIELK\u00d6CHER A3 3TUBES MIT SEITENTASCHE UND HAKEN AMBIDEX. g\u00fcnstig kaufen bei Bogensportdiscount \u2013 Top-Marken, schneller Versand aus der Schweiz.\" \/>\n<meta property=\"og:url\" content=\"https:\/\/bogensportdiscount.ch\/fr\/produit\/avalon-target-koecher-a3-3-tubes-seitentasche-haken-ambidex\/\" \/>\n<meta property=\"og:site_name\" content=\"Bogensportdiscount \u2013 B\u00f6gen, Pfeile, Targets &amp; Zubeh\u00f6r\" \/>\n<meta property=\"article:modified_time\" content=\"2026-05-14T13:25:44+00:00\" \/>\n<meta property=\"og:image\" content=\"https:\/\/bogensportdiscount.ch\/wp-content\/uploads\/bsm-images\/A019638_1.png\" \/>\n\t<meta property=\"og:image:width\" content=\"1419\" \/>\n\t<meta property=\"og:image:height\" content=\"1340\" \/>\n\t<meta property=\"og:image:type\" content=\"image\/png\" \/>\n<meta name=\"twitter:card\" content=\"summary_large_image\" \/>\n<script type=\"application\/ld+json\" class=\"yoast-schema-graph\">{\"@context\":\"https:\\\/\\\/schema.org\",\"@graph\":[{\"@type\":\"WebPage\",\"@id\":\"https:\\\/\\\/bogensportdiscount.ch\\\/produkt\\\/avalon-target-koecher-a3-3-tubes-seitentasche-haken-ambidex\\\/\",\"url\":\"https:\\\/\\\/bogensportdiscount.ch\\\/produkt\\\/avalon-target-koecher-a3-3-tubes-seitentasche-haken-ambidex\\\/\",\"name\":\"AVALON ZIELK\u00d6CHER A3 3TUBES MIT SEITENTASCHE UND HAKEN AMBIDEX. - Bogensportdiscount \u2013 B\u00f6gen, Pfeile, Targets &amp; Zubeh\u00f6r\",\"isPartOf\":{\"@id\":\"https:\\\/\\\/bogensportdiscount.ch\\\/#website\"},\"primaryImageOfPage\":{\"@id\":\"https:\\\/\\\/bogensportdiscount.ch\\\/produkt\\\/avalon-target-koecher-a3-3-tubes-seitentasche-haken-ambidex\\\/#primaryimage\"},\"image\":{\"@id\":\"https:\\\/\\\/bogensportdiscount.ch\\\/produkt\\\/avalon-target-koecher-a3-3-tubes-seitentasche-haken-ambidex\\\/#primaryimage\"},\"thumbnailUrl\":\"https:\\\/\\\/bogensportdiscount.ch\\\/wp-content\\\/uploads\\\/bsm-images\\\/A019638_1.png\",\"datePublished\":\"2026-04-05T12:40:27+00:00\",\"dateModified\":\"2026-05-14T13:25:44+00:00\",\"description\":\"AVALON ZIELK\u00d6CHER A3 3TUBES MIT SEITENTASCHE UND HAKEN AMBIDEX. g\u00fcnstig kaufen bei Bogensportdiscount \u2013 Top-Marken, schneller Versand aus der Schweiz.\",\"breadcrumb\":{\"@id\":\"https:\\\/\\\/bogensportdiscount.ch\\\/produkt\\\/avalon-target-koecher-a3-3-tubes-seitentasche-haken-ambidex\\\/#breadcrumb\"},\"inLanguage\":\"fr-FR\",\"potentialAction\":[{\"@type\":\"ReadAction\",\"target\":[\"https:\\\/\\\/bogensportdiscount.ch\\\/produkt\\\/avalon-target-koecher-a3-3-tubes-seitentasche-haken-ambidex\\\/\"]}]},{\"@type\":\"ImageObject\",\"inLanguage\":\"fr-FR\",\"@id\":\"https:\\\/\\\/bogensportdiscount.ch\\\/produkt\\\/avalon-target-koecher-a3-3-tubes-seitentasche-haken-ambidex\\\/#primaryimage\",\"url\":\"https:\\\/\\\/bogensportdiscount.ch\\\/wp-content\\\/uploads\\\/bsm-images\\\/A019638_1.png\",\"contentUrl\":\"https:\\\/\\\/bogensportdiscount.ch\\\/wp-content\\\/uploads\\\/bsm-images\\\/A019638_1.png\",\"width\":1419,\"height\":1340},{\"@type\":\"BreadcrumbList\",\"@id\":\"https:\\\/\\\/bogensportdiscount.ch\\\/produkt\\\/avalon-target-koecher-a3-3-tubes-seitentasche-haken-ambidex\\\/#breadcrumb\",\"itemListElement\":[{\"@type\":\"ListItem\",\"position\":1,\"name\":\"Home\",\"item\":\"https:\\\/\\\/bogensportdiscount.ch\\\/\"},{\"@type\":\"ListItem\",\"position\":2,\"name\":\"Shop\",\"item\":\"https:\\\/\\\/bogensportdiscount.ch\\\/shop\\\/\"},{\"@type\":\"ListItem\",\"position\":3,\"name\":\"AVALON TARGET QUIVERS A3 3TUBES WITH SIDE POCKET AND HOOK AMBIDEX.\"}]},{\"@type\":\"WebSite\",\"@id\":\"https:\\\/\\\/bogensportdiscount.ch\\\/#website\",\"url\":\"https:\\\/\\\/bogensportdiscount.ch\\\/\",\"name\":\"Bogensportdiscount\",\"description\":\"\",\"potentialAction\":[{\"@type\":\"SearchAction\",\"target\":{\"@type\":\"EntryPoint\",\"urlTemplate\":\"https:\\\/\\\/bogensportdiscount.ch\\\/?s={search_term_string}\"},\"query-input\":{\"@type\":\"PropertyValueSpecification\",\"valueRequired\":true,\"valueName\":\"search_term_string\"}}],\"inLanguage\":\"fr-FR\"}]}<\/script>\n<!-- \/ Yoast SEO plugin. -->","yoast_head_json":{"title":"AVALON ZIELK\u00d6CHER A3 3TUBES MIT SEITENTASCHE UND HAKEN AMBIDEX. - Bogensportdiscount \u2013 B\u00f6gen, Pfeile, Targets &amp; Zubeh\u00f6r","description":"AVALON ZIELK\u00d6CHER A3 3TUBES MIT SEITENTASCHE UND HAKEN AMBIDEX. g\u00fcnstig kaufen bei Bogensportdiscount \u2013 Top-Marken, schneller Versand aus der Schweiz.","robots":{"index":"index","follow":"follow","max-snippet":"max-snippet:-1","max-image-preview":"max-image-preview:large","max-video-preview":"max-video-preview:-1"},"canonical":"https:\/\/bogensportdiscount.ch\/fr\/produit\/avalon-target-koecher-a3-3-tubes-seitentasche-haken-ambidex\/","og_locale":"fr_FR","og_type":"article","og_title":"AVALON ZIELK\u00d6CHER A3 3TUBES MIT SEITENTASCHE UND HAKEN AMBIDEX. - Bogensportdiscount \u2013 B\u00f6gen, Pfeile, Targets &amp; Zubeh\u00f6r","og_description":"AVALON ZIELK\u00d6CHER A3 3TUBES MIT SEITENTASCHE UND HAKEN AMBIDEX. g\u00fcnstig kaufen bei Bogensportdiscount \u2013 Top-Marken, schneller Versand aus der Schweiz.","og_url":"https:\/\/bogensportdiscount.ch\/fr\/produit\/avalon-target-koecher-a3-3-tubes-seitentasche-haken-ambidex\/","og_site_name":"Bogensportdiscount \u2013 B\u00f6gen, Pfeile, Targets &amp; Zubeh\u00f6r","article_modified_time":"2026-05-14T13:25:44+00:00","og_image":[{"width":1419,"height":1340,"url":"https:\/\/bogensportdiscount.ch\/wp-content\/uploads\/bsm-images\/A019638_1.png","type":"image\/png"}],"twitter_card":"summary_large_image","schema":{"@context":"https:\/\/schema.org","@graph":[{"@type":"WebPage","@id":"https:\/\/bogensportdiscount.ch\/produkt\/avalon-target-koecher-a3-3-tubes-seitentasche-haken-ambidex\/","url":"https:\/\/bogensportdiscount.ch\/produkt\/avalon-target-koecher-a3-3-tubes-seitentasche-haken-ambidex\/","name":"AVALON ZIELK\u00d6CHER A3 3TUBES MIT SEITENTASCHE UND HAKEN AMBIDEX. - Bogensportdiscount \u2013 B\u00f6gen, Pfeile, Targets &amp; Zubeh\u00f6r","isPartOf":{"@id":"https:\/\/bogensportdiscount.ch\/#website"},"primaryImageOfPage":{"@id":"https:\/\/bogensportdiscount.ch\/produkt\/avalon-target-koecher-a3-3-tubes-seitentasche-haken-ambidex\/#primaryimage"},"image":{"@id":"https:\/\/bogensportdiscount.ch\/produkt\/avalon-target-koecher-a3-3-tubes-seitentasche-haken-ambidex\/#primaryimage"},"thumbnailUrl":"https:\/\/bogensportdiscount.ch\/wp-content\/uploads\/bsm-images\/A019638_1.png","datePublished":"2026-04-05T12:40:27+00:00","dateModified":"2026-05-14T13:25:44+00:00","description":"AVALON ZIELK\u00d6CHER A3 3TUBES MIT SEITENTASCHE UND HAKEN AMBIDEX. g\u00fcnstig kaufen bei Bogensportdiscount \u2013 Top-Marken, schneller Versand aus der Schweiz.","breadcrumb":{"@id":"https:\/\/bogensportdiscount.ch\/produkt\/avalon-target-koecher-a3-3-tubes-seitentasche-haken-ambidex\/#breadcrumb"},"inLanguage":"fr-FR","potentialAction":[{"@type":"ReadAction","target":["https:\/\/bogensportdiscount.ch\/produkt\/avalon-target-koecher-a3-3-tubes-seitentasche-haken-ambidex\/"]}]},{"@type":"ImageObject","inLanguage":"fr-FR","@id":"https:\/\/bogensportdiscount.ch\/produkt\/avalon-target-koecher-a3-3-tubes-seitentasche-haken-ambidex\/#primaryimage","url":"https:\/\/bogensportdiscount.ch\/wp-content\/uploads\/bsm-images\/A019638_1.png","contentUrl":"https:\/\/bogensportdiscount.ch\/wp-content\/uploads\/bsm-images\/A019638_1.png","width":1419,"height":1340},{"@type":"BreadcrumbList","@id":"https:\/\/bogensportdiscount.ch\/produkt\/avalon-target-koecher-a3-3-tubes-seitentasche-haken-ambidex\/#breadcrumb","itemListElement":[{"@type":"ListItem","position":1,"name":"Home","item":"https:\/\/bogensportdiscount.ch\/"},{"@type":"ListItem","position":2,"name":"Shop","item":"https:\/\/bogensportdiscount.ch\/shop\/"},{"@type":"ListItem","position":3,"name":"AVALON TARGET QUIVERS A3 3TUBES WITH SIDE POCKET AND HOOK AMBIDEX."}]},{"@type":"WebSite","@id":"https:\/\/bogensportdiscount.ch\/#website","url":"https:\/\/bogensportdiscount.ch\/","name":"Bogensportdiscount","description":"","potentialAction":[{"@type":"SearchAction","target":{"@type":"EntryPoint","urlTemplate":"https:\/\/bogensportdiscount.ch\/?s={search_term_string}"},"query-input":{"@type":"PropertyValueSpecification","valueRequired":true,"valueName":"search_term_string"}}],"inLanguage":"fr-FR"}]}},"_links":{"self":[{"href":"https:\/\/bogensportdiscount.ch\/fr\/wp-json\/wp\/v2\/product\/398118","targetHints":{"allow":["GET"]}}],"collection":[{"href":"https:\/\/bogensportdiscount.ch\/fr\/wp-json\/wp\/v2\/product"}],"about":[{"href":"https:\/\/bogensportdiscount.ch\/fr\/wp-json\/wp\/v2\/types\/product"}],"replies":[{"embeddable":true,"href":"https:\/\/bogensportdiscount.ch\/fr\/wp-json\/wp\/v2\/comments?post=398118"}],"wp:featuredmedia":[{"embeddable":true,"href":"https:\/\/bogensportdiscount.ch\/fr\/wp-json\/wp\/v2\/media\/449620"}],"wp:attachment":[{"href":"https:\/\/bogensportdiscount.ch\/fr\/wp-json\/wp\/v2\/media?parent=398118"}],"wp:term":[{"taxonomy":"product_brand","embeddable":true,"href":"https:\/\/bogensportdiscount.ch\/fr\/wp-json\/wp\/v2\/product_brand?post=398118"},{"taxonomy":"product_cat","embeddable":true,"href":"https:\/\/bogensportdiscount.ch\/fr\/wp-json\/wp\/v2\/product_cat?post=398118"},{"taxonomy":"product_tag","embeddable":true,"href":"https:\/\/bogensportdiscount.ch\/fr\/wp-json\/wp\/v2\/product_tag?post=398118"}],"curies":[{"name":"wp","href":"https:\/\/api.w.org\/{rel}","templated":true}]}}