{"id":398115,"date":"2026-04-05T14:40:27","date_gmt":"2026-04-05T12:40:27","guid":{"rendered":"https:\/\/bogensportdiscount.ch\/produkt\/innerfit-nocks-launchpad-244-clear-green-12-pk\/"},"modified":"2026-04-17T13:45:20","modified_gmt":"2026-04-17T11:45:20","slug":"carbonexpress-innennocke-launchpad-244-clear","status":"publish","type":"product","link":"https:\/\/bogensportdiscount.ch\/fr\/produit\/carbonexpress-innennocke-launchpad-244-clear\/","title":{"rendered":"CARBONEXPRESS INNERFIT NOCKS LAUNCHPAD .244 12\/PK"},"content":{"rendered":"<p>Die CARBONEXPRESS Launchpad Innerfit Nocken (.244&#8243;) sind Innennocken, die direkt in den Pfeilschaft eingesetzt werden. Der Innendurchmesser von .244&#8243; macht sie kompatibel mit den entsprechenden Carbon-Express-Pfeilsch\u00e4ften, die dieses Passmasss erfordern.<\/p>\n<p>Innennocken bieten eine saubere Verbindung zwischen Pfeilschaft und Bogensehne und sch\u00fctzen gleichzeitig das Pfeilende. Die Clear-Ausf\u00fchrung erm\u00f6glicht eine einfache Sichtkontrolle der Passgenauigkeit.<\/p>\n<ul>\n<li>Innendurchmesser: .244&#8243;<\/li>\n<li>Passend f\u00fcr kompatible Carbon-Express-Pfeilsch\u00e4fte<\/li>\n<li>Erh\u00e4ltlich in Green und Orange<\/li>\n<li>Hergestellt in S\u00fcdkorea<\/li>\n<\/ul>","protected":false},"excerpt":{"rendered":"<p>Die CARBONEXPRESS Launchpad Innerfit Nocken mit einem Innendurchmesser von .244&#8243; sind als Innennocken f\u00fcr kompatible Carbon-Express-Pfeile ausgelegt. Sie sind in der Ausf\u00fchrung Clear erh\u00e4ltlich und in den Farben Green sowie Orange verf\u00fcgbar.<\/p>","protected":false},"featured_media":449618,"comment_status":"open","ping_status":"closed","template":"","meta":[],"product_brand":[438],"product_cat":[4238],"product_tag":[],"class_list":{"0":"post-398115","1":"product","2":"type-product","3":"status-publish","4":"has-post-thumbnail","6":"product_brand-carbonexpress","7":"product_cat-innere-nocken","9":"first","10":"instock","11":"shipping-taxable","12":"purchasable","13":"product-type-variable"},"_links":{"self":[{"href":"https:\/\/bogensportdiscount.ch\/fr\/wp-json\/wp\/v2\/product\/398115","targetHints":{"allow":["GET"]}}],"collection":[{"href":"https:\/\/bogensportdiscount.ch\/fr\/wp-json\/wp\/v2\/product"}],"about":[{"href":"https:\/\/bogensportdiscount.ch\/fr\/wp-json\/wp\/v2\/types\/product"}],"replies":[{"embeddable":true,"href":"https:\/\/bogensportdiscount.ch\/fr\/wp-json\/wp\/v2\/comments?post=398115"}],"wp:featuredmedia":[{"embeddable":true,"href":"https:\/\/bogensportdiscount.ch\/fr\/wp-json\/wp\/v2\/media\/449618"}],"wp:attachment":[{"href":"https:\/\/bogensportdiscount.ch\/fr\/wp-json\/wp\/v2\/media?parent=398115"}],"wp:term":[{"taxonomy":"product_brand","embeddable":true,"href":"https:\/\/bogensportdiscount.ch\/fr\/wp-json\/wp\/v2\/product_brand?post=398115"},{"taxonomy":"product_cat","embeddable":true,"href":"https:\/\/bogensportdiscount.ch\/fr\/wp-json\/wp\/v2\/product_cat?post=398115"},{"taxonomy":"product_tag","embeddable":true,"href":"https:\/\/bogensportdiscount.ch\/fr\/wp-json\/wp\/v2\/product_tag?post=398115"}],"curies":[{"name":"wp","href":"https:\/\/api.w.org\/{rel}","templated":true}]}}