{"id":398035,"date":"2026-04-05T14:40:18","date_gmt":"2026-04-05T12:40:18","guid":{"rendered":"https:\/\/bogensportdiscount.ch\/produkt\/shaft-carbon-nano-pro-rz-350-12-pk\/"},"modified":"2026-04-19T11:53:50","modified_gmt":"2026-04-19T09:53:50","slug":"carbonexpress-schaft-carbon-nano-pro-rz","status":"publish","type":"product","link":"https:\/\/bogensportdiscount.ch\/fr\/produit\/carbonexpress-schaft-carbon-nano-pro-rz\/","title":{"rendered":"CARBONEXPRESS SCHAFT CARBON NANO-PRO RZ 12\/PK"},"content":{"rendered":"<p>Der CARBONEXPRESS Carbon Nano-Pro RZ ist ein hochwertiger Carbon-Schaft f\u00fcr Bogensch\u00fctzen, die Wert auf Zuverl\u00e4ssigkeit und Konsistenz legen. Mit sieben verschiedenen Spine-Optionen (350 bis 650) passt dieser Schaft zu einer breiten Palette von B\u00f6gen und Auszugsl\u00e4ngen.<\/p>\n<p>Der Carbon Nano-Pro RZ bietet die bew\u00e4hrte Qualit\u00e4t von Carbon Express und eignet sich sowohl f\u00fcr Trainings- als auch f\u00fcr Wettkampfanwendungen. Die Auswahl der richtigen Spine-Gr\u00f6sse ist entscheidend f\u00fcr optimale Flugbahn und Genauigkeit.<\/p>","protected":false},"excerpt":{"rendered":"<table>\n<tr>\n<th>Propri\u00e9t\u00e9<\/th>\n<th>Valeur<\/th>\n<\/tr>\n<tr>\n<td>Marque<\/td>\n<td>Carbon Express<\/td>\n<\/tr>\n<tr>\n<td>Mod\u00e8le<\/td>\n<td>Carbon Nano-Pro RZ<\/td>\n<\/tr>\n<tr>\n<td>Verf\u00fcgbare Spine-Gr\u00f6ssen<\/td>\n<td>350, 400, 450, 500, 550, 600, 650<\/td>\n<\/tr>\n<tr>\n<td>Pays d'origine<\/td>\n<td>Cor\u00e9e du Sud<\/td>\n<\/tr>\n<\/table>","protected":false},"featured_media":452476,"comment_status":"open","ping_status":"closed","template":"","meta":[],"product_brand":[438],"product_cat":[4236],"product_tag":[],"class_list":{"0":"post-398035","1":"product","2":"type-product","3":"status-publish","4":"has-post-thumbnail","6":"product_brand-carbonexpress","7":"product_cat-carbon-schaefte","9":"first","10":"outofstock","11":"shipping-taxable","12":"purchasable","13":"product-type-variable"},"_links":{"self":[{"href":"https:\/\/bogensportdiscount.ch\/fr\/wp-json\/wp\/v2\/product\/398035","targetHints":{"allow":["GET"]}}],"collection":[{"href":"https:\/\/bogensportdiscount.ch\/fr\/wp-json\/wp\/v2\/product"}],"about":[{"href":"https:\/\/bogensportdiscount.ch\/fr\/wp-json\/wp\/v2\/types\/product"}],"replies":[{"embeddable":true,"href":"https:\/\/bogensportdiscount.ch\/fr\/wp-json\/wp\/v2\/comments?post=398035"}],"wp:featuredmedia":[{"embeddable":true,"href":"https:\/\/bogensportdiscount.ch\/fr\/wp-json\/wp\/v2\/media\/452476"}],"wp:attachment":[{"href":"https:\/\/bogensportdiscount.ch\/fr\/wp-json\/wp\/v2\/media?parent=398035"}],"wp:term":[{"taxonomy":"product_brand","embeddable":true,"href":"https:\/\/bogensportdiscount.ch\/fr\/wp-json\/wp\/v2\/product_brand?post=398035"},{"taxonomy":"product_cat","embeddable":true,"href":"https:\/\/bogensportdiscount.ch\/fr\/wp-json\/wp\/v2\/product_cat?post=398035"},{"taxonomy":"product_tag","embeddable":true,"href":"https:\/\/bogensportdiscount.ch\/fr\/wp-json\/wp\/v2\/product_tag?post=398035"}],"curies":[{"name":"wp","href":"https:\/\/api.w.org\/{rel}","templated":true}]}}