{"id":398012,"date":"2026-04-05T14:40:15","date_gmt":"2026-04-05T12:40:15","guid":{"rendered":"https:\/\/bogensportdiscount.ch\/produkt\/hamskea-insight-peep-kit-1-32-3-64-1-16-3-32-1-8-5-32\/"},"modified":"2026-04-19T11:53:50","modified_gmt":"2026-04-19T09:53:50","slug":"hamskea-insight-peep-kit-1-32-3-64-1-16-3-32-1-8-5-32","status":"publish","type":"product","link":"https:\/\/bogensportdiscount.ch\/fr\/produit\/hamskea-insight-peep-kit-1-32-3-64-1-16-3-32-1-8-5-32\/","title":{"rendered":"HAMSKEA INSIGHT PEEP SET 1\/32\u2033-3\/64\u2033-1\/16\u2033-3\/32\u2033-1\/8\u2033-5\/32"},"content":{"rendered":"<p>Le kit HAMSKEA Insight Peep est un ensemble complet de viseurs Peep pour arcs \u00e0 poulies. Il comprend six tailles d&#x27;ouverture diff\u00e9rentes \u2013 de 1\/32\u2033 \u00e0 5\/32\u2033 \u2013 ce qui permet au tireur de choisir la variante adapt\u00e9e \u00e0 sa vue, \u00e0 sa longueur de tirage et aux conditions de luminosit\u00e9 du moment.<\/p>\n<p>Les viseurs \u00e0 \u0153illeton s&#x27;int\u00e8grent dans la corde de l&#x27;arc et servent de viseur arri\u00e8re : l&#x27;ouverture circulaire permet d&#x27;aligner le viseur avant, ce qui garantit une vis\u00e9e pr\u00e9cise et reproductible. Le choix de la bonne taille d&#x27;ouverture influence \u00e0 la fois le champ de vision et la nettet\u00e9 lors de la vis\u00e9e.<\/p>\n<ul>\n<li>Six tailles d&#x27;ouverture fournies : 1\/32\u2033, 3\/64\u2033, 1\/16\u2033, 3\/32\u2033, 1\/8\u2033, 5\/32\u2033<\/li>\n<li>Convient \u00e0 diff\u00e9rents besoins visuels et conditions d&#x27;\u00e9clairage<\/li>\n<li>Fabriqu\u00e9 aux \u00c9tats-Unis<\/li>\n<li>Par HAMSKEA \u2013 r\u00e9put\u00e9 pour ses accessoires de pr\u00e9cision pour arcs \u00e0 poulies<\/li>\n<\/ul>","protected":false},"excerpt":{"rendered":"<p>Le kit HAMSKEA Insight Peep contient plusieurs ouvertures de vis\u00e9e de diff\u00e9rentes tailles (1\/32\u2033, 3\/64\u2033, 1\/16\u2033, 3\/32\u2033, 1\/8\u2033, 5\/32\u2033) et offre ainsi des possibilit\u00e9s d&#x27;ajustement flexibles pour r\u00e9pondre \u00e0 diff\u00e9rents besoins visuels et conditions d&#x27;\u00e9clairage. Le kit te permet de trouver la taille d&#x27;ouverture optimale pour ton syst\u00e8me de tir.<\/p>","protected":false},"featured_media":449607,"comment_status":"open","ping_status":"closed","template":"","meta":[],"product_brand":[465],"product_cat":[4227],"product_tag":[],"class_list":{"0":"post-398012","1":"product","2":"type-product","3":"status-publish","4":"has-post-thumbnail","6":"product_brand-hamskea","7":"product_cat-complete","9":"first","10":"instock","11":"shipping-taxable","12":"purchasable","13":"product-type-variable"},"yoast_head":"<!-- This site is optimized with the Yoast SEO plugin v27.4 - https:\/\/yoast.com\/product\/yoast-seo-wordpress\/ -->\n<title>HAMSKEA INSIGHT PEEP SET 1\/32&quot;-3\/64&quot;-1\/16&quot;-3\/32&quot;-1\/8&quot;-5\/32 - Bogensportdiscount \u2013 B\u00f6gen, Pfeile, Targets &amp; Zubeh\u00f6r<\/title>\n<meta name=\"robots\" content=\"noindex, follow, max-snippet:-1, max-image-preview:large, max-video-preview:-1\" \/>\n<meta property=\"og:locale\" content=\"fr_FR\" \/>\n<meta property=\"og:type\" content=\"article\" \/>\n<meta property=\"og:title\" content=\"HAMSKEA INSIGHT PEEP SET 1\/32&quot;-3\/64&quot;-1\/16&quot;-3\/32&quot;-1\/8&quot;-5\/32 - Bogensportdiscount \u2013 B\u00f6gen, Pfeile, Targets &amp; Zubeh\u00f6r\" \/>\n<meta property=\"og:description\" content=\"Das HAMSKEA Insight Peep Kit enth\u00e4lt mehrere Peep-Sight-\u00d6ffnungen in verschiedenen Gr\u00f6ssen (1\/32&quot;, 3\/64&quot;, 1\/16&quot;, 3\/32&quot;, 1\/8&quot;, 5\/32&quot;) und bietet damit flexible Anpassungsm\u00f6glichkeiten f\u00fcr unterschiedliche Sehbed\u00fcrfnisse und Lichtverh\u00e4ltnisse. Das Kit erm\u00f6glicht es, die optimale \u00d6ffnungsgr\u00f6sse f\u00fcr das eigene Schiesssystem zu finden.\" \/>\n<meta property=\"og:url\" content=\"https:\/\/bogensportdiscount.ch\/fr\/produit\/hamskea-insight-peep-kit-1-32-3-64-1-16-3-32-1-8-5-32\/\" \/>\n<meta property=\"og:site_name\" content=\"Bogensportdiscount \u2013 B\u00f6gen, Pfeile, Targets &amp; Zubeh\u00f6r\" \/>\n<meta property=\"article:modified_time\" content=\"2026-04-19T09:53:50+00:00\" \/>\n<meta property=\"og:image\" content=\"https:\/\/bogensportdiscount.ch\/wp-content\/uploads\/bsm-images\/A019272_1.png\" \/>\n\t<meta property=\"og:image:width\" content=\"974\" \/>\n\t<meta property=\"og:image:height\" content=\"1198\" \/>\n\t<meta property=\"og:image:type\" content=\"image\/png\" \/>\n<meta name=\"twitter:card\" content=\"summary_large_image\" \/>\n<meta name=\"twitter:label1\" content=\"Est. reading time\" \/>\n\t<meta name=\"twitter:data1\" content=\"1 minute\" \/>\n<script type=\"application\/ld+json\" class=\"yoast-schema-graph\">{\"@context\":\"https:\\\/\\\/schema.org\",\"@graph\":[{\"@type\":\"WebPage\",\"@id\":\"https:\\\/\\\/bogensportdiscount.ch\\\/fr\\\/produit\\\/hamskea-insight-peep-kit-1-32-3-64-1-16-3-32-1-8-5-32\\\/\",\"url\":\"https:\\\/\\\/bogensportdiscount.ch\\\/fr\\\/produit\\\/hamskea-insight-peep-kit-1-32-3-64-1-16-3-32-1-8-5-32\\\/\",\"name\":\"HAMSKEA INSIGHT PEEP SET 1\\\/32\\\"-3\\\/64\\\"-1\\\/16\\\"-3\\\/32\\\"-1\\\/8\\\"-5\\\/32 - Bogensportdiscount \u2013 B\u00f6gen, Pfeile, Targets &amp; Zubeh\u00f6r\",\"isPartOf\":{\"@id\":\"https:\\\/\\\/bogensportdiscount.ch\\\/#website\"},\"primaryImageOfPage\":{\"@id\":\"https:\\\/\\\/bogensportdiscount.ch\\\/fr\\\/produit\\\/hamskea-insight-peep-kit-1-32-3-64-1-16-3-32-1-8-5-32\\\/#primaryimage\"},\"image\":{\"@id\":\"https:\\\/\\\/bogensportdiscount.ch\\\/fr\\\/produit\\\/hamskea-insight-peep-kit-1-32-3-64-1-16-3-32-1-8-5-32\\\/#primaryimage\"},\"thumbnailUrl\":\"https:\\\/\\\/bogensportdiscount.ch\\\/wp-content\\\/uploads\\\/bsm-images\\\/A019272_1.png\",\"datePublished\":\"2026-04-05T12:40:15+00:00\",\"dateModified\":\"2026-04-19T09:53:50+00:00\",\"breadcrumb\":{\"@id\":\"https:\\\/\\\/bogensportdiscount.ch\\\/fr\\\/produit\\\/hamskea-insight-peep-kit-1-32-3-64-1-16-3-32-1-8-5-32\\\/#breadcrumb\"},\"inLanguage\":\"fr-FR\",\"potentialAction\":[{\"@type\":\"ReadAction\",\"target\":[\"https:\\\/\\\/bogensportdiscount.ch\\\/fr\\\/produit\\\/hamskea-insight-peep-kit-1-32-3-64-1-16-3-32-1-8-5-32\\\/\"]}]},{\"@type\":\"ImageObject\",\"inLanguage\":\"fr-FR\",\"@id\":\"https:\\\/\\\/bogensportdiscount.ch\\\/fr\\\/produit\\\/hamskea-insight-peep-kit-1-32-3-64-1-16-3-32-1-8-5-32\\\/#primaryimage\",\"url\":\"https:\\\/\\\/bogensportdiscount.ch\\\/wp-content\\\/uploads\\\/bsm-images\\\/A019272_1.png\",\"contentUrl\":\"https:\\\/\\\/bogensportdiscount.ch\\\/wp-content\\\/uploads\\\/bsm-images\\\/A019272_1.png\",\"width\":974,\"height\":1198},{\"@type\":\"BreadcrumbList\",\"@id\":\"https:\\\/\\\/bogensportdiscount.ch\\\/fr\\\/produit\\\/hamskea-insight-peep-kit-1-32-3-64-1-16-3-32-1-8-5-32\\\/#breadcrumb\",\"itemListElement\":[{\"@type\":\"ListItem\",\"position\":1,\"name\":\"Home\",\"item\":\"https:\\\/\\\/bogensportdiscount.ch\\\/\"},{\"@type\":\"ListItem\",\"position\":2,\"name\":\"Shop\",\"item\":\"https:\\\/\\\/bogensportdiscount.ch\\\/shop\\\/\"},{\"@type\":\"ListItem\",\"position\":3,\"name\":\"HAMSKEA INSIGHT PEEP SET 1\\\/32&#8243;-3\\\/64&#8243;-1\\\/16&#8243;-3\\\/32&#8243;-1\\\/8&#8243;-5\\\/32\"}]},{\"@type\":\"WebSite\",\"@id\":\"https:\\\/\\\/bogensportdiscount.ch\\\/#website\",\"url\":\"https:\\\/\\\/bogensportdiscount.ch\\\/\",\"name\":\"Bogensportdiscount\",\"description\":\"\",\"potentialAction\":[{\"@type\":\"SearchAction\",\"target\":{\"@type\":\"EntryPoint\",\"urlTemplate\":\"https:\\\/\\\/bogensportdiscount.ch\\\/?s={search_term_string}\"},\"query-input\":{\"@type\":\"PropertyValueSpecification\",\"valueRequired\":true,\"valueName\":\"search_term_string\"}}],\"inLanguage\":\"fr-FR\"}]}<\/script>\n<!-- \/ Yoast SEO plugin. -->","yoast_head_json":{"title":"HAMSKEA INSIGHT PEEP SET 1\/32\"-3\/64\"-1\/16\"-3\/32\"-1\/8\"-5\/32 - Bogensportdiscount \u2013 B\u00f6gen, Pfeile, Targets &amp; Zubeh\u00f6r","robots":{"index":"noindex","follow":"follow","max-snippet":"max-snippet:-1","max-image-preview":"max-image-preview:large","max-video-preview":"max-video-preview:-1"},"og_locale":"fr_FR","og_type":"article","og_title":"HAMSKEA INSIGHT PEEP SET 1\/32\"-3\/64\"-1\/16\"-3\/32\"-1\/8\"-5\/32 - Bogensportdiscount \u2013 B\u00f6gen, Pfeile, Targets &amp; Zubeh\u00f6r","og_description":"Das HAMSKEA Insight Peep Kit enth\u00e4lt mehrere Peep-Sight-\u00d6ffnungen in verschiedenen Gr\u00f6ssen (1\/32\", 3\/64\", 1\/16\", 3\/32\", 1\/8\", 5\/32\") und bietet damit flexible Anpassungsm\u00f6glichkeiten f\u00fcr unterschiedliche Sehbed\u00fcrfnisse und Lichtverh\u00e4ltnisse. Das Kit erm\u00f6glicht es, die optimale \u00d6ffnungsgr\u00f6sse f\u00fcr das eigene Schiesssystem zu finden.","og_url":"https:\/\/bogensportdiscount.ch\/fr\/produit\/hamskea-insight-peep-kit-1-32-3-64-1-16-3-32-1-8-5-32\/","og_site_name":"Bogensportdiscount \u2013 B\u00f6gen, Pfeile, Targets &amp; Zubeh\u00f6r","article_modified_time":"2026-04-19T09:53:50+00:00","og_image":[{"width":974,"height":1198,"url":"https:\/\/bogensportdiscount.ch\/wp-content\/uploads\/bsm-images\/A019272_1.png","type":"image\/png"}],"twitter_card":"summary_large_image","twitter_misc":{"Est. reading time":"1 minute"},"schema":{"@context":"https:\/\/schema.org","@graph":[{"@type":"WebPage","@id":"https:\/\/bogensportdiscount.ch\/fr\/produit\/hamskea-insight-peep-kit-1-32-3-64-1-16-3-32-1-8-5-32\/","url":"https:\/\/bogensportdiscount.ch\/fr\/produit\/hamskea-insight-peep-kit-1-32-3-64-1-16-3-32-1-8-5-32\/","name":"HAMSKEA INSIGHT PEEP SET 1\/32\"-3\/64\"-1\/16\"-3\/32\"-1\/8\"-5\/32 - Bogensportdiscount \u2013 B\u00f6gen, Pfeile, Targets &amp; Zubeh\u00f6r","isPartOf":{"@id":"https:\/\/bogensportdiscount.ch\/#website"},"primaryImageOfPage":{"@id":"https:\/\/bogensportdiscount.ch\/fr\/produit\/hamskea-insight-peep-kit-1-32-3-64-1-16-3-32-1-8-5-32\/#primaryimage"},"image":{"@id":"https:\/\/bogensportdiscount.ch\/fr\/produit\/hamskea-insight-peep-kit-1-32-3-64-1-16-3-32-1-8-5-32\/#primaryimage"},"thumbnailUrl":"https:\/\/bogensportdiscount.ch\/wp-content\/uploads\/bsm-images\/A019272_1.png","datePublished":"2026-04-05T12:40:15+00:00","dateModified":"2026-04-19T09:53:50+00:00","breadcrumb":{"@id":"https:\/\/bogensportdiscount.ch\/fr\/produit\/hamskea-insight-peep-kit-1-32-3-64-1-16-3-32-1-8-5-32\/#breadcrumb"},"inLanguage":"fr-FR","potentialAction":[{"@type":"ReadAction","target":["https:\/\/bogensportdiscount.ch\/fr\/produit\/hamskea-insight-peep-kit-1-32-3-64-1-16-3-32-1-8-5-32\/"]}]},{"@type":"ImageObject","inLanguage":"fr-FR","@id":"https:\/\/bogensportdiscount.ch\/fr\/produit\/hamskea-insight-peep-kit-1-32-3-64-1-16-3-32-1-8-5-32\/#primaryimage","url":"https:\/\/bogensportdiscount.ch\/wp-content\/uploads\/bsm-images\/A019272_1.png","contentUrl":"https:\/\/bogensportdiscount.ch\/wp-content\/uploads\/bsm-images\/A019272_1.png","width":974,"height":1198},{"@type":"BreadcrumbList","@id":"https:\/\/bogensportdiscount.ch\/fr\/produit\/hamskea-insight-peep-kit-1-32-3-64-1-16-3-32-1-8-5-32\/#breadcrumb","itemListElement":[{"@type":"ListItem","position":1,"name":"Home","item":"https:\/\/bogensportdiscount.ch\/"},{"@type":"ListItem","position":2,"name":"Shop","item":"https:\/\/bogensportdiscount.ch\/shop\/"},{"@type":"ListItem","position":3,"name":"HAMSKEA INSIGHT PEEP SET 1\/32&#8243;-3\/64&#8243;-1\/16&#8243;-3\/32&#8243;-1\/8&#8243;-5\/32"}]},{"@type":"WebSite","@id":"https:\/\/bogensportdiscount.ch\/#website","url":"https:\/\/bogensportdiscount.ch\/","name":"Bogensportdiscount","description":"","potentialAction":[{"@type":"SearchAction","target":{"@type":"EntryPoint","urlTemplate":"https:\/\/bogensportdiscount.ch\/?s={search_term_string}"},"query-input":{"@type":"PropertyValueSpecification","valueRequired":true,"valueName":"search_term_string"}}],"inLanguage":"fr-FR"}]}},"_links":{"self":[{"href":"https:\/\/bogensportdiscount.ch\/fr\/wp-json\/wp\/v2\/product\/398012","targetHints":{"allow":["GET"]}}],"collection":[{"href":"https:\/\/bogensportdiscount.ch\/fr\/wp-json\/wp\/v2\/product"}],"about":[{"href":"https:\/\/bogensportdiscount.ch\/fr\/wp-json\/wp\/v2\/types\/product"}],"replies":[{"embeddable":true,"href":"https:\/\/bogensportdiscount.ch\/fr\/wp-json\/wp\/v2\/comments?post=398012"}],"wp:featuredmedia":[{"embeddable":true,"href":"https:\/\/bogensportdiscount.ch\/fr\/wp-json\/wp\/v2\/media\/449607"}],"wp:attachment":[{"href":"https:\/\/bogensportdiscount.ch\/fr\/wp-json\/wp\/v2\/media?parent=398012"}],"wp:term":[{"taxonomy":"product_brand","embeddable":true,"href":"https:\/\/bogensportdiscount.ch\/fr\/wp-json\/wp\/v2\/product_brand?post=398012"},{"taxonomy":"product_cat","embeddable":true,"href":"https:\/\/bogensportdiscount.ch\/fr\/wp-json\/wp\/v2\/product_cat?post=398012"},{"taxonomy":"product_tag","embeddable":true,"href":"https:\/\/bogensportdiscount.ch\/fr\/wp-json\/wp\/v2\/product_tag?post=398012"}],"curies":[{"name":"wp","href":"https:\/\/api.w.org\/{rel}","templated":true}]}}