{"id":397977,"date":"2026-04-05T14:40:12","date_gmt":"2026-04-05T12:40:12","guid":{"rendered":"https:\/\/bogensportdiscount.ch\/produkt\/arrow-pullers-flex-pull-2-0-blue\/"},"modified":"2026-04-17T13:45:19","modified_gmt":"2026-04-17T11:45:19","slug":"flexarchery-pfeilzieher-flex-pull-2-0","status":"publish","type":"product","link":"https:\/\/bogensportdiscount.ch\/fr\/produit\/flexarchery-pfeilzieher-flex-pull-2-0\/","title":{"rendered":"FLEXARCHERY ARROW PULLERS FLEX-PULL 2.0"},"content":{"rendered":"<p>Der Flex-Pull 2.0 von FLEXARCHERY ist ein Pfeilzieher aus dem Bereich Pfeilwerkzeuge, der das Herausziehen von Pfeilen aus Zielscheiben erleichtert und die Pfeile dabei schont. Der flexible Griff sorgt f\u00fcr einen sicheren Halt auch bei tiefem Sitz des Pfeils.<\/p>\n<p>Dank der rutschfesten Beschaffenheit l\u00e4sst sich der n\u00f6tige Kraftaufwand deutlich reduzieren, was sowohl das Pfeilteil als auch die Beschichtung sch\u00fctzt. Das Modell Flex-Pull 2.0 steht in sechs verschiedenen Farben zur Auswahl.<\/p>\n<ul>\n<li>Geeignet f\u00fcr das Herausziehen von Pfeilen aus verschiedenen Scheibentypen<\/li>\n<li>Schont Pfeilschaft und Befiederung<\/li>\n<li>Kompakte Gr\u00f6sse f\u00fcr die Bogensporttasche<\/li>\n<li>Erh\u00e4ltlich in Schwarz, Blau, Gr\u00fcn, Orange, Rot und Gelb<\/li>\n<\/ul>","protected":false},"excerpt":{"rendered":"<p><strong>Marque :<\/strong> Flex-Archery<\/p>","protected":false},"featured_media":452526,"comment_status":"open","ping_status":"closed","template":"","meta":[],"product_brand":[447],"product_cat":[4364],"product_tag":[],"class_list":{"0":"post-397977","1":"product","2":"type-product","3":"status-publish","4":"has-post-thumbnail","6":"product_brand-flexarchery","7":"product_cat-arrow-pullers","9":"first","10":"instock","11":"shipping-taxable","12":"purchasable","13":"product-type-variable"},"_links":{"self":[{"href":"https:\/\/bogensportdiscount.ch\/fr\/wp-json\/wp\/v2\/product\/397977","targetHints":{"allow":["GET"]}}],"collection":[{"href":"https:\/\/bogensportdiscount.ch\/fr\/wp-json\/wp\/v2\/product"}],"about":[{"href":"https:\/\/bogensportdiscount.ch\/fr\/wp-json\/wp\/v2\/types\/product"}],"replies":[{"embeddable":true,"href":"https:\/\/bogensportdiscount.ch\/fr\/wp-json\/wp\/v2\/comments?post=397977"}],"wp:featuredmedia":[{"embeddable":true,"href":"https:\/\/bogensportdiscount.ch\/fr\/wp-json\/wp\/v2\/media\/452526"}],"wp:attachment":[{"href":"https:\/\/bogensportdiscount.ch\/fr\/wp-json\/wp\/v2\/media?parent=397977"}],"wp:term":[{"taxonomy":"product_brand","embeddable":true,"href":"https:\/\/bogensportdiscount.ch\/fr\/wp-json\/wp\/v2\/product_brand?post=397977"},{"taxonomy":"product_cat","embeddable":true,"href":"https:\/\/bogensportdiscount.ch\/fr\/wp-json\/wp\/v2\/product_cat?post=397977"},{"taxonomy":"product_tag","embeddable":true,"href":"https:\/\/bogensportdiscount.ch\/fr\/wp-json\/wp\/v2\/product_tag?post=397977"}],"curies":[{"name":"wp","href":"https:\/\/api.w.org\/{rel}","templated":true}]}}