{"id":397926,"date":"2026-04-05T14:40:06","date_gmt":"2026-04-05T12:40:06","guid":{"rendered":"https:\/\/bogensportdiscount.ch\/produkt\/compound-drop-away-rests-fall-away-rest-rh-black\/"},"modified":"2026-04-17T13:45:18","modified_gmt":"2026-04-17T11:45:18","slug":"maximal-compound-fallaway-auflage-fall-away-rest","status":"publish","type":"product","link":"https:\/\/bogensportdiscount.ch\/fr\/produit\/maximal-compound-fallaway-auflage-fall-away-rest\/","title":{"rendered":"MAXIMUM COMPOUND DROP AWAY RESTS FALL-AWAY REST"},"content":{"rendered":"<p>Die Maximal Fall-Away Rest ist eine Compound-Pfeilauflage, die nach dem Fallaway-Prinzip arbeitet: Beim Abschuss klappt die Auflage nach unten, sodass der Pfeil w\u00e4hrend des Flugs keinen Kontakt mehr zur Auflage hat. Dies reduziert Ablenkungen und unterst\u00fctzt eine gleichm\u00e4ssige Schussabgabe.<\/p>\n<p>Die Auflage ist in einer Ausf\u00fchrung f\u00fcr Rechts- sowie f\u00fcr Linksh\u00e4nder erh\u00e4ltlich und eignet sich f\u00fcr den Einsatz an Compound-B\u00f6gen.<\/p>\n<ul>\n<li>Fallaway-Mechanismus f\u00fcr minimalen Pfeilkontakt beim Abschuss<\/li>\n<li>Erh\u00e4ltlich f\u00fcr Rechts- und Linkshandbogensch\u00fctzen<\/li>\n<li>Geeignet f\u00fcr Compound-B\u00f6gen<\/li>\n<li>Herstellung in bew\u00e4hrter Qualit\u00e4t der Marke Maximal<\/li>\n<\/ul>","protected":false},"excerpt":{"rendered":"<p>Die Maximal Compound Fallaway-Auflage ist f\u00fcr Links- und Rechtshandbogensch\u00fctzen erh\u00e4ltlich und bietet eine zuverl\u00e4ssige Pfeilf\u00fchrung beim Schuss. Als Fallaway-Auflage klappt sie beim Abschuss nach unten weg und minimiert so den Pfeilkontakt f\u00fcr pr\u00e4zisere Ergebnisse.<\/p>","protected":false},"featured_media":449593,"comment_status":"open","ping_status":"closed","template":"","meta":[],"product_brand":[780],"product_cat":[4233],"product_tag":[],"class_list":{"0":"post-397926","1":"product","2":"type-product","3":"status-publish","4":"has-post-thumbnail","6":"product_brand-maximal","7":"product_cat-compound-drop-away-pfeilauflage","9":"first","10":"instock","11":"shipping-taxable","12":"purchasable","13":"product-type-variable"},"_links":{"self":[{"href":"https:\/\/bogensportdiscount.ch\/fr\/wp-json\/wp\/v2\/product\/397926","targetHints":{"allow":["GET"]}}],"collection":[{"href":"https:\/\/bogensportdiscount.ch\/fr\/wp-json\/wp\/v2\/product"}],"about":[{"href":"https:\/\/bogensportdiscount.ch\/fr\/wp-json\/wp\/v2\/types\/product"}],"replies":[{"embeddable":true,"href":"https:\/\/bogensportdiscount.ch\/fr\/wp-json\/wp\/v2\/comments?post=397926"}],"wp:featuredmedia":[{"embeddable":true,"href":"https:\/\/bogensportdiscount.ch\/fr\/wp-json\/wp\/v2\/media\/449593"}],"wp:attachment":[{"href":"https:\/\/bogensportdiscount.ch\/fr\/wp-json\/wp\/v2\/media?parent=397926"}],"wp:term":[{"taxonomy":"product_brand","embeddable":true,"href":"https:\/\/bogensportdiscount.ch\/fr\/wp-json\/wp\/v2\/product_brand?post=397926"},{"taxonomy":"product_cat","embeddable":true,"href":"https:\/\/bogensportdiscount.ch\/fr\/wp-json\/wp\/v2\/product_cat?post=397926"},{"taxonomy":"product_tag","embeddable":true,"href":"https:\/\/bogensportdiscount.ch\/fr\/wp-json\/wp\/v2\/product_tag?post=397926"}],"curies":[{"name":"wp","href":"https:\/\/api.w.org\/{rel}","templated":true}]}}