{"id":397923,"date":"2026-04-05T14:40:06","date_gmt":"2026-04-05T12:40:06","guid":{"rendered":"https:\/\/bogensportdiscount.ch\/produkt\/compound-drop-away-rests-ultra-rest-rh-black\/"},"modified":"2026-04-17T13:45:18","modified_gmt":"2026-04-17T11:45:18","slug":"mathews-compound-fallaway-auflage-ultra-rest","status":"publish","type":"product","link":"https:\/\/bogensportdiscount.ch\/fr\/produit\/mathews-compound-fallaway-auflage-ultra-rest\/","title":{"rendered":"MATHEWS COMPOUND DROP AWAY RESTS ULTRA REST"},"content":{"rendered":"<p>Die Mathews Ultra Rest ist eine Fallaway-Pfeilauflage (Drop-Away Rest), die speziell f\u00fcr den Einsatz an Compound-B\u00f6gen entwickelt wurde. Fallaway-Auflagen halten den Pfeil w\u00e4hrend des Auszugs sicher in Position und fallen beim Abschuss vollst\u00e4ndig ab, um den Federnkontakt mit dem Pfeil zu minimieren und die Pr\u00e4zision zu maximieren.<\/p>\n<p>Die Auflage ist in einer Ausf\u00fchrung f\u00fcr Rechtshand- sowie f\u00fcr Linkshand-Sch\u00fctzen erh\u00e4ltlich und l\u00e4sst sich entsprechend am Bogen montieren. Als Produkt aus US-amerikanischer Fertigung steht die Ultra Rest f\u00fcr solide Verarbeitung im Compound-Bereich.<\/p>\n<ul>\n<li>Fallaway-Mechanismus f\u00fcr minimalen Pfeilkontakt beim Abschuss<\/li>\n<li>Erh\u00e4ltlich f\u00fcr Rechtshand (RH) und Linkshand (LH)<\/li>\n<li>Geeignet f\u00fcr Compound-B\u00f6gen<\/li>\n<li>Fabriqu\u00e9 aux \u00c9tats-Unis<\/li>\n<\/ul>","protected":false},"excerpt":{"rendered":"<p>Die Mathews Ultra Rest ist eine Fallaway-Pfeilauflage f\u00fcr Compound-B\u00f6gen, erh\u00e4ltlich f\u00fcr Links- und Rechtshand-Sch\u00fctzen. Gefertigt in den USA, ist sie auf die Pr\u00e4zisionsanforderungen moderner Compound-B\u00f6gen ausgelegt.<\/p>","protected":false},"featured_media":449591,"comment_status":"open","ping_status":"closed","template":"","meta":[],"product_brand":[427],"product_cat":[4233],"product_tag":[],"class_list":{"0":"post-397923","1":"product","2":"type-product","3":"status-publish","4":"has-post-thumbnail","6":"product_brand-mathews","7":"product_cat-compound-drop-away-pfeilauflage","9":"first","10":"instock","11":"shipping-taxable","12":"purchasable","13":"product-type-variable"},"_links":{"self":[{"href":"https:\/\/bogensportdiscount.ch\/fr\/wp-json\/wp\/v2\/product\/397923","targetHints":{"allow":["GET"]}}],"collection":[{"href":"https:\/\/bogensportdiscount.ch\/fr\/wp-json\/wp\/v2\/product"}],"about":[{"href":"https:\/\/bogensportdiscount.ch\/fr\/wp-json\/wp\/v2\/types\/product"}],"replies":[{"embeddable":true,"href":"https:\/\/bogensportdiscount.ch\/fr\/wp-json\/wp\/v2\/comments?post=397923"}],"wp:featuredmedia":[{"embeddable":true,"href":"https:\/\/bogensportdiscount.ch\/fr\/wp-json\/wp\/v2\/media\/449591"}],"wp:attachment":[{"href":"https:\/\/bogensportdiscount.ch\/fr\/wp-json\/wp\/v2\/media?parent=397923"}],"wp:term":[{"taxonomy":"product_brand","embeddable":true,"href":"https:\/\/bogensportdiscount.ch\/fr\/wp-json\/wp\/v2\/product_brand?post=397923"},{"taxonomy":"product_cat","embeddable":true,"href":"https:\/\/bogensportdiscount.ch\/fr\/wp-json\/wp\/v2\/product_cat?post=397923"},{"taxonomy":"product_tag","embeddable":true,"href":"https:\/\/bogensportdiscount.ch\/fr\/wp-json\/wp\/v2\/product_tag?post=397923"}],"curies":[{"name":"wp","href":"https:\/\/api.w.org\/{rel}","templated":true}]}}