{"id":397882,"date":"2026-04-05T14:40:00","date_gmt":"2026-04-05T12:40:00","guid":{"rendered":"https:\/\/bogensportdiscount.ch\/produkt\/compound-blade-rests-pro-blade-universal-mount-black-rh\/"},"modified":"2026-04-17T13:45:17","modified_gmt":"2026-04-17T11:45:17","slug":"aae-compound-pfeilauflage-pro-blade-universal-mount","status":"publish","type":"product","link":"https:\/\/bogensportdiscount.ch\/fr\/produit\/aae-compound-pfeilauflage-pro-blade-universal-mount\/","title":{"rendered":"AAE COMPOUND BLADE RESTS PRO-BLADE UNIVERSAL MOUNT"},"content":{"rendered":"<p>Die AAE Pro-Blade Universal Mount ist eine Blade-Pfeilauflage f\u00fcr Compound-B\u00f6gen. Die universelle Montage erm\u00f6glicht eine flexible Befestigung an verschiedenen Bogenmodellen und erleichtert die Einstellung.<\/p>\n<p>Die Auflage ist sowohl f\u00fcr Rechts- als auch f\u00fcr Linkshandbogen geeignet und wird in drei Farben angeboten: Schwarz, Blau und Gr\u00fcn. So l\u00e4sst sie sich optisch an den jeweiligen Bogen anpassen.<\/p>\n<ul>\n<li>Universelle Montage f\u00fcr breite Kompatibilit\u00e4t<\/li>\n<li>Geeignet f\u00fcr Links- und Rechtshand<\/li>\n<li>Erh\u00e4ltlich in Schwarz, Blau und Gr\u00fcn<\/li>\n<li>Ausgelegt f\u00fcr den Einsatz am Compound-Bogen<\/li>\n<\/ul>","protected":false},"excerpt":{"rendered":"<p><strong>Marque :<\/strong> AAE<\/p>","protected":false},"featured_media":444818,"comment_status":"open","ping_status":"closed","template":"","meta":[],"product_brand":[517],"product_cat":[4363],"product_tag":[],"class_list":{"0":"post-397882","1":"product","2":"type-product","3":"status-publish","4":"has-post-thumbnail","6":"product_brand-aae","7":"product_cat-compound-blade-pfeilauflage","9":"first","10":"instock","11":"shipping-taxable","12":"purchasable","13":"product-type-variable"},"_links":{"self":[{"href":"https:\/\/bogensportdiscount.ch\/fr\/wp-json\/wp\/v2\/product\/397882","targetHints":{"allow":["GET"]}}],"collection":[{"href":"https:\/\/bogensportdiscount.ch\/fr\/wp-json\/wp\/v2\/product"}],"about":[{"href":"https:\/\/bogensportdiscount.ch\/fr\/wp-json\/wp\/v2\/types\/product"}],"replies":[{"embeddable":true,"href":"https:\/\/bogensportdiscount.ch\/fr\/wp-json\/wp\/v2\/comments?post=397882"}],"wp:featuredmedia":[{"embeddable":true,"href":"https:\/\/bogensportdiscount.ch\/fr\/wp-json\/wp\/v2\/media\/444818"}],"wp:attachment":[{"href":"https:\/\/bogensportdiscount.ch\/fr\/wp-json\/wp\/v2\/media?parent=397882"}],"wp:term":[{"taxonomy":"product_brand","embeddable":true,"href":"https:\/\/bogensportdiscount.ch\/fr\/wp-json\/wp\/v2\/product_brand?post=397882"},{"taxonomy":"product_cat","embeddable":true,"href":"https:\/\/bogensportdiscount.ch\/fr\/wp-json\/wp\/v2\/product_cat?post=397882"},{"taxonomy":"product_tag","embeddable":true,"href":"https:\/\/bogensportdiscount.ch\/fr\/wp-json\/wp\/v2\/product_tag?post=397882"}],"curies":[{"name":"wp","href":"https:\/\/api.w.org\/{rel}","templated":true}]}}