{"id":397794,"date":"2026-04-05T14:39:50","date_gmt":"2026-04-05T12:39:50","guid":{"rendered":"https:\/\/bogensportdiscount.ch\/produkt\/arrow-rests-stick-on-sf-rf-magnetic-adjustable-lh-black\/"},"modified":"2026-04-17T13:45:15","modified_gmt":"2026-04-17T11:45:15","slug":"wns-klebeauflage-sf-rf-magnetisch-verstellbar","status":"publish","type":"product","link":"https:\/\/bogensportdiscount.ch\/fr\/produit\/wns-klebeauflage-sf-rf-magnetisch-verstellbar\/","title":{"rendered":"WNS ARROW RESTS STICK ON SF-RF MAGNETIC ADJUSTABLE"},"content":{"rendered":"<p>Die WNS SF-RF Klebeauflage ist eine einfache und zuverl\u00e4ssige Pfeilauflage f\u00fcr Recurvebogen. Dank des magnetischen Mechanismus l\u00e4sst sich die Auflage schnell und pr\u00e4zise einstellen, ohne Werkzeug.<\/p>\n<p>Die Auflage wird per Klebepad am Bogengriff befestigt und eignet sich f\u00fcr B\u00f6gen ohne Gewindebohrung. Sie ist in einer Version f\u00fcr Rechtshand und Linkshand erh\u00e4ltlich.<\/p>\n<ul>\n<li>Magnetisch verstellbar<\/li>\n<li>Selbstklebende Befestigung<\/li>\n<li>F\u00fcr Rechts- und Linkshand verf\u00fcgbar<\/li>\n<li>Geeignet f\u00fcr Recurvebogen<\/li>\n<\/ul>","protected":false},"excerpt":{"rendered":"<p><strong>Marque :<\/strong> WNS<\/p>","protected":false},"featured_media":449554,"comment_status":"open","ping_status":"closed","template":"","meta":[],"product_brand":[461],"product_cat":[4229],"product_tag":[],"class_list":{"0":"post-397794","1":"product","2":"type-product","3":"status-publish","4":"has-post-thumbnail","6":"product_brand-wns","7":"product_cat-aufklebe-recurve-pfeilauflage","9":"first","10":"instock","11":"shipping-taxable","12":"purchasable","13":"product-type-variable"},"_links":{"self":[{"href":"https:\/\/bogensportdiscount.ch\/fr\/wp-json\/wp\/v2\/product\/397794","targetHints":{"allow":["GET"]}}],"collection":[{"href":"https:\/\/bogensportdiscount.ch\/fr\/wp-json\/wp\/v2\/product"}],"about":[{"href":"https:\/\/bogensportdiscount.ch\/fr\/wp-json\/wp\/v2\/types\/product"}],"replies":[{"embeddable":true,"href":"https:\/\/bogensportdiscount.ch\/fr\/wp-json\/wp\/v2\/comments?post=397794"}],"wp:featuredmedia":[{"embeddable":true,"href":"https:\/\/bogensportdiscount.ch\/fr\/wp-json\/wp\/v2\/media\/449554"}],"wp:attachment":[{"href":"https:\/\/bogensportdiscount.ch\/fr\/wp-json\/wp\/v2\/media?parent=397794"}],"wp:term":[{"taxonomy":"product_brand","embeddable":true,"href":"https:\/\/bogensportdiscount.ch\/fr\/wp-json\/wp\/v2\/product_brand?post=397794"},{"taxonomy":"product_cat","embeddable":true,"href":"https:\/\/bogensportdiscount.ch\/fr\/wp-json\/wp\/v2\/product_cat?post=397794"},{"taxonomy":"product_tag","embeddable":true,"href":"https:\/\/bogensportdiscount.ch\/fr\/wp-json\/wp\/v2\/product_tag?post=397794"}],"curies":[{"name":"wp","href":"https:\/\/api.w.org\/{rel}","templated":true}]}}