{"id":397785,"date":"2026-04-05T14:39:50","date_gmt":"2026-04-05T12:39:50","guid":{"rendered":"https:\/\/bogensportdiscount.ch\/produkt\/arrow-rests-stick-on-s-re-magnetic-blue-lh-steel\/"},"modified":"2026-04-17T13:45:15","modified_gmt":"2026-04-17T11:45:15","slug":"wns-recurve-klebeauflage-s-re-magnetic","status":"publish","type":"product","link":"https:\/\/bogensportdiscount.ch\/fr\/produit\/wns-recurve-klebeauflage-s-re-magnetic\/","title":{"rendered":"WNS ARROW RESTS STICK ON S-RE MAGNETIC Acier"},"content":{"rendered":"<p>Die WNS S-RE Magnetic ist eine selbstklebende Pfeilauflage f\u00fcr Recurvebogen. Dank der magnetischen Funktion l\u00e4sst sich die Auflage einfach und schnell am Bogen befestigen und gew\u00e4hrleistet eine zuverl\u00e4ssige Pfeilf\u00fchrung beim Schiessen.<\/p>\n<p>Die Auflage ist sowohl f\u00fcr Rechtshand- als auch f\u00fcr Linkshandsch\u00fctzen erh\u00e4ltlich und passt sich damit an unterschiedliche Schiessstile an. Die Auswahl an vier Farben \u2013 Schwarz, Blau, Rot und Silber \u2013 erm\u00f6glicht eine individuelle Anpassung an den eigenen Bogen.<\/p>\n<ul>\n<li>Magnetische Befestigung per Selbstkleber<\/li>\n<li>Geeignet f\u00fcr Rechts- und Linkshandbeschuss<\/li>\n<li>Erh\u00e4ltlich in Schwarz, Blau, Rot und Silber<\/li>\n<li>Kompatibel mit Recurvebogen<\/li>\n<\/ul>","protected":false},"excerpt":{"rendered":"<p><strong>Marque :<\/strong> WNS<\/p>","protected":false},"featured_media":449553,"comment_status":"open","ping_status":"closed","template":"","meta":[],"product_brand":[461],"product_cat":[4229],"product_tag":[],"class_list":{"0":"post-397785","1":"product","2":"type-product","3":"status-publish","4":"has-post-thumbnail","6":"product_brand-wns","7":"product_cat-aufklebe-recurve-pfeilauflage","9":"first","10":"instock","11":"shipping-taxable","12":"purchasable","13":"product-type-variable"},"_links":{"self":[{"href":"https:\/\/bogensportdiscount.ch\/fr\/wp-json\/wp\/v2\/product\/397785","targetHints":{"allow":["GET"]}}],"collection":[{"href":"https:\/\/bogensportdiscount.ch\/fr\/wp-json\/wp\/v2\/product"}],"about":[{"href":"https:\/\/bogensportdiscount.ch\/fr\/wp-json\/wp\/v2\/types\/product"}],"replies":[{"embeddable":true,"href":"https:\/\/bogensportdiscount.ch\/fr\/wp-json\/wp\/v2\/comments?post=397785"}],"wp:featuredmedia":[{"embeddable":true,"href":"https:\/\/bogensportdiscount.ch\/fr\/wp-json\/wp\/v2\/media\/449553"}],"wp:attachment":[{"href":"https:\/\/bogensportdiscount.ch\/fr\/wp-json\/wp\/v2\/media?parent=397785"}],"wp:term":[{"taxonomy":"product_brand","embeddable":true,"href":"https:\/\/bogensportdiscount.ch\/fr\/wp-json\/wp\/v2\/product_brand?post=397785"},{"taxonomy":"product_cat","embeddable":true,"href":"https:\/\/bogensportdiscount.ch\/fr\/wp-json\/wp\/v2\/product_cat?post=397785"},{"taxonomy":"product_tag","embeddable":true,"href":"https:\/\/bogensportdiscount.ch\/fr\/wp-json\/wp\/v2\/product_tag?post=397785"}],"curies":[{"name":"wp","href":"https:\/\/api.w.org\/{rel}","templated":true}]}}