{"id":397782,"date":"2026-04-05T14:39:49","date_gmt":"2026-04-05T12:39:49","guid":{"rendered":"https:\/\/bogensportdiscount.ch\/produkt\/arrow-rests-stick-on-pita-magnetic-lh-stainless\/"},"modified":"2026-04-17T15:42:13","modified_gmt":"2026-04-17T13:42:13","slug":"decut-klebeauflage-pita-magnetisch","status":"publish","type":"product","link":"https:\/\/bogensportdiscount.ch\/fr\/produit\/decut-klebeauflage-pita-magnetisch\/","title":{"rendered":"DECUT PITA\u2018 MAGNETIC ARROW REST"},"content":{"rendered":"<p>Die DECUT Klebeauflage Pita Magnetisch ist eine Aufklebe-Pfeilauflage f\u00fcr Recurvebogen. Dank des Klebemontagesystems l\u00e4sst sie sich schnell und unkompliziert am Bogenfenster befestigen, ohne zus\u00e4tzliche Werkzeuge oder Schrauben.<\/p>\n<p>Die magnetische Funktion erleichtert das Einlegen des Pfeils und sorgt f\u00fcr eine zuverl\u00e4ssige Positionierung beim Schiessen. Die Auflage ist sowohl f\u00fcr Rechts- als auch f\u00fcr Linkshandbogensch\u00fctzen erh\u00e4ltlich.<\/p>\n<ul>\n<li>Selbstklebende Montage \u2013 keine Bohrungen oder Schrauben erforderlich<\/li>\n<li>Magnetische Pfeilf\u00fchrung f\u00fcr einfaches Einlegen<\/li>\n<li>Geeignet f\u00fcr Recurvebogen<\/li>\n<li>Erh\u00e4ltlich f\u00fcr Rechts- und Linkshand<\/li>\n<\/ul>","protected":false},"excerpt":{"rendered":"<p><strong>Marque :<\/strong> Decut<\/p>","protected":false},"featured_media":452525,"comment_status":"open","ping_status":"closed","template":"","meta":[],"product_brand":[817],"product_cat":[4229],"product_tag":[],"class_list":{"0":"post-397782","1":"product","2":"type-product","3":"status-publish","4":"has-post-thumbnail","6":"product_brand-decut","7":"product_cat-aufklebe-recurve-pfeilauflage","9":"first","10":"instock","11":"shipping-taxable","12":"purchasable","13":"product-type-variable"},"_links":{"self":[{"href":"https:\/\/bogensportdiscount.ch\/fr\/wp-json\/wp\/v2\/product\/397782","targetHints":{"allow":["GET"]}}],"collection":[{"href":"https:\/\/bogensportdiscount.ch\/fr\/wp-json\/wp\/v2\/product"}],"about":[{"href":"https:\/\/bogensportdiscount.ch\/fr\/wp-json\/wp\/v2\/types\/product"}],"replies":[{"embeddable":true,"href":"https:\/\/bogensportdiscount.ch\/fr\/wp-json\/wp\/v2\/comments?post=397782"}],"wp:featuredmedia":[{"embeddable":true,"href":"https:\/\/bogensportdiscount.ch\/fr\/wp-json\/wp\/v2\/media\/452525"}],"wp:attachment":[{"href":"https:\/\/bogensportdiscount.ch\/fr\/wp-json\/wp\/v2\/media?parent=397782"}],"wp:term":[{"taxonomy":"product_brand","embeddable":true,"href":"https:\/\/bogensportdiscount.ch\/fr\/wp-json\/wp\/v2\/product_brand?post=397782"},{"taxonomy":"product_cat","embeddable":true,"href":"https:\/\/bogensportdiscount.ch\/fr\/wp-json\/wp\/v2\/product_cat?post=397782"},{"taxonomy":"product_tag","embeddable":true,"href":"https:\/\/bogensportdiscount.ch\/fr\/wp-json\/wp\/v2\/product_tag?post=397782"}],"curies":[{"name":"wp","href":"https:\/\/api.w.org\/{rel}","templated":true}]}}