{"id":397779,"date":"2026-04-05T14:39:49","date_gmt":"2026-04-05T12:39:49","guid":{"rendered":"https:\/\/bogensportdiscount.ch\/produkt\/arrow-rests-janus-magnetic-with-ball-bearing-lh-black\/"},"modified":"2026-04-17T13:26:17","modified_gmt":"2026-04-17T11:26:17","slug":"decut-pfeilauflage-janus-magnetisch-kugellager","status":"publish","type":"product","link":"https:\/\/bogensportdiscount.ch\/fr\/produit\/decut-pfeilauflage-janus-magnetisch-kugellager\/","title":{"rendered":"DECUT ARROW RESTS JANUS MAGNETIC WITH BALL BEARING"},"content":{"rendered":"<p>Die DECUT Janus Pfeilauflage ist eine magnetische Recurve-Klebeauflage mit Kugellager-Mechanismus. Die magnetische Halterung sorgt f\u00fcr eine zuverl\u00e4ssige Positionierung des Pfeils, w\u00e4hrend das Kugellager eine ruhige und gleichm\u00e4ssige F\u00fchrung w\u00e4hrend des Schusses erm\u00f6glicht.<\/p>\n<p>Die Auflage eignet sich f\u00fcr Recurvebogen und wird direkt auf das Bogenfenster geklebt. Sie ist in einer Ausf\u00fchrung f\u00fcr Rechtshand- und Linkshand-Sch\u00fctzen erh\u00e4ltlich.<\/p>\n<ul>\n<li>Magnetische Pfeilauflage f\u00fcr Recurvebogen<\/li>\n<li>Integriertes Kugellager f\u00fcr gleichm\u00e4ssige Pfeilf\u00fchrung<\/li>\n<li>Klebeauflage \u2013 einfache Montage am Bogenfenster<\/li>\n<li>F\u00fcr Rechts- und Linkshand-Sch\u00fctzen geeignet<\/li>\n<\/ul>","protected":false},"excerpt":{"rendered":"<p><strong>Marque :<\/strong> Decut<\/p>","protected":false},"featured_media":449552,"comment_status":"open","ping_status":"closed","template":"","meta":[],"product_brand":[817],"product_cat":[4229],"product_tag":[],"class_list":{"0":"post-397779","1":"product","2":"type-product","3":"status-publish","4":"has-post-thumbnail","6":"product_brand-decut","7":"product_cat-aufklebe-recurve-pfeilauflage","9":"first","10":"instock","11":"shipping-taxable","12":"purchasable","13":"product-type-variable"},"_links":{"self":[{"href":"https:\/\/bogensportdiscount.ch\/fr\/wp-json\/wp\/v2\/product\/397779","targetHints":{"allow":["GET"]}}],"collection":[{"href":"https:\/\/bogensportdiscount.ch\/fr\/wp-json\/wp\/v2\/product"}],"about":[{"href":"https:\/\/bogensportdiscount.ch\/fr\/wp-json\/wp\/v2\/types\/product"}],"replies":[{"embeddable":true,"href":"https:\/\/bogensportdiscount.ch\/fr\/wp-json\/wp\/v2\/comments?post=397779"}],"wp:featuredmedia":[{"embeddable":true,"href":"https:\/\/bogensportdiscount.ch\/fr\/wp-json\/wp\/v2\/media\/449552"}],"wp:attachment":[{"href":"https:\/\/bogensportdiscount.ch\/fr\/wp-json\/wp\/v2\/media?parent=397779"}],"wp:term":[{"taxonomy":"product_brand","embeddable":true,"href":"https:\/\/bogensportdiscount.ch\/fr\/wp-json\/wp\/v2\/product_brand?post=397779"},{"taxonomy":"product_cat","embeddable":true,"href":"https:\/\/bogensportdiscount.ch\/fr\/wp-json\/wp\/v2\/product_cat?post=397779"},{"taxonomy":"product_tag","embeddable":true,"href":"https:\/\/bogensportdiscount.ch\/fr\/wp-json\/wp\/v2\/product_tag?post=397779"}],"curies":[{"name":"wp","href":"https:\/\/api.w.org\/{rel}","templated":true}]}}