{"id":397776,"date":"2026-04-05T14:39:48","date_gmt":"2026-04-05T12:39:48","guid":{"rendered":"https:\/\/bogensportdiscount.ch\/produkt\/arrow-rest-stick-on-champion-ii-rh\/"},"modified":"2026-04-17T13:45:15","modified_gmt":"2026-04-17T11:45:15","slug":"aae-pfeilauflage-stick-on-champion-ii","status":"publish","type":"product","link":"https:\/\/bogensportdiscount.ch\/fr\/produit\/aae-pfeilauflage-stick-on-champion-ii\/","title":{"rendered":"AAE ARROW REST STICK ON CHAMPION II"},"content":{"rendered":"<p>Die AAE Champion II ist eine klassische Klebeauflage f\u00fcr Recurve-B\u00f6gen. Sie wird direkt auf den Bogenarm aufgeklebt und bietet eine zuverl\u00e4ssige Auflageposition f\u00fcr den Pfeil beim Abschuss.<\/p>\n<p>Das Produkt stammt aus US-amerikanischer Fertigung und ist in der Rechtshand- sowie Linkshand-Ausf\u00fchrung erh\u00e4ltlich, sodass sowohl Links- als auch Rechtsbogensch\u00fctzen bedient werden.<\/p>\n<ul>\n<li>Selbstklebende Montage \u2013 keine zus\u00e4tzlichen Werkzeuge n\u00f6tig<\/li>\n<li>Erh\u00e4ltlich in Rechtshand (RH) und Linkshand (LH)<\/li>\n<li>Geeignet f\u00fcr Recurve-B\u00f6gen<\/li>\n<li>Fabriqu\u00e9 aux \u00c9tats-Unis<\/li>\n<\/ul>","protected":false},"excerpt":{"rendered":"<p>Die AAE Champion II ist eine selbstklebende Recurve-Pfeilauflage aus den USA. Sie ist in einer Rechtshand- und einer Linkshand-Version erh\u00e4ltlich und eignet sich f\u00fcr Recurve-B\u00f6gen mit glattem Bogenarm.<\/p>","protected":false},"featured_media":444832,"comment_status":"open","ping_status":"closed","template":"","meta":[],"product_brand":[517],"product_cat":[4229],"product_tag":[],"class_list":{"0":"post-397776","1":"product","2":"type-product","3":"status-publish","4":"has-post-thumbnail","6":"product_brand-aae","7":"product_cat-aufklebe-recurve-pfeilauflage","9":"first","10":"instock","11":"shipping-taxable","12":"purchasable","13":"product-type-variable"},"_links":{"self":[{"href":"https:\/\/bogensportdiscount.ch\/fr\/wp-json\/wp\/v2\/product\/397776","targetHints":{"allow":["GET"]}}],"collection":[{"href":"https:\/\/bogensportdiscount.ch\/fr\/wp-json\/wp\/v2\/product"}],"about":[{"href":"https:\/\/bogensportdiscount.ch\/fr\/wp-json\/wp\/v2\/types\/product"}],"replies":[{"embeddable":true,"href":"https:\/\/bogensportdiscount.ch\/fr\/wp-json\/wp\/v2\/comments?post=397776"}],"wp:featuredmedia":[{"embeddable":true,"href":"https:\/\/bogensportdiscount.ch\/fr\/wp-json\/wp\/v2\/media\/444832"}],"wp:attachment":[{"href":"https:\/\/bogensportdiscount.ch\/fr\/wp-json\/wp\/v2\/media?parent=397776"}],"wp:term":[{"taxonomy":"product_brand","embeddable":true,"href":"https:\/\/bogensportdiscount.ch\/fr\/wp-json\/wp\/v2\/product_brand?post=397776"},{"taxonomy":"product_cat","embeddable":true,"href":"https:\/\/bogensportdiscount.ch\/fr\/wp-json\/wp\/v2\/product_cat?post=397776"},{"taxonomy":"product_tag","embeddable":true,"href":"https:\/\/bogensportdiscount.ch\/fr\/wp-json\/wp\/v2\/product_tag?post=397776"}],"curies":[{"name":"wp","href":"https:\/\/api.w.org\/{rel}","templated":true}]}}