{"id":397759,"date":"2026-04-05T14:39:46","date_gmt":"2026-04-05T12:39:46","guid":{"rendered":"https:\/\/bogensportdiscount.ch\/produkt\/arrow-rest-stick-on-super-t300-hunter-rh\/"},"modified":"2026-04-17T13:45:15","modified_gmt":"2026-04-17T11:45:15","slug":"aae-recurve-klebeauflage-super-t300-hunter","status":"publish","type":"product","link":"https:\/\/bogensportdiscount.ch\/fr\/produit\/aae-recurve-klebeauflage-super-t300-hunter\/","title":{"rendered":"AAE ARROW REST STICK-ON SUPER T300 HUNTER"},"content":{"rendered":"<p>Die AAE Super T300 Hunter ist eine Stick-On-Pfeilauflage, die speziell f\u00fcr Recurvebogen entwickelt wurde. Dank des selbstklebenden Designs l\u00e4sst sie sich ohne Werkzeug direkt auf das Bogenfenster aufkleben und ist f\u00fcr Rechts- wie Linkshandsch\u00fctzen erh\u00e4ltlich.<\/p>\n<p>Stick-On-Auflagen dieser Art sind besonders bei Einsteigern und J\u00e4gern beliebt, da sie unkompliziert zu montieren und bei Bedarf einfach zu ersetzen sind. Das Modell T300 Hunter aus dem Hause AAE steht f\u00fcr solide Verarbeitung und zuverl\u00e4ssige Pfeilf\u00fchrung.<\/p>\n<ul>\n<li>Selbstklebende Montage \u2013 kein Werkzeug erforderlich<\/li>\n<li>Geeignet f\u00fcr Rechts- und Linkshandsch\u00fctzen<\/li>\n<li>Einfacher Austausch bei Verschleiss<\/li>\n<li>Fabriqu\u00e9 aux \u00c9tats-Unis<\/li>\n<\/ul>","protected":false},"excerpt":{"rendered":"<p>Die AAE Super T300 Hunter ist eine selbstklebende Pfeilauflage f\u00fcr Recurvebogen, erh\u00e4ltlich f\u00fcr Links- und Rechtshand-Sch\u00fctzen. Die Auflage wird direkt auf das Bogenfenster aufgeklebt und bietet eine einfache Montage ohne Werkzeug.<\/p>","protected":false},"featured_media":444841,"comment_status":"open","ping_status":"closed","template":"","meta":[],"product_brand":[517],"product_cat":[4229],"product_tag":[],"class_list":{"0":"post-397759","1":"product","2":"type-product","3":"status-publish","4":"has-post-thumbnail","6":"product_brand-aae","7":"product_cat-aufklebe-recurve-pfeilauflage","9":"first","10":"instock","11":"shipping-taxable","12":"purchasable","13":"product-type-variable"},"_links":{"self":[{"href":"https:\/\/bogensportdiscount.ch\/fr\/wp-json\/wp\/v2\/product\/397759","targetHints":{"allow":["GET"]}}],"collection":[{"href":"https:\/\/bogensportdiscount.ch\/fr\/wp-json\/wp\/v2\/product"}],"about":[{"href":"https:\/\/bogensportdiscount.ch\/fr\/wp-json\/wp\/v2\/types\/product"}],"replies":[{"embeddable":true,"href":"https:\/\/bogensportdiscount.ch\/fr\/wp-json\/wp\/v2\/comments?post=397759"}],"wp:featuredmedia":[{"embeddable":true,"href":"https:\/\/bogensportdiscount.ch\/fr\/wp-json\/wp\/v2\/media\/444841"}],"wp:attachment":[{"href":"https:\/\/bogensportdiscount.ch\/fr\/wp-json\/wp\/v2\/media?parent=397759"}],"wp:term":[{"taxonomy":"product_brand","embeddable":true,"href":"https:\/\/bogensportdiscount.ch\/fr\/wp-json\/wp\/v2\/product_brand?post=397759"},{"taxonomy":"product_cat","embeddable":true,"href":"https:\/\/bogensportdiscount.ch\/fr\/wp-json\/wp\/v2\/product_cat?post=397759"},{"taxonomy":"product_tag","embeddable":true,"href":"https:\/\/bogensportdiscount.ch\/fr\/wp-json\/wp\/v2\/product_tag?post=397759"}],"curies":[{"name":"wp","href":"https:\/\/api.w.org\/{rel}","templated":true}]}}