{"id":397739,"date":"2026-04-05T14:39:44","date_gmt":"2026-04-05T12:39:44","guid":{"rendered":"https:\/\/bogensportdiscount.ch\/produkt\/screw-in-points-field-5-16-85-grains-100-pk\/"},"modified":"2026-04-17T15:42:24","modified_gmt":"2026-04-17T13:42:24","slug":"saunders-einschraubspitzen-field-5-16","status":"publish","type":"product","link":"https:\/\/bogensportdiscount.ch\/fr\/produit\/saunders-einschraubspitzen-field-5-16\/","title":{"rendered":"SAUNDERS FIELD SCREW-IN POINT 5\/16"},"content":{"rendered":"<p>Die Saunders Screw-In Field Points sind Einschraubspitzen f\u00fcr Carbonpfeile mit 5\/16-Gewinde. Sie eignen sich f\u00fcr das Feldbogenschiessen und das Training und sind in drei Gewichtsklassen erh\u00e4ltlich: 85 Grain, 100 Grain und 125 Grain.<\/p>\n<p>Das Field-Design der Spitzen sorgt f\u00fcr ein zuverl\u00e4ssiges Eindringen ins Ziel sowie ein einfaches Herausziehen aus der Scheibe. Die Schraubverbindung erm\u00f6glicht einen unkomplizierten Wechsel zwischen verschiedenen Gewichten.<\/p>\n<ul>\n<li>Einschraubspitzen f\u00fcr 5\/16-Gewinde<\/li>\n<li>Erh\u00e4ltlich in 85 GR, 100 GR und 125 GR<\/li>\n<li>Geeignet f\u00fcr Feldbogenschiessen und Training<\/li>\n<li>Fabriqu\u00e9 aux \u00c9tats-Unis<\/li>\n<\/ul>","protected":false},"excerpt":{"rendered":"<p>Saunders Einschraubspitzen im Field-Design f\u00fcr Pfeile mit 5\/16-Gewinde. Erh\u00e4ltlich in den Gewichten 85 GR, 100 GR und 125 GR. Hergestellt in den USA.<\/p>","protected":false},"featured_media":452826,"comment_status":"open","ping_status":"closed","template":"","meta":[],"product_brand":[779],"product_cat":[4545],"product_tag":[],"class_list":{"0":"post-397739","1":"product","2":"type-product","3":"status-publish","4":"has-post-thumbnail","6":"product_brand-saunders","7":"product_cat-einschraube-spitzen-pfeil-komponenten","9":"first","10":"instock","11":"shipping-taxable","12":"purchasable","13":"product-type-variable"},"_links":{"self":[{"href":"https:\/\/bogensportdiscount.ch\/fr\/wp-json\/wp\/v2\/product\/397739","targetHints":{"allow":["GET"]}}],"collection":[{"href":"https:\/\/bogensportdiscount.ch\/fr\/wp-json\/wp\/v2\/product"}],"about":[{"href":"https:\/\/bogensportdiscount.ch\/fr\/wp-json\/wp\/v2\/types\/product"}],"replies":[{"embeddable":true,"href":"https:\/\/bogensportdiscount.ch\/fr\/wp-json\/wp\/v2\/comments?post=397739"}],"wp:featuredmedia":[{"embeddable":true,"href":"https:\/\/bogensportdiscount.ch\/fr\/wp-json\/wp\/v2\/media\/452826"}],"wp:attachment":[{"href":"https:\/\/bogensportdiscount.ch\/fr\/wp-json\/wp\/v2\/media?parent=397739"}],"wp:term":[{"taxonomy":"product_brand","embeddable":true,"href":"https:\/\/bogensportdiscount.ch\/fr\/wp-json\/wp\/v2\/product_brand?post=397739"},{"taxonomy":"product_cat","embeddable":true,"href":"https:\/\/bogensportdiscount.ch\/fr\/wp-json\/wp\/v2\/product_cat?post=397739"},{"taxonomy":"product_tag","embeddable":true,"href":"https:\/\/bogensportdiscount.ch\/fr\/wp-json\/wp\/v2\/product_tag?post=397739"}],"curies":[{"name":"wp","href":"https:\/\/api.w.org\/{rel}","templated":true}]}}