{"id":397730,"date":"2026-04-05T14:39:43","date_gmt":"2026-04-05T12:39:43","guid":{"rendered":"https:\/\/bogensportdiscount.ch\/produkt\/screw-in-points-combo-11-32-85-grains-100-pk\/"},"modified":"2026-04-17T12:24:42","modified_gmt":"2026-04-17T10:24:42","slug":"saunders-einschraubspitzen-combo-11-32","status":"publish","type":"product","link":"https:\/\/bogensportdiscount.ch\/fr\/produit\/saunders-einschraubspitzen-combo-11-32\/","title":{"rendered":"SAUNDERS COMBO SCREW-IN POINT 11\/32"},"content":{"rendered":"<p>Die Saunders Einschraubspitzen Combo 11\/32 sind f\u00fcr Carbonpfeile mit einem Schaftdurchmesser von 11\/32 Zoll ausgelegt. Die Spitzen werden direkt in das Pfeilschaft eingeschraubt und bieten eine sichere Verbindung f\u00fcr den Trainings- und Wettkampfeinsatz.<\/p>\n<p>Mit den drei verf\u00fcgbaren Gewichtsvarianten 85 GR, 100 GR und 125 GR l\u00e4sst sich das Gesamtgewicht und das Flugverhalten des Pfeils gezielt anpassen. Die Combo-Auswahl erm\u00f6glicht es, verschiedene Gewichte in einem Sortiment zu kombinieren.<\/p>\n<ul>\n<li>Schaftdurchmesser: 11\/32 Zoll<\/li>\n<li>Erh\u00e4ltlich in 85 GR, 100 GR und 125 GR<\/li>\n<li>Packungsgr\u00f6ssen: 12, 100 oder 1000 St\u00fcck<\/li>\n<li>Geeignet f\u00fcr Carbonpfeile<\/li>\n<\/ul>","protected":false},"excerpt":{"rendered":"<p><strong>Marque :<\/strong> Saunders<\/p>","protected":false},"featured_media":452825,"comment_status":"open","ping_status":"closed","template":"","meta":[],"product_brand":[779],"product_cat":[4545],"product_tag":[],"class_list":{"0":"post-397730","1":"product","2":"type-product","3":"status-publish","4":"has-post-thumbnail","6":"product_brand-saunders","7":"product_cat-einschraube-spitzen-pfeil-komponenten","9":"first","10":"instock","11":"shipping-taxable","12":"purchasable","13":"product-type-variable"},"_links":{"self":[{"href":"https:\/\/bogensportdiscount.ch\/fr\/wp-json\/wp\/v2\/product\/397730","targetHints":{"allow":["GET"]}}],"collection":[{"href":"https:\/\/bogensportdiscount.ch\/fr\/wp-json\/wp\/v2\/product"}],"about":[{"href":"https:\/\/bogensportdiscount.ch\/fr\/wp-json\/wp\/v2\/types\/product"}],"replies":[{"embeddable":true,"href":"https:\/\/bogensportdiscount.ch\/fr\/wp-json\/wp\/v2\/comments?post=397730"}],"wp:featuredmedia":[{"embeddable":true,"href":"https:\/\/bogensportdiscount.ch\/fr\/wp-json\/wp\/v2\/media\/452825"}],"wp:attachment":[{"href":"https:\/\/bogensportdiscount.ch\/fr\/wp-json\/wp\/v2\/media?parent=397730"}],"wp:term":[{"taxonomy":"product_brand","embeddable":true,"href":"https:\/\/bogensportdiscount.ch\/fr\/wp-json\/wp\/v2\/product_brand?post=397730"},{"taxonomy":"product_cat","embeddable":true,"href":"https:\/\/bogensportdiscount.ch\/fr\/wp-json\/wp\/v2\/product_cat?post=397730"},{"taxonomy":"product_tag","embeddable":true,"href":"https:\/\/bogensportdiscount.ch\/fr\/wp-json\/wp\/v2\/product_tag?post=397730"}],"curies":[{"name":"wp","href":"https:\/\/api.w.org\/{rel}","templated":true}]}}