{"id":397710,"date":"2026-04-05T14:39:41","date_gmt":"2026-04-05T12:39:41","guid":{"rendered":"https:\/\/bogensportdiscount.ch\/produkt\/screw-in-points-combo-19-64-55-grains-100-pk\/"},"modified":"2026-04-17T12:24:33","modified_gmt":"2026-04-17T10:24:33","slug":"saunders-einschraubspitzen-combo-19-64","status":"publish","type":"product","link":"https:\/\/bogensportdiscount.ch\/fr\/produit\/saunders-einschraubspitzen-combo-19-64\/","title":{"rendered":"SAUNDERS COMBO SCREW-IN POINT 19\/64"},"content":{"rendered":"<p>Die Saunders Screw-In Points Combo 19\/64 sind Einschraubspitzen f\u00fcr Carbonpfeile mit dem Aussendurchmesser 19\/64 Zoll. Sie eignen sich f\u00fcr Standard-Trainings- und Wettkampfbetrieb und werden direkt in den Pfeilschaft eingeschraubt.<\/p>\n<p>Die Spitzen sind in sieben verschiedenen Gewichten erh\u00e4ltlich (55, 65, 75, 80, 85, 100 und 125 Grain), sodass Sch\u00fctzen das Pfeilgewicht gezielt an ihre Ausr\u00fcstung und ihren Schiessstil anpassen k\u00f6nnen. Je nach Bedarf stehen Packungsgr\u00f6ssen von 100 oder 1000 St\u00fcck zur Verf\u00fcgung.<\/p>\n<ul>\n<li>Durchmesser: 19\/64 Zoll<\/li>\n<li>Gewicht w\u00e4hlbar: 55 \/ 65 \/ 75 \/ 80 \/ 85 \/ 100 \/ 125 Grain<\/li>\n<li>Einschraubsystem f\u00fcr Carbonpfeile<\/li>\n<li>Erh\u00e4ltlich in Packungen \u00e0 100 oder 1000 St\u00fcck<\/li>\n<\/ul>","protected":false},"excerpt":{"rendered":"<p><strong>Marque :<\/strong> Saunders<\/p>","protected":false},"featured_media":452823,"comment_status":"open","ping_status":"closed","template":"","meta":[],"product_brand":[779],"product_cat":[4545],"product_tag":[],"class_list":{"0":"post-397710","1":"product","2":"type-product","3":"status-publish","4":"has-post-thumbnail","6":"product_brand-saunders","7":"product_cat-einschraube-spitzen-pfeil-komponenten","9":"first","10":"instock","11":"shipping-taxable","12":"purchasable","13":"product-type-variable"},"_links":{"self":[{"href":"https:\/\/bogensportdiscount.ch\/fr\/wp-json\/wp\/v2\/product\/397710","targetHints":{"allow":["GET"]}}],"collection":[{"href":"https:\/\/bogensportdiscount.ch\/fr\/wp-json\/wp\/v2\/product"}],"about":[{"href":"https:\/\/bogensportdiscount.ch\/fr\/wp-json\/wp\/v2\/types\/product"}],"replies":[{"embeddable":true,"href":"https:\/\/bogensportdiscount.ch\/fr\/wp-json\/wp\/v2\/comments?post=397710"}],"wp:featuredmedia":[{"embeddable":true,"href":"https:\/\/bogensportdiscount.ch\/fr\/wp-json\/wp\/v2\/media\/452823"}],"wp:attachment":[{"href":"https:\/\/bogensportdiscount.ch\/fr\/wp-json\/wp\/v2\/media?parent=397710"}],"wp:term":[{"taxonomy":"product_brand","embeddable":true,"href":"https:\/\/bogensportdiscount.ch\/fr\/wp-json\/wp\/v2\/product_brand?post=397710"},{"taxonomy":"product_cat","embeddable":true,"href":"https:\/\/bogensportdiscount.ch\/fr\/wp-json\/wp\/v2\/product_cat?post=397710"},{"taxonomy":"product_tag","embeddable":true,"href":"https:\/\/bogensportdiscount.ch\/fr\/wp-json\/wp\/v2\/product_tag?post=397710"}],"curies":[{"name":"wp","href":"https:\/\/api.w.org\/{rel}","templated":true}]}}