{"id":397697,"date":"2026-04-05T14:39:40","date_gmt":"2026-04-05T12:39:40","guid":{"rendered":"https:\/\/bogensportdiscount.ch\/produkt\/screw-in-points-combo-17-64-65-grains-100-pk\/"},"modified":"2026-04-17T15:42:13","modified_gmt":"2026-04-17T13:42:13","slug":"saunders-einschraubspitzen-set-17-64","status":"publish","type":"product","link":"https:\/\/bogensportdiscount.ch\/fr\/produit\/saunders-einschraubspitzen-set-17-64\/","title":{"rendered":"SAUNDERS COMBO SCREW-IN POINT 17\/64"},"content":{"rendered":"<p>Die Saunders Screw-In Points Combo im Kaliber 17\/64 sind Einschraubspitzen f\u00fcr Carbonpfeile. Das Set umfasst verschiedene Gewichtsvarianten, sodass Bogensch\u00fctzen die passende Spitzengewichtung f\u00fcr ihren Pfeilaufbau w\u00e4hlen k\u00f6nnen.<\/p>\n<p>Die Spitzen werden direkt in den Pfeilschaft eingeschraubt und erm\u00f6glichen eine einfache Montage sowie einen schnellen Gewichtswechsel. Das Kaliber 17\/64 ist auf g\u00e4ngige Carbonpfeile mit entsprechendem Innendurchmesser abgestimmt.<\/p>\n<ul>\n<li>Kaliber: 17\/64<\/li>\n<li>Erh\u00e4ltlich in 65, 75, 85, 100 und 125 Grain<\/li>\n<li>Geeignet f\u00fcr Carbonpfeilsch\u00e4fte<\/li>\n<li>Einschraubsystem f\u00fcr einfache Montage<\/li>\n<\/ul>","protected":false},"excerpt":{"rendered":"<p><strong>Marque :<\/strong> Saunders<\/p>","protected":false},"featured_media":452522,"comment_status":"open","ping_status":"closed","template":"","meta":[],"product_brand":[779],"product_cat":[4545],"product_tag":[],"class_list":{"0":"post-397697","1":"product","2":"type-product","3":"status-publish","4":"has-post-thumbnail","6":"product_brand-saunders","7":"product_cat-einschraube-spitzen-pfeil-komponenten","9":"first","10":"instock","11":"shipping-taxable","12":"purchasable","13":"product-type-variable"},"_links":{"self":[{"href":"https:\/\/bogensportdiscount.ch\/fr\/wp-json\/wp\/v2\/product\/397697","targetHints":{"allow":["GET"]}}],"collection":[{"href":"https:\/\/bogensportdiscount.ch\/fr\/wp-json\/wp\/v2\/product"}],"about":[{"href":"https:\/\/bogensportdiscount.ch\/fr\/wp-json\/wp\/v2\/types\/product"}],"replies":[{"embeddable":true,"href":"https:\/\/bogensportdiscount.ch\/fr\/wp-json\/wp\/v2\/comments?post=397697"}],"wp:featuredmedia":[{"embeddable":true,"href":"https:\/\/bogensportdiscount.ch\/fr\/wp-json\/wp\/v2\/media\/452522"}],"wp:attachment":[{"href":"https:\/\/bogensportdiscount.ch\/fr\/wp-json\/wp\/v2\/media?parent=397697"}],"wp:term":[{"taxonomy":"product_brand","embeddable":true,"href":"https:\/\/bogensportdiscount.ch\/fr\/wp-json\/wp\/v2\/product_brand?post=397697"},{"taxonomy":"product_cat","embeddable":true,"href":"https:\/\/bogensportdiscount.ch\/fr\/wp-json\/wp\/v2\/product_cat?post=397697"},{"taxonomy":"product_tag","embeddable":true,"href":"https:\/\/bogensportdiscount.ch\/fr\/wp-json\/wp\/v2\/product_tag?post=397697"}],"curies":[{"name":"wp","href":"https:\/\/api.w.org\/{rel}","templated":true}]}}