{"id":397694,"date":"2026-04-05T14:39:39","date_gmt":"2026-04-05T12:39:39","guid":{"rendered":"https:\/\/bogensportdiscount.ch\/produkt\/bow-press-parts-floor-stand-for-ez-green\/"},"modified":"2026-05-14T15:25:42","modified_gmt":"2026-05-14T13:25:42","slug":"lastchance-bogenpresse-bodenstativ-ez-green","status":"publish","type":"product","link":"https:\/\/bogensportdiscount.ch\/fr\/produit\/lastchance-bogenpresse-bodenstativ-ez-green\/","title":{"rendered":"LASTCHANCE PRESSE \u00c0 ARC PI\u00c8CES D\u00c9TACH\u00c9ES SUPPORT AU SOL POUR EZ"},"content":{"rendered":"<p>Le support de sol LASTCHANCE est un accessoire pour la presse \u00e0 arc EZ Green. Il offre une base stable et permet d'utiliser la presse de mani\u00e8re autonome sans fixation suppl\u00e9mentaire.<\/p>\n<p>Ce support permet d'installer confortablement la presse \u00e0 arc EZ Green sur le sol, ce qui simplifie la manipulation lors du remplacement de la corde et du c\u00e2ble ou lors d'autres travaux d'entretien sur l'arc \u00e0 poulies.<\/p>\n<ul>\n<li>Compatible avec la presse \u00e0 arc LASTCHANCE EZ Green<\/li>\n<li>Permet une utilisation autonome de la presse<\/li>\n<li>Support de sol stable pour une assise s\u00e9curis\u00e9e<\/li>\n<li>Pi\u00e8ce de rechange et accessoire d'origine<\/li>\n<\/ul>","protected":false},"excerpt":{"rendered":"<table>\n<tr>\n<th>Propri\u00e9t\u00e9<\/th>\n<th>Valeur<\/th>\n<\/tr>\n<tr>\n<td>Marque<\/td>\n<td>Last Chance<\/td>\n<\/tr>\n<tr>\n<td>Pays d'origine<\/td>\n<td>USA<\/td>\n<\/tr>\n<\/table>","protected":false},"featured_media":449548,"comment_status":"open","ping_status":"closed","template":"","meta":[],"product_brand":[499],"product_cat":[4564],"product_tag":[],"class_list":{"0":"post-397694","1":"product","2":"type-product","3":"status-publish","4":"has-post-thumbnail","6":"product_brand-lastchance","7":"product_cat-bogenpressen-einzelteile","8":"product_shipping_class-bsd-standard","10":"first","11":"instock","12":"shipping-taxable","13":"purchasable","14":"product-type-variable"},"yoast_head":"<!-- This site is optimized with the Yoast SEO plugin v27.6 - https:\/\/yoast.com\/product\/yoast-seo-wordpress\/ -->\n<title>LASTCHANCE BOGENPRESSE TEILE BODENST\u00c4NDER F\u00dcR EZ - Bogensportdiscount \u2013 B\u00f6gen, Pfeile, Targets &amp; Zubeh\u00f6r<\/title>\n<meta name=\"description\" content=\"LASTCHANCE BOGENPRESSE TEILE BODENST\u00c4NDER F\u00dcR EZ g\u00fcnstig kaufen bei Bogensportdiscount \u2013 Top-Marken, schneller Versand aus der Schweiz.\" \/>\n<meta name=\"robots\" content=\"index, follow, max-snippet:-1, max-image-preview:large, max-video-preview:-1\" \/>\n<link rel=\"canonical\" href=\"https:\/\/bogensportdiscount.ch\/fr\/produit\/lastchance-bogenpresse-bodenstativ-ez-green\/\" \/>\n<meta property=\"og:locale\" content=\"fr_FR\" \/>\n<meta property=\"og:type\" content=\"article\" \/>\n<meta property=\"og:title\" content=\"LASTCHANCE BOGENPRESSE TEILE BODENST\u00c4NDER F\u00dcR EZ - Bogensportdiscount \u2013 B\u00f6gen, Pfeile, Targets &amp; Zubeh\u00f6r\" \/>\n<meta property=\"og:description\" content=\"LASTCHANCE BOGENPRESSE TEILE BODENST\u00c4NDER F\u00dcR EZ g\u00fcnstig kaufen bei Bogensportdiscount \u2013 Top-Marken, schneller Versand aus der Schweiz.\" \/>\n<meta property=\"og:url\" content=\"https:\/\/bogensportdiscount.ch\/fr\/produit\/lastchance-bogenpresse-bodenstativ-ez-green\/\" \/>\n<meta property=\"og:site_name\" content=\"Bogensportdiscount \u2013 B\u00f6gen, Pfeile, Targets &amp; Zubeh\u00f6r\" \/>\n<meta property=\"article:modified_time\" content=\"2026-05-14T13:25:42+00:00\" \/>\n<meta property=\"og:image\" content=\"https:\/\/bogensportdiscount.ch\/wp-content\/uploads\/bsm-images\/A018498_1.png\" \/>\n\t<meta property=\"og:image:width\" content=\"878\" \/>\n\t<meta property=\"og:image:height\" content=\"957\" \/>\n\t<meta property=\"og:image:type\" content=\"image\/png\" \/>\n<meta name=\"twitter:card\" content=\"summary_large_image\" \/>\n<script type=\"application\/ld+json\" class=\"yoast-schema-graph\">{\"@context\":\"https:\\\/\\\/schema.org\",\"@graph\":[{\"@type\":\"WebPage\",\"@id\":\"https:\\\/\\\/bogensportdiscount.ch\\\/produkt\\\/lastchance-bogenpresse-bodenstativ-ez-green\\\/\",\"url\":\"https:\\\/\\\/bogensportdiscount.ch\\\/produkt\\\/lastchance-bogenpresse-bodenstativ-ez-green\\\/\",\"name\":\"LASTCHANCE BOGENPRESSE TEILE BODENST\u00c4NDER F\u00dcR EZ - Bogensportdiscount \u2013 B\u00f6gen, Pfeile, Targets &amp; Zubeh\u00f6r\",\"isPartOf\":{\"@id\":\"https:\\\/\\\/bogensportdiscount.ch\\\/#website\"},\"primaryImageOfPage\":{\"@id\":\"https:\\\/\\\/bogensportdiscount.ch\\\/produkt\\\/lastchance-bogenpresse-bodenstativ-ez-green\\\/#primaryimage\"},\"image\":{\"@id\":\"https:\\\/\\\/bogensportdiscount.ch\\\/produkt\\\/lastchance-bogenpresse-bodenstativ-ez-green\\\/#primaryimage\"},\"thumbnailUrl\":\"https:\\\/\\\/bogensportdiscount.ch\\\/wp-content\\\/uploads\\\/bsm-images\\\/A018498_1.png\",\"datePublished\":\"2026-04-05T12:39:39+00:00\",\"dateModified\":\"2026-05-14T13:25:42+00:00\",\"description\":\"LASTCHANCE BOGENPRESSE TEILE BODENST\u00c4NDER F\u00dcR EZ g\u00fcnstig kaufen bei Bogensportdiscount \u2013 Top-Marken, schneller Versand aus der Schweiz.\",\"breadcrumb\":{\"@id\":\"https:\\\/\\\/bogensportdiscount.ch\\\/produkt\\\/lastchance-bogenpresse-bodenstativ-ez-green\\\/#breadcrumb\"},\"inLanguage\":\"fr-FR\",\"potentialAction\":[{\"@type\":\"ReadAction\",\"target\":[\"https:\\\/\\\/bogensportdiscount.ch\\\/produkt\\\/lastchance-bogenpresse-bodenstativ-ez-green\\\/\"]}]},{\"@type\":\"ImageObject\",\"inLanguage\":\"fr-FR\",\"@id\":\"https:\\\/\\\/bogensportdiscount.ch\\\/produkt\\\/lastchance-bogenpresse-bodenstativ-ez-green\\\/#primaryimage\",\"url\":\"https:\\\/\\\/bogensportdiscount.ch\\\/wp-content\\\/uploads\\\/bsm-images\\\/A018498_1.png\",\"contentUrl\":\"https:\\\/\\\/bogensportdiscount.ch\\\/wp-content\\\/uploads\\\/bsm-images\\\/A018498_1.png\",\"width\":878,\"height\":957},{\"@type\":\"BreadcrumbList\",\"@id\":\"https:\\\/\\\/bogensportdiscount.ch\\\/produkt\\\/lastchance-bogenpresse-bodenstativ-ez-green\\\/#breadcrumb\",\"itemListElement\":[{\"@type\":\"ListItem\",\"position\":1,\"name\":\"Home\",\"item\":\"https:\\\/\\\/bogensportdiscount.ch\\\/\"},{\"@type\":\"ListItem\",\"position\":2,\"name\":\"Shop\",\"item\":\"https:\\\/\\\/bogensportdiscount.ch\\\/shop\\\/\"},{\"@type\":\"ListItem\",\"position\":3,\"name\":\"LASTCHANCE BOW PRESS PARTS FLOOR STAND FOR EZ\"}]},{\"@type\":\"WebSite\",\"@id\":\"https:\\\/\\\/bogensportdiscount.ch\\\/#website\",\"url\":\"https:\\\/\\\/bogensportdiscount.ch\\\/\",\"name\":\"Bogensportdiscount\",\"description\":\"\",\"potentialAction\":[{\"@type\":\"SearchAction\",\"target\":{\"@type\":\"EntryPoint\",\"urlTemplate\":\"https:\\\/\\\/bogensportdiscount.ch\\\/?s={search_term_string}\"},\"query-input\":{\"@type\":\"PropertyValueSpecification\",\"valueRequired\":true,\"valueName\":\"search_term_string\"}}],\"inLanguage\":\"fr-FR\"}]}<\/script>\n<!-- \/ Yoast SEO plugin. -->","yoast_head_json":{"title":"LASTCHANCE BOGENPRESSE TEILE BODENST\u00c4NDER F\u00dcR EZ - Bogensportdiscount \u2013 B\u00f6gen, Pfeile, Targets &amp; Zubeh\u00f6r","description":"LASTCHANCE BOGENPRESSE TEILE BODENST\u00c4NDER F\u00dcR EZ g\u00fcnstig kaufen bei Bogensportdiscount \u2013 Top-Marken, schneller Versand aus der Schweiz.","robots":{"index":"index","follow":"follow","max-snippet":"max-snippet:-1","max-image-preview":"max-image-preview:large","max-video-preview":"max-video-preview:-1"},"canonical":"https:\/\/bogensportdiscount.ch\/fr\/produit\/lastchance-bogenpresse-bodenstativ-ez-green\/","og_locale":"fr_FR","og_type":"article","og_title":"LASTCHANCE BOGENPRESSE TEILE BODENST\u00c4NDER F\u00dcR EZ - Bogensportdiscount \u2013 B\u00f6gen, Pfeile, Targets &amp; Zubeh\u00f6r","og_description":"LASTCHANCE BOGENPRESSE TEILE BODENST\u00c4NDER F\u00dcR EZ g\u00fcnstig kaufen bei Bogensportdiscount \u2013 Top-Marken, schneller Versand aus der Schweiz.","og_url":"https:\/\/bogensportdiscount.ch\/fr\/produit\/lastchance-bogenpresse-bodenstativ-ez-green\/","og_site_name":"Bogensportdiscount \u2013 B\u00f6gen, Pfeile, Targets &amp; Zubeh\u00f6r","article_modified_time":"2026-05-14T13:25:42+00:00","og_image":[{"width":878,"height":957,"url":"https:\/\/bogensportdiscount.ch\/wp-content\/uploads\/bsm-images\/A018498_1.png","type":"image\/png"}],"twitter_card":"summary_large_image","schema":{"@context":"https:\/\/schema.org","@graph":[{"@type":"WebPage","@id":"https:\/\/bogensportdiscount.ch\/produkt\/lastchance-bogenpresse-bodenstativ-ez-green\/","url":"https:\/\/bogensportdiscount.ch\/produkt\/lastchance-bogenpresse-bodenstativ-ez-green\/","name":"LASTCHANCE BOGENPRESSE TEILE BODENST\u00c4NDER F\u00dcR EZ - Bogensportdiscount \u2013 B\u00f6gen, Pfeile, Targets &amp; Zubeh\u00f6r","isPartOf":{"@id":"https:\/\/bogensportdiscount.ch\/#website"},"primaryImageOfPage":{"@id":"https:\/\/bogensportdiscount.ch\/produkt\/lastchance-bogenpresse-bodenstativ-ez-green\/#primaryimage"},"image":{"@id":"https:\/\/bogensportdiscount.ch\/produkt\/lastchance-bogenpresse-bodenstativ-ez-green\/#primaryimage"},"thumbnailUrl":"https:\/\/bogensportdiscount.ch\/wp-content\/uploads\/bsm-images\/A018498_1.png","datePublished":"2026-04-05T12:39:39+00:00","dateModified":"2026-05-14T13:25:42+00:00","description":"LASTCHANCE BOGENPRESSE TEILE BODENST\u00c4NDER F\u00dcR EZ g\u00fcnstig kaufen bei Bogensportdiscount \u2013 Top-Marken, schneller Versand aus der Schweiz.","breadcrumb":{"@id":"https:\/\/bogensportdiscount.ch\/produkt\/lastchance-bogenpresse-bodenstativ-ez-green\/#breadcrumb"},"inLanguage":"fr-FR","potentialAction":[{"@type":"ReadAction","target":["https:\/\/bogensportdiscount.ch\/produkt\/lastchance-bogenpresse-bodenstativ-ez-green\/"]}]},{"@type":"ImageObject","inLanguage":"fr-FR","@id":"https:\/\/bogensportdiscount.ch\/produkt\/lastchance-bogenpresse-bodenstativ-ez-green\/#primaryimage","url":"https:\/\/bogensportdiscount.ch\/wp-content\/uploads\/bsm-images\/A018498_1.png","contentUrl":"https:\/\/bogensportdiscount.ch\/wp-content\/uploads\/bsm-images\/A018498_1.png","width":878,"height":957},{"@type":"BreadcrumbList","@id":"https:\/\/bogensportdiscount.ch\/produkt\/lastchance-bogenpresse-bodenstativ-ez-green\/#breadcrumb","itemListElement":[{"@type":"ListItem","position":1,"name":"Home","item":"https:\/\/bogensportdiscount.ch\/"},{"@type":"ListItem","position":2,"name":"Shop","item":"https:\/\/bogensportdiscount.ch\/shop\/"},{"@type":"ListItem","position":3,"name":"LASTCHANCE BOW PRESS PARTS FLOOR STAND FOR EZ"}]},{"@type":"WebSite","@id":"https:\/\/bogensportdiscount.ch\/#website","url":"https:\/\/bogensportdiscount.ch\/","name":"Bogensportdiscount","description":"","potentialAction":[{"@type":"SearchAction","target":{"@type":"EntryPoint","urlTemplate":"https:\/\/bogensportdiscount.ch\/?s={search_term_string}"},"query-input":{"@type":"PropertyValueSpecification","valueRequired":true,"valueName":"search_term_string"}}],"inLanguage":"fr-FR"}]}},"_links":{"self":[{"href":"https:\/\/bogensportdiscount.ch\/fr\/wp-json\/wp\/v2\/product\/397694","targetHints":{"allow":["GET"]}}],"collection":[{"href":"https:\/\/bogensportdiscount.ch\/fr\/wp-json\/wp\/v2\/product"}],"about":[{"href":"https:\/\/bogensportdiscount.ch\/fr\/wp-json\/wp\/v2\/types\/product"}],"replies":[{"embeddable":true,"href":"https:\/\/bogensportdiscount.ch\/fr\/wp-json\/wp\/v2\/comments?post=397694"}],"wp:featuredmedia":[{"embeddable":true,"href":"https:\/\/bogensportdiscount.ch\/fr\/wp-json\/wp\/v2\/media\/449548"}],"wp:attachment":[{"href":"https:\/\/bogensportdiscount.ch\/fr\/wp-json\/wp\/v2\/media?parent=397694"}],"wp:term":[{"taxonomy":"product_brand","embeddable":true,"href":"https:\/\/bogensportdiscount.ch\/fr\/wp-json\/wp\/v2\/product_brand?post=397694"},{"taxonomy":"product_cat","embeddable":true,"href":"https:\/\/bogensportdiscount.ch\/fr\/wp-json\/wp\/v2\/product_cat?post=397694"},{"taxonomy":"product_tag","embeddable":true,"href":"https:\/\/bogensportdiscount.ch\/fr\/wp-json\/wp\/v2\/product_tag?post=397694"}],"curies":[{"name":"wp","href":"https:\/\/api.w.org\/{rel}","templated":true}]}}