{"id":397595,"date":"2026-04-05T14:39:31","date_gmt":"2026-04-05T12:39:31","guid":{"rendered":"https:\/\/bogensportdiscount.ch\/produkt\/strings-for-crossbows-crosswire-zombie-350\/"},"modified":"2026-04-17T13:45:13","modified_gmt":"2026-04-17T11:45:13","slug":"barnett-compound-armbrustsehne-crosswire","status":"publish","type":"product","link":"https:\/\/bogensportdiscount.ch\/fr\/produit\/barnett-compound-armbrustsehne-crosswire\/","title":{"rendered":"CORDES BARNETT POUR CROSSBOWS CROSSWIRE"},"content":{"rendered":"<p>Die BARNETT Crosswire Armbrustsehne ist eine Ersatzsehne, die speziell f\u00fcr BARNETT Compound-Armbr\u00fcste der Crosswire-Reihe entwickelt wurde. Ein regelm\u00e4ssiger Sehnenwechsel ist wichtig, um die Leistung und Sicherheit der Armbrust langfristig zu erhalten.<\/p>\n<p>Als Original-Ersatzteil von BARNETT ist die Crosswire Sehne auf die Anforderungen der entsprechenden Armbrust-Modelle abgestimmt. Sie eignet sich sowohl f\u00fcr die Jagd als auch f\u00fcr den Freizeitsport.<\/p>\n<ul>\n<li>Ersatzsehne f\u00fcr BARNETT Compound-Armbr\u00fcste<\/li>\n<li>Kompatibel mit Crosswire-Modellen<\/li>\n<li>Original BARNETT Qualit\u00e4t<\/li>\n<\/ul>","protected":false},"excerpt":{"rendered":"<p><strong>Marque :<\/strong> Barnett<\/p>","protected":false},"featured_media":440196,"comment_status":"open","ping_status":"closed","template":"","meta":[],"product_brand":[421],"product_cat":[4175],"product_tag":[],"class_list":{"0":"post-397595","1":"product","2":"type-product","3":"status-publish","4":"has-post-thumbnail","6":"product_brand-barnett","7":"product_cat-compound-strings-cables","9":"first","10":"instock","11":"shipping-taxable","12":"purchasable","13":"product-type-variable"},"_links":{"self":[{"href":"https:\/\/bogensportdiscount.ch\/fr\/wp-json\/wp\/v2\/product\/397595","targetHints":{"allow":["GET"]}}],"collection":[{"href":"https:\/\/bogensportdiscount.ch\/fr\/wp-json\/wp\/v2\/product"}],"about":[{"href":"https:\/\/bogensportdiscount.ch\/fr\/wp-json\/wp\/v2\/types\/product"}],"replies":[{"embeddable":true,"href":"https:\/\/bogensportdiscount.ch\/fr\/wp-json\/wp\/v2\/comments?post=397595"}],"wp:featuredmedia":[{"embeddable":true,"href":"https:\/\/bogensportdiscount.ch\/fr\/wp-json\/wp\/v2\/media\/440196"}],"wp:attachment":[{"href":"https:\/\/bogensportdiscount.ch\/fr\/wp-json\/wp\/v2\/media?parent=397595"}],"wp:term":[{"taxonomy":"product_brand","embeddable":true,"href":"https:\/\/bogensportdiscount.ch\/fr\/wp-json\/wp\/v2\/product_brand?post=397595"},{"taxonomy":"product_cat","embeddable":true,"href":"https:\/\/bogensportdiscount.ch\/fr\/wp-json\/wp\/v2\/product_cat?post=397595"},{"taxonomy":"product_tag","embeddable":true,"href":"https:\/\/bogensportdiscount.ch\/fr\/wp-json\/wp\/v2\/product_tag?post=397595"}],"curies":[{"name":"wp","href":"https:\/\/api.w.org\/{rel}","templated":true}]}}