{"id":397576,"date":"2026-04-05T14:39:30","date_gmt":"2026-04-05T12:39:30","guid":{"rendered":"https:\/\/bogensportdiscount.ch\/produkt\/pin-nocks-flex-f1-small-groove-black-100-pk\/"},"modified":"2026-05-14T15:25:41","modified_gmt":"2026-05-14T13:25:41","slug":"flexarchery-pin-nocken-flex-f1-small-groove","status":"publish","type":"product","link":"https:\/\/bogensportdiscount.ch\/fr\/produit\/flexarchery-pin-nocken-flex-f1-small-groove\/","title":{"rendered":"FLEXARCHERY PIN NOCKS FLEX F1 SMALL GROOVE"},"content":{"rendered":"<p>Les encoches \u00e0 pin FLEXARCHERY Flex F1 avec Small Groove sont sp\u00e9cialement con\u00e7ues pour les tubes de fl\u00e8che n\u00e9cessitant une encoche de corde \u00e9troite (Small Groove). En tant qu'encoches \u00e0 pin, elles s'enfilent sur un pin ins\u00e9r\u00e9 dans le tube et permettent ainsi un changement rapide et facile des encoches.<\/p>\n<p>Les encoches sont disponibles en cinq couleurs \u2013 Noir, Vert, Orange, Rouge et Blanc \u2013 ce qui permet de les utiliser pour l'identification personnelle des fl\u00e8ches. Les conditionnements de 12 et 100 pi\u00e8ces couvrent aussi bien les besoins individuels que l'utilisation r\u00e9guli\u00e8re \u00e0 l'entra\u00eenement.<\/p>\n<ul>\n<li>Small Groove \u2013 encoche de corde \u00e9troite<\/li>\n<li>Syst\u00e8me d'encoche \u00e0 pin pour un remplacement facile<\/li>\n<li>Disponible en 5 couleurs<\/li>\n<li>Unit\u00e9s de conditionnement : 12 pcs. ou 100 pcs.<\/li>\n<\/ul>","protected":false},"excerpt":{"rendered":"<table>\n<tr>\n<th>Propri\u00e9t\u00e9<\/th>\n<th>Valeur<\/th>\n<\/tr>\n<tr>\n<td>Marque<\/td>\n<td>Flex-Archery<\/td>\n<\/tr>\n<tr>\n<td>Pays d'origine<\/td>\n<td>Espagne<\/td>\n<\/tr>\n<\/table>","protected":false},"featured_media":526330,"comment_status":"open","ping_status":"closed","template":"","meta":[],"product_brand":[447],"product_cat":[4297],"product_tag":[],"class_list":{"0":"post-397576","1":"product","2":"type-product","3":"status-publish","4":"has-post-thumbnail","6":"product_brand-flexarchery","7":"product_cat-pin-nocken-vanes-nocks-wraps","8":"product_shipping_class-bsd-standard","10":"first","11":"instock","12":"shipping-taxable","13":"purchasable","14":"product-type-variable"},"yoast_head":"<!-- This site is optimized with the Yoast SEO plugin v27.6 - https:\/\/yoast.com\/product\/yoast-seo-wordpress\/ -->\n<title>FLEXARCHERY PIN NOCKS FLEX F1 SMALL GROOVE - Bogensportdiscount \u2013 Arcs, fl\u00e8ches, cibles et accessoires<\/title>\n<meta name=\"description\" content=\"Achetez FLEXARCHERY PIN NOCKS FLEX F1 SMALL GROOVE \u00e0 prix avantageux chez Bogensportdiscount \u2013 Top marques, livraison rapide depuis la Suisse.\" \/>\n<meta name=\"robots\" content=\"index, follow, max-snippet:-1, max-image-preview:large, max-video-preview:-1\" \/>\n<link rel=\"canonical\" href=\"https:\/\/bogensportdiscount.ch\/fr\/produit\/flexarchery-pin-nocken-flex-f1-small-groove\/\" \/>\n<meta property=\"og:locale\" content=\"fr_FR\" \/>\n<meta property=\"og:type\" content=\"article\" \/>\n<meta property=\"og:title\" content=\"FLEXARCHERY PIN NOCKS FLEX F1 SMALL GROOVE - Bogensportdiscount \u2013 Arcs, fl\u00e8ches, cibles et accessoires\" \/>\n<meta property=\"og:description\" content=\"Achetez FLEXARCHERY PIN NOCKS FLEX F1 SMALL GROOVE \u00e0 prix avantageux chez Bogensportdiscount \u2013 Top marques, livraison rapide depuis la Suisse.\" \/>\n<meta property=\"og:url\" content=\"https:\/\/bogensportdiscount.ch\/fr\/produit\/flexarchery-pin-nocken-flex-f1-small-groove\/\" \/>\n<meta property=\"og:site_name\" content=\"Bogensportdiscount \u2013 B\u00f6gen, Pfeile, Targets &amp; Zubeh\u00f6r\" \/>\n<meta property=\"article:modified_time\" content=\"2026-05-14T13:25:41+00:00\" \/>\n<meta property=\"og:image\" content=\"https:\/\/bogensportdiscount.ch\/wp-content\/uploads\/2026\/04\/a030617_1.jpg\" \/>\n\t<meta property=\"og:image:width\" content=\"350\" \/>\n\t<meta property=\"og:image:height\" content=\"400\" \/>\n\t<meta property=\"og:image:type\" content=\"image\/jpeg\" \/>\n<meta name=\"twitter:card\" content=\"summary_large_image\" \/>\n<meta name=\"twitter:label1\" content=\"Dur\u00e9e de lecture estim\u00e9e\" \/>\n\t<meta name=\"twitter:data1\" content=\"1 minute\" \/>\n<script type=\"application\/ld+json\" class=\"yoast-schema-graph\">{\"@context\":\"https:\\\/\\\/schema.org\",\"@graph\":[{\"@type\":\"WebPage\",\"@id\":\"https:\\\/\\\/bogensportdiscount.ch\\\/produkt\\\/flexarchery-pin-nocken-flex-f1-small-groove\\\/\",\"url\":\"https:\\\/\\\/bogensportdiscount.ch\\\/produkt\\\/flexarchery-pin-nocken-flex-f1-small-groove\\\/\",\"name\":\"FLEXARCHERY PIN NOCKS FLEX F1 SMALL GROOVE - Bogensportdiscount \u2013 B\u00f6gen, Pfeile, Targets &amp; Zubeh\u00f6r\",\"isPartOf\":{\"@id\":\"https:\\\/\\\/bogensportdiscount.ch\\\/#website\"},\"primaryImageOfPage\":{\"@id\":\"https:\\\/\\\/bogensportdiscount.ch\\\/produkt\\\/flexarchery-pin-nocken-flex-f1-small-groove\\\/#primaryimage\"},\"image\":{\"@id\":\"https:\\\/\\\/bogensportdiscount.ch\\\/produkt\\\/flexarchery-pin-nocken-flex-f1-small-groove\\\/#primaryimage\"},\"thumbnailUrl\":\"https:\\\/\\\/bogensportdiscount.ch\\\/wp-content\\\/uploads\\\/2026\\\/04\\\/a030617_1.jpg\",\"datePublished\":\"2026-04-05T12:39:30+00:00\",\"dateModified\":\"2026-05-14T13:25:41+00:00\",\"description\":\"FLEXARCHERY PIN NOCKS FLEX F1 SMALL GROOVE g\u00fcnstig kaufen bei Bogensportdiscount \u2013 Top-Marken, schneller Versand aus der Schweiz.\",\"breadcrumb\":{\"@id\":\"https:\\\/\\\/bogensportdiscount.ch\\\/produkt\\\/flexarchery-pin-nocken-flex-f1-small-groove\\\/#breadcrumb\"},\"inLanguage\":\"fr-FR\",\"potentialAction\":[{\"@type\":\"ReadAction\",\"target\":[\"https:\\\/\\\/bogensportdiscount.ch\\\/produkt\\\/flexarchery-pin-nocken-flex-f1-small-groove\\\/\"]}]},{\"@type\":\"ImageObject\",\"inLanguage\":\"fr-FR\",\"@id\":\"https:\\\/\\\/bogensportdiscount.ch\\\/produkt\\\/flexarchery-pin-nocken-flex-f1-small-groove\\\/#primaryimage\",\"url\":\"https:\\\/\\\/bogensportdiscount.ch\\\/wp-content\\\/uploads\\\/2026\\\/04\\\/a030617_1.jpg\",\"contentUrl\":\"https:\\\/\\\/bogensportdiscount.ch\\\/wp-content\\\/uploads\\\/2026\\\/04\\\/a030617_1.jpg\",\"width\":350,\"height\":400},{\"@type\":\"BreadcrumbList\",\"@id\":\"https:\\\/\\\/bogensportdiscount.ch\\\/produkt\\\/flexarchery-pin-nocken-flex-f1-small-groove\\\/#breadcrumb\",\"itemListElement\":[{\"@type\":\"ListItem\",\"position\":1,\"name\":\"Home\",\"item\":\"https:\\\/\\\/bogensportdiscount.ch\\\/\"},{\"@type\":\"ListItem\",\"position\":2,\"name\":\"Shop\",\"item\":\"https:\\\/\\\/bogensportdiscount.ch\\\/shop\\\/\"},{\"@type\":\"ListItem\",\"position\":3,\"name\":\"FLEXARCHERY PIN NOCKS FLEX F1 SMALL GROOVE\"}]},{\"@type\":\"WebSite\",\"@id\":\"https:\\\/\\\/bogensportdiscount.ch\\\/#website\",\"url\":\"https:\\\/\\\/bogensportdiscount.ch\\\/\",\"name\":\"Bogensportdiscount\",\"description\":\"\",\"potentialAction\":[{\"@type\":\"SearchAction\",\"target\":{\"@type\":\"EntryPoint\",\"urlTemplate\":\"https:\\\/\\\/bogensportdiscount.ch\\\/?s={search_term_string}\"},\"query-input\":{\"@type\":\"PropertyValueSpecification\",\"valueRequired\":true,\"valueName\":\"search_term_string\"}}],\"inLanguage\":\"fr-FR\"}]}<\/script>\n<!-- \/ Yoast SEO plugin. -->","yoast_head_json":{"title":"FLEXARCHERY PIN NOCKS FLEX F1 SMALL GROOVE - Bogensportdiscount \u2013 Arcs, fl\u00e8ches, cibles et accessoires","description":"Achetez FLEXARCHERY PIN NOCKS FLEX F1 SMALL GROOVE \u00e0 prix avantageux chez Bogensportdiscount \u2013 Top marques, livraison rapide depuis la Suisse.","robots":{"index":"index","follow":"follow","max-snippet":"max-snippet:-1","max-image-preview":"max-image-preview:large","max-video-preview":"max-video-preview:-1"},"canonical":"https:\/\/bogensportdiscount.ch\/fr\/produit\/flexarchery-pin-nocken-flex-f1-small-groove\/","og_locale":"fr_FR","og_type":"article","og_title":"FLEXARCHERY PIN NOCKS FLEX F1 SMALL GROOVE - Bogensportdiscount \u2013 Arcs, fl\u00e8ches, cibles et accessoires","og_description":"Achetez FLEXARCHERY PIN NOCKS FLEX F1 SMALL GROOVE \u00e0 prix avantageux chez Bogensportdiscount \u2013 Top marques, livraison rapide depuis la Suisse.","og_url":"https:\/\/bogensportdiscount.ch\/fr\/produit\/flexarchery-pin-nocken-flex-f1-small-groove\/","og_site_name":"Bogensportdiscount \u2013 B\u00f6gen, Pfeile, Targets &amp; Zubeh\u00f6r","article_modified_time":"2026-05-14T13:25:41+00:00","og_image":[{"width":350,"height":400,"url":"https:\/\/bogensportdiscount.ch\/wp-content\/uploads\/2026\/04\/a030617_1.jpg","type":"image\/jpeg"}],"twitter_card":"summary_large_image","twitter_misc":{"Dur\u00e9e de lecture estim\u00e9e":"1 minute"},"schema":{"@context":"https:\/\/schema.org","@graph":[{"@type":"WebPage","@id":"https:\/\/bogensportdiscount.ch\/produkt\/flexarchery-pin-nocken-flex-f1-small-groove\/","url":"https:\/\/bogensportdiscount.ch\/produkt\/flexarchery-pin-nocken-flex-f1-small-groove\/","name":"FLEXARCHERY PIN NOCKS FLEX F1 SMALL GROOVE - Bogensportdiscount \u2013 Arcs, fl\u00e8ches, cibles et accessoires","isPartOf":{"@id":"https:\/\/bogensportdiscount.ch\/#website"},"primaryImageOfPage":{"@id":"https:\/\/bogensportdiscount.ch\/produkt\/flexarchery-pin-nocken-flex-f1-small-groove\/#primaryimage"},"image":{"@id":"https:\/\/bogensportdiscount.ch\/produkt\/flexarchery-pin-nocken-flex-f1-small-groove\/#primaryimage"},"thumbnailUrl":"https:\/\/bogensportdiscount.ch\/wp-content\/uploads\/2026\/04\/a030617_1.jpg","datePublished":"2026-04-05T12:39:30+00:00","dateModified":"2026-05-14T13:25:41+00:00","description":"Achetez FLEXARCHERY PIN NOCKS FLEX F1 SMALL GROOVE \u00e0 prix avantageux chez Bogensportdiscount \u2013 Top marques, livraison rapide depuis la Suisse.","breadcrumb":{"@id":"https:\/\/bogensportdiscount.ch\/produkt\/flexarchery-pin-nocken-flex-f1-small-groove\/#breadcrumb"},"inLanguage":"fr-FR","potentialAction":[{"@type":"ReadAction","target":["https:\/\/bogensportdiscount.ch\/produkt\/flexarchery-pin-nocken-flex-f1-small-groove\/"]}]},{"@type":"ImageObject","inLanguage":"fr-FR","@id":"https:\/\/bogensportdiscount.ch\/produkt\/flexarchery-pin-nocken-flex-f1-small-groove\/#primaryimage","url":"https:\/\/bogensportdiscount.ch\/wp-content\/uploads\/2026\/04\/a030617_1.jpg","contentUrl":"https:\/\/bogensportdiscount.ch\/wp-content\/uploads\/2026\/04\/a030617_1.jpg","width":350,"height":400},{"@type":"BreadcrumbList","@id":"https:\/\/bogensportdiscount.ch\/produkt\/flexarchery-pin-nocken-flex-f1-small-groove\/#breadcrumb","itemListElement":[{"@type":"ListItem","position":1,"name":"Home","item":"https:\/\/bogensportdiscount.ch\/"},{"@type":"ListItem","position":2,"name":"Shop","item":"https:\/\/bogensportdiscount.ch\/shop\/"},{"@type":"ListItem","position":3,"name":"FLEXARCHERY PIN NOCKS FLEX F1 SMALL GROOVE"}]},{"@type":"WebSite","@id":"https:\/\/bogensportdiscount.ch\/#website","url":"https:\/\/bogensportdiscount.ch\/","name":"Bogensportdiscount","description":"","potentialAction":[{"@type":"SearchAction","target":{"@type":"EntryPoint","urlTemplate":"https:\/\/bogensportdiscount.ch\/?s={search_term_string}"},"query-input":{"@type":"PropertyValueSpecification","valueRequired":true,"valueName":"search_term_string"}}],"inLanguage":"fr-FR"}]}},"_links":{"self":[{"href":"https:\/\/bogensportdiscount.ch\/fr\/wp-json\/wp\/v2\/product\/397576","targetHints":{"allow":["GET"]}}],"collection":[{"href":"https:\/\/bogensportdiscount.ch\/fr\/wp-json\/wp\/v2\/product"}],"about":[{"href":"https:\/\/bogensportdiscount.ch\/fr\/wp-json\/wp\/v2\/types\/product"}],"replies":[{"embeddable":true,"href":"https:\/\/bogensportdiscount.ch\/fr\/wp-json\/wp\/v2\/comments?post=397576"}],"wp:featuredmedia":[{"embeddable":true,"href":"https:\/\/bogensportdiscount.ch\/fr\/wp-json\/wp\/v2\/media\/526330"}],"wp:attachment":[{"href":"https:\/\/bogensportdiscount.ch\/fr\/wp-json\/wp\/v2\/media?parent=397576"}],"wp:term":[{"taxonomy":"product_brand","embeddable":true,"href":"https:\/\/bogensportdiscount.ch\/fr\/wp-json\/wp\/v2\/product_brand?post=397576"},{"taxonomy":"product_cat","embeddable":true,"href":"https:\/\/bogensportdiscount.ch\/fr\/wp-json\/wp\/v2\/product_cat?post=397576"},{"taxonomy":"product_tag","embeddable":true,"href":"https:\/\/bogensportdiscount.ch\/fr\/wp-json\/wp\/v2\/product_tag?post=397576"}],"curies":[{"name":"wp","href":"https:\/\/api.w.org\/{rel}","templated":true}]}}