{"id":397537,"date":"2026-04-05T14:39:26","date_gmt":"2026-04-05T12:39:26","guid":{"rendered":"https:\/\/bogensportdiscount.ch\/produkt\/bow-quivers-arrow-web-hd-6-arrows-black\/"},"modified":"2026-04-17T13:45:12","modified_gmt":"2026-04-17T11:45:12","slug":"mathews-bogenkoecher-arrow-web-hd-6-arrows","status":"publish","type":"product","link":"https:\/\/bogensportdiscount.ch\/fr\/produit\/mathews-bogenkoecher-arrow-web-hd-6-arrows\/","title":{"rendered":"MATHEWS BOW QUIVERS ARROW WEB HD-6 ARROWS"},"content":{"rendered":"<p>Der MATHEWS Arrow Web HD-6 Bogenk\u00f6cher ist speziell f\u00fcr die Verwendung an MATHEWS Compoundb\u00f6gen konzipiert. Er fasst bis zu 6 Pfeile und l\u00e4sst sich direkt am Bogen befestigen, sodass die Pfeile jederzeit griffbereit sind.<\/p>\n<p>Der K\u00f6cher ist in den Farbvarianten Black, Green und Subalpine erh\u00e4ltlich und l\u00e4sst sich so an unterschiedliche Einsatzbereiche und pers\u00f6nliche Vorlieben anpassen.<\/p>\n<ul>\n<li>Kapazit\u00e4t f\u00fcr 6 Pfeile<\/li>\n<li>Direkte Befestigung am Bogen<\/li>\n<li>Verf\u00fcgbar in Black, Green und Subalpine<\/li>\n<li>Passend f\u00fcr MATHEWS Compoundb\u00f6gen<\/li>\n<\/ul>","protected":false},"excerpt":{"rendered":"<p><strong>Marque :<\/strong> Mathews<\/p>","protected":false},"featured_media":449530,"comment_status":"open","ping_status":"closed","template":"","meta":[],"product_brand":[427],"product_cat":[4163],"product_tag":[],"class_list":{"0":"post-397537","1":"product","2":"type-product","3":"status-publish","4":"has-post-thumbnail","6":"product_brand-mathews","7":"product_cat-anbaukoecher","9":"first","10":"instock","11":"shipping-taxable","12":"purchasable","13":"product-type-variable"},"_links":{"self":[{"href":"https:\/\/bogensportdiscount.ch\/fr\/wp-json\/wp\/v2\/product\/397537","targetHints":{"allow":["GET"]}}],"collection":[{"href":"https:\/\/bogensportdiscount.ch\/fr\/wp-json\/wp\/v2\/product"}],"about":[{"href":"https:\/\/bogensportdiscount.ch\/fr\/wp-json\/wp\/v2\/types\/product"}],"replies":[{"embeddable":true,"href":"https:\/\/bogensportdiscount.ch\/fr\/wp-json\/wp\/v2\/comments?post=397537"}],"wp:featuredmedia":[{"embeddable":true,"href":"https:\/\/bogensportdiscount.ch\/fr\/wp-json\/wp\/v2\/media\/449530"}],"wp:attachment":[{"href":"https:\/\/bogensportdiscount.ch\/fr\/wp-json\/wp\/v2\/media?parent=397537"}],"wp:term":[{"taxonomy":"product_brand","embeddable":true,"href":"https:\/\/bogensportdiscount.ch\/fr\/wp-json\/wp\/v2\/product_brand?post=397537"},{"taxonomy":"product_cat","embeddable":true,"href":"https:\/\/bogensportdiscount.ch\/fr\/wp-json\/wp\/v2\/product_cat?post=397537"},{"taxonomy":"product_tag","embeddable":true,"href":"https:\/\/bogensportdiscount.ch\/fr\/wp-json\/wp\/v2\/product_tag?post=397537"}],"curies":[{"name":"wp","href":"https:\/\/api.w.org\/{rel}","templated":true}]}}