{"id":397470,"date":"2026-04-05T14:39:20","date_gmt":"2026-04-05T12:39:20","guid":{"rendered":"https:\/\/bogensportdiscount.ch\/produkt\/string-dampers-silencers-vibe-rubber-whiskers-white-w-black-1pr\/"},"modified":"2026-05-14T15:25:40","modified_gmt":"2026-05-14T13:25:40","slug":"omp-sehnenhaempfer-vibe-rubber-whiskers","status":"publish","type":"product","link":"https:\/\/bogensportdiscount.ch\/fr\/produit\/omp-sehnenhaempfer-vibe-rubber-whiskers\/","title":{"rendered":"OMP AMORTISSEUR DE CORDE SILENCER VIBE CAOUTCHOUC WHISKER 1PR"},"content":{"rendered":"<p>Les OMP Vibe Rubber Whiskers sont des amortisseurs de corde pour arcs classiques et arcs longs. Ils sont directement int\u00e9gr\u00e9s dans la corde d'arc et amortissent efficacement les vibrations ainsi que les bruits de tir.<\/p>\n<p>Les whiskers sont en caoutchouc et se montent facilement sans outil. Ils sont disponibles dans les couleurs noir, vert et rouge, permettant une personnalisation individuelle en fonction du setup de l'arc.<\/p>\n<ul>\n<li>R\u00e9duit les vibrations et les bruits de tir<\/li>\n<li>Montage facile directement sur la corde<\/li>\n<li>Mat\u00e9riau : Caoutchouc<\/li>\n<li>Disponible en noir, vert et rouge<\/li>\n<\/ul>","protected":false},"excerpt":{"rendered":"<table>\n<tr>\n<th>Propri\u00e9t\u00e9<\/th>\n<th>Valeur<\/th>\n<\/tr>\n<tr>\n<td>Marque<\/td>\n<td>OMP<\/td>\n<\/tr>\n<tr>\n<td>Pays d'origine<\/td>\n<td>USA<\/td>\n<\/tr>\n<\/table>","protected":false},"featured_media":449510,"comment_status":"open","ping_status":"closed","template":"","meta":[],"product_brand":[795],"product_cat":[4198],"product_tag":[],"class_list":{"0":"post-397470","1":"product","2":"type-product","3":"status-publish","4":"has-post-thumbnail","6":"product_brand-omp","7":"product_cat-sehnen-daempfer","8":"product_shipping_class-bsd-standard","10":"first","11":"instock","12":"shipping-taxable","13":"purchasable","14":"product-type-variable"},"yoast_head":"<!-- This site is optimized with the Yoast SEO plugin v27.6 - https:\/\/yoast.com\/product\/yoast-seo-wordpress\/ -->\n<title>OMP SEHNEN-D\u00c4MPFER SILENCER VIBE GUMMI WHISKER 1PR - Bogensportdiscount \u2013 B\u00f6gen, Pfeile, Targets &amp; Zubeh\u00f6r<\/title>\n<meta name=\"description\" content=\"OMP SEHNEN-D\u00c4MPFER SILENCER VIBE GUMMI WHISKER 1PR g\u00fcnstig kaufen bei Bogensportdiscount \u2013 Top-Marken, schneller Versand aus der Schweiz.\" \/>\n<meta name=\"robots\" content=\"index, follow, max-snippet:-1, max-image-preview:large, max-video-preview:-1\" \/>\n<link rel=\"canonical\" href=\"https:\/\/bogensportdiscount.ch\/fr\/produit\/omp-sehnenhaempfer-vibe-rubber-whiskers\/\" \/>\n<meta property=\"og:locale\" content=\"fr_FR\" \/>\n<meta property=\"og:type\" content=\"article\" \/>\n<meta property=\"og:title\" content=\"OMP SEHNEN-D\u00c4MPFER SILENCER VIBE GUMMI WHISKER 1PR - Bogensportdiscount \u2013 B\u00f6gen, Pfeile, Targets &amp; Zubeh\u00f6r\" \/>\n<meta property=\"og:description\" content=\"OMP SEHNEN-D\u00c4MPFER SILENCER VIBE GUMMI WHISKER 1PR g\u00fcnstig kaufen bei Bogensportdiscount \u2013 Top-Marken, schneller Versand aus der Schweiz.\" \/>\n<meta property=\"og:url\" content=\"https:\/\/bogensportdiscount.ch\/fr\/produit\/omp-sehnenhaempfer-vibe-rubber-whiskers\/\" \/>\n<meta property=\"og:site_name\" content=\"Bogensportdiscount \u2013 B\u00f6gen, Pfeile, Targets &amp; Zubeh\u00f6r\" \/>\n<meta property=\"article:modified_time\" content=\"2026-05-14T13:25:40+00:00\" \/>\n<meta property=\"og:image\" content=\"https:\/\/bogensportdiscount.ch\/wp-content\/uploads\/bsm-images\/A017413_1.png\" \/>\n\t<meta property=\"og:image:width\" content=\"1181\" \/>\n\t<meta property=\"og:image:height\" content=\"1184\" \/>\n\t<meta property=\"og:image:type\" content=\"image\/png\" \/>\n<meta name=\"twitter:card\" content=\"summary_large_image\" \/>\n<script type=\"application\/ld+json\" class=\"yoast-schema-graph\">{\"@context\":\"https:\\\/\\\/schema.org\",\"@graph\":[{\"@type\":\"WebPage\",\"@id\":\"https:\\\/\\\/bogensportdiscount.ch\\\/produkt\\\/omp-sehnenhaempfer-vibe-rubber-whiskers\\\/\",\"url\":\"https:\\\/\\\/bogensportdiscount.ch\\\/produkt\\\/omp-sehnenhaempfer-vibe-rubber-whiskers\\\/\",\"name\":\"OMP SEHNEN-D\u00c4MPFER SILENCER VIBE GUMMI WHISKER 1PR - Bogensportdiscount \u2013 B\u00f6gen, Pfeile, Targets &amp; Zubeh\u00f6r\",\"isPartOf\":{\"@id\":\"https:\\\/\\\/bogensportdiscount.ch\\\/#website\"},\"primaryImageOfPage\":{\"@id\":\"https:\\\/\\\/bogensportdiscount.ch\\\/produkt\\\/omp-sehnenhaempfer-vibe-rubber-whiskers\\\/#primaryimage\"},\"image\":{\"@id\":\"https:\\\/\\\/bogensportdiscount.ch\\\/produkt\\\/omp-sehnenhaempfer-vibe-rubber-whiskers\\\/#primaryimage\"},\"thumbnailUrl\":\"https:\\\/\\\/bogensportdiscount.ch\\\/wp-content\\\/uploads\\\/bsm-images\\\/A017413_1.png\",\"datePublished\":\"2026-04-05T12:39:20+00:00\",\"dateModified\":\"2026-05-14T13:25:40+00:00\",\"description\":\"OMP SEHNEN-D\u00c4MPFER SILENCER VIBE GUMMI WHISKER 1PR g\u00fcnstig kaufen bei Bogensportdiscount \u2013 Top-Marken, schneller Versand aus der Schweiz.\",\"breadcrumb\":{\"@id\":\"https:\\\/\\\/bogensportdiscount.ch\\\/produkt\\\/omp-sehnenhaempfer-vibe-rubber-whiskers\\\/#breadcrumb\"},\"inLanguage\":\"fr-FR\",\"potentialAction\":[{\"@type\":\"ReadAction\",\"target\":[\"https:\\\/\\\/bogensportdiscount.ch\\\/produkt\\\/omp-sehnenhaempfer-vibe-rubber-whiskers\\\/\"]}]},{\"@type\":\"ImageObject\",\"inLanguage\":\"fr-FR\",\"@id\":\"https:\\\/\\\/bogensportdiscount.ch\\\/produkt\\\/omp-sehnenhaempfer-vibe-rubber-whiskers\\\/#primaryimage\",\"url\":\"https:\\\/\\\/bogensportdiscount.ch\\\/wp-content\\\/uploads\\\/bsm-images\\\/A017413_1.png\",\"contentUrl\":\"https:\\\/\\\/bogensportdiscount.ch\\\/wp-content\\\/uploads\\\/bsm-images\\\/A017413_1.png\",\"width\":1181,\"height\":1184},{\"@type\":\"BreadcrumbList\",\"@id\":\"https:\\\/\\\/bogensportdiscount.ch\\\/produkt\\\/omp-sehnenhaempfer-vibe-rubber-whiskers\\\/#breadcrumb\",\"itemListElement\":[{\"@type\":\"ListItem\",\"position\":1,\"name\":\"Home\",\"item\":\"https:\\\/\\\/bogensportdiscount.ch\\\/\"},{\"@type\":\"ListItem\",\"position\":2,\"name\":\"Shop\",\"item\":\"https:\\\/\\\/bogensportdiscount.ch\\\/shop\\\/\"},{\"@type\":\"ListItem\",\"position\":3,\"name\":\"OMP STRING DAMPERS SILENCERS VIBE RUBBER WHISKERS 1PR\"}]},{\"@type\":\"WebSite\",\"@id\":\"https:\\\/\\\/bogensportdiscount.ch\\\/#website\",\"url\":\"https:\\\/\\\/bogensportdiscount.ch\\\/\",\"name\":\"Bogensportdiscount\",\"description\":\"\",\"potentialAction\":[{\"@type\":\"SearchAction\",\"target\":{\"@type\":\"EntryPoint\",\"urlTemplate\":\"https:\\\/\\\/bogensportdiscount.ch\\\/?s={search_term_string}\"},\"query-input\":{\"@type\":\"PropertyValueSpecification\",\"valueRequired\":true,\"valueName\":\"search_term_string\"}}],\"inLanguage\":\"fr-FR\"}]}<\/script>\n<!-- \/ Yoast SEO plugin. -->","yoast_head_json":{"title":"OMP SEHNEN-D\u00c4MPFER SILENCER VIBE GUMMI WHISKER 1PR - Bogensportdiscount \u2013 B\u00f6gen, Pfeile, Targets &amp; Zubeh\u00f6r","description":"OMP SEHNEN-D\u00c4MPFER SILENCER VIBE GUMMI WHISKER 1PR g\u00fcnstig kaufen bei Bogensportdiscount \u2013 Top-Marken, schneller Versand aus der Schweiz.","robots":{"index":"index","follow":"follow","max-snippet":"max-snippet:-1","max-image-preview":"max-image-preview:large","max-video-preview":"max-video-preview:-1"},"canonical":"https:\/\/bogensportdiscount.ch\/fr\/produit\/omp-sehnenhaempfer-vibe-rubber-whiskers\/","og_locale":"fr_FR","og_type":"article","og_title":"OMP SEHNEN-D\u00c4MPFER SILENCER VIBE GUMMI WHISKER 1PR - Bogensportdiscount \u2013 B\u00f6gen, Pfeile, Targets &amp; Zubeh\u00f6r","og_description":"OMP SEHNEN-D\u00c4MPFER SILENCER VIBE GUMMI WHISKER 1PR g\u00fcnstig kaufen bei Bogensportdiscount \u2013 Top-Marken, schneller Versand aus der Schweiz.","og_url":"https:\/\/bogensportdiscount.ch\/fr\/produit\/omp-sehnenhaempfer-vibe-rubber-whiskers\/","og_site_name":"Bogensportdiscount \u2013 B\u00f6gen, Pfeile, Targets &amp; Zubeh\u00f6r","article_modified_time":"2026-05-14T13:25:40+00:00","og_image":[{"width":1181,"height":1184,"url":"https:\/\/bogensportdiscount.ch\/wp-content\/uploads\/bsm-images\/A017413_1.png","type":"image\/png"}],"twitter_card":"summary_large_image","schema":{"@context":"https:\/\/schema.org","@graph":[{"@type":"WebPage","@id":"https:\/\/bogensportdiscount.ch\/produkt\/omp-sehnenhaempfer-vibe-rubber-whiskers\/","url":"https:\/\/bogensportdiscount.ch\/produkt\/omp-sehnenhaempfer-vibe-rubber-whiskers\/","name":"OMP SEHNEN-D\u00c4MPFER SILENCER VIBE GUMMI WHISKER 1PR - Bogensportdiscount \u2013 B\u00f6gen, Pfeile, Targets &amp; Zubeh\u00f6r","isPartOf":{"@id":"https:\/\/bogensportdiscount.ch\/#website"},"primaryImageOfPage":{"@id":"https:\/\/bogensportdiscount.ch\/produkt\/omp-sehnenhaempfer-vibe-rubber-whiskers\/#primaryimage"},"image":{"@id":"https:\/\/bogensportdiscount.ch\/produkt\/omp-sehnenhaempfer-vibe-rubber-whiskers\/#primaryimage"},"thumbnailUrl":"https:\/\/bogensportdiscount.ch\/wp-content\/uploads\/bsm-images\/A017413_1.png","datePublished":"2026-04-05T12:39:20+00:00","dateModified":"2026-05-14T13:25:40+00:00","description":"OMP SEHNEN-D\u00c4MPFER SILENCER VIBE GUMMI WHISKER 1PR g\u00fcnstig kaufen bei Bogensportdiscount \u2013 Top-Marken, schneller Versand aus der Schweiz.","breadcrumb":{"@id":"https:\/\/bogensportdiscount.ch\/produkt\/omp-sehnenhaempfer-vibe-rubber-whiskers\/#breadcrumb"},"inLanguage":"fr-FR","potentialAction":[{"@type":"ReadAction","target":["https:\/\/bogensportdiscount.ch\/produkt\/omp-sehnenhaempfer-vibe-rubber-whiskers\/"]}]},{"@type":"ImageObject","inLanguage":"fr-FR","@id":"https:\/\/bogensportdiscount.ch\/produkt\/omp-sehnenhaempfer-vibe-rubber-whiskers\/#primaryimage","url":"https:\/\/bogensportdiscount.ch\/wp-content\/uploads\/bsm-images\/A017413_1.png","contentUrl":"https:\/\/bogensportdiscount.ch\/wp-content\/uploads\/bsm-images\/A017413_1.png","width":1181,"height":1184},{"@type":"BreadcrumbList","@id":"https:\/\/bogensportdiscount.ch\/produkt\/omp-sehnenhaempfer-vibe-rubber-whiskers\/#breadcrumb","itemListElement":[{"@type":"ListItem","position":1,"name":"Home","item":"https:\/\/bogensportdiscount.ch\/"},{"@type":"ListItem","position":2,"name":"Shop","item":"https:\/\/bogensportdiscount.ch\/shop\/"},{"@type":"ListItem","position":3,"name":"OMP STRING DAMPERS SILENCERS VIBE RUBBER WHISKERS 1PR"}]},{"@type":"WebSite","@id":"https:\/\/bogensportdiscount.ch\/#website","url":"https:\/\/bogensportdiscount.ch\/","name":"Bogensportdiscount","description":"","potentialAction":[{"@type":"SearchAction","target":{"@type":"EntryPoint","urlTemplate":"https:\/\/bogensportdiscount.ch\/?s={search_term_string}"},"query-input":{"@type":"PropertyValueSpecification","valueRequired":true,"valueName":"search_term_string"}}],"inLanguage":"fr-FR"}]}},"_links":{"self":[{"href":"https:\/\/bogensportdiscount.ch\/fr\/wp-json\/wp\/v2\/product\/397470","targetHints":{"allow":["GET"]}}],"collection":[{"href":"https:\/\/bogensportdiscount.ch\/fr\/wp-json\/wp\/v2\/product"}],"about":[{"href":"https:\/\/bogensportdiscount.ch\/fr\/wp-json\/wp\/v2\/types\/product"}],"replies":[{"embeddable":true,"href":"https:\/\/bogensportdiscount.ch\/fr\/wp-json\/wp\/v2\/comments?post=397470"}],"wp:featuredmedia":[{"embeddable":true,"href":"https:\/\/bogensportdiscount.ch\/fr\/wp-json\/wp\/v2\/media\/449510"}],"wp:attachment":[{"href":"https:\/\/bogensportdiscount.ch\/fr\/wp-json\/wp\/v2\/media?parent=397470"}],"wp:term":[{"taxonomy":"product_brand","embeddable":true,"href":"https:\/\/bogensportdiscount.ch\/fr\/wp-json\/wp\/v2\/product_brand?post=397470"},{"taxonomy":"product_cat","embeddable":true,"href":"https:\/\/bogensportdiscount.ch\/fr\/wp-json\/wp\/v2\/product_cat?post=397470"},{"taxonomy":"product_tag","embeddable":true,"href":"https:\/\/bogensportdiscount.ch\/fr\/wp-json\/wp\/v2\/product_tag?post=397470"}],"curies":[{"name":"wp","href":"https:\/\/api.w.org\/{rel}","templated":true}]}}