{"id":397411,"date":"2026-04-05T14:39:15","date_gmt":"2026-04-05T12:39:15","guid":{"rendered":"https:\/\/bogensportdiscount.ch\/produkt\/recurve-strings-carrera-99r-68-16-strands-twotone-white-gray\/"},"modified":"2026-04-17T13:45:10","modified_gmt":"2026-04-17T11:45:10","slug":"avalon-recurve-sehne-carrera-99r-68-zoll-16-strands","status":"publish","type":"product","link":"https:\/\/bogensportdiscount.ch\/fr\/produit\/avalon-recurve-sehne-carrera-99r-68-zoll-16-strands\/","title":{"rendered":"AVALON RECURVE STRINGS CARRERA 99R 68\u2033 16 BRINS"},"content":{"rendered":"<p>Die AVALON Carrera 99R ist eine Recurve-Bogensehne f\u00fcr den Einsatz an Recurveb\u00f6gen mit einer L\u00e4nge von 68 Zoll. Mit 16 Strands bietet sie eine solide Grundlage f\u00fcr Training und Wettkampf.<\/p>\n<p>Die Sehne ist in f\u00fcnf Farbkombinationen erh\u00e4ltlich \u2013 Black, Black\/Blue, Black\/Orange, Black\/Red sowie White \u2013 und l\u00e4sst sich so individuell an Bogen und pers\u00f6nliche Vorlieben anpassen.<\/p>\n<ul>\n<li>L\u00e4nge: 68 Zoll<\/li>\n<li>16 Strands<\/li>\n<li>Geeignet f\u00fcr Recurveb\u00f6gen<\/li>\n<li>Erh\u00e4ltlich in 5 Farbvarianten<\/li>\n<\/ul>","protected":false},"excerpt":{"rendered":"<p><strong>Marque :<\/strong> Avalon<\/p>","protected":false},"featured_media":449496,"comment_status":"open","ping_status":"closed","template":"","meta":[],"product_brand":[449],"product_cat":[4638],"product_tag":[],"class_list":{"0":"post-397411","1":"product","2":"type-product","3":"status-publish","4":"has-post-thumbnail","6":"product_brand-avalon","7":"product_cat-recurve-strings-sehnen-kabel-bogen-zubehoer","9":"first","10":"instock","11":"shipping-taxable","12":"purchasable","13":"product-type-variable"},"_links":{"self":[{"href":"https:\/\/bogensportdiscount.ch\/fr\/wp-json\/wp\/v2\/product\/397411","targetHints":{"allow":["GET"]}}],"collection":[{"href":"https:\/\/bogensportdiscount.ch\/fr\/wp-json\/wp\/v2\/product"}],"about":[{"href":"https:\/\/bogensportdiscount.ch\/fr\/wp-json\/wp\/v2\/types\/product"}],"replies":[{"embeddable":true,"href":"https:\/\/bogensportdiscount.ch\/fr\/wp-json\/wp\/v2\/comments?post=397411"}],"wp:featuredmedia":[{"embeddable":true,"href":"https:\/\/bogensportdiscount.ch\/fr\/wp-json\/wp\/v2\/media\/449496"}],"wp:attachment":[{"href":"https:\/\/bogensportdiscount.ch\/fr\/wp-json\/wp\/v2\/media?parent=397411"}],"wp:term":[{"taxonomy":"product_brand","embeddable":true,"href":"https:\/\/bogensportdiscount.ch\/fr\/wp-json\/wp\/v2\/product_brand?post=397411"},{"taxonomy":"product_cat","embeddable":true,"href":"https:\/\/bogensportdiscount.ch\/fr\/wp-json\/wp\/v2\/product_cat?post=397411"},{"taxonomy":"product_tag","embeddable":true,"href":"https:\/\/bogensportdiscount.ch\/fr\/wp-json\/wp\/v2\/product_tag?post=397411"}],"curies":[{"name":"wp","href":"https:\/\/api.w.org\/{rel}","templated":true}]}}