{"id":397348,"date":"2026-04-05T14:39:09","date_gmt":"2026-04-05T12:39:09","guid":{"rendered":"https:\/\/bogensportdiscount.ch\/produkt\/peep-sight-parts-3-64-insight-aperture\/"},"modified":"2026-04-17T15:42:13","modified_gmt":"2026-04-17T13:42:13","slug":"hamskea-peep-sight-ersatzteile","status":"publish","type":"product","link":"https:\/\/bogensportdiscount.ch\/fr\/produit\/hamskea-peep-sight-ersatzteile\/","title":{"rendered":"HAMSKEA INSIGHT APERTURE"},"content":{"rendered":"<p>Die Hamskea Peep-Sight Ersatzteile sind kompatible Komponenten f\u00fcr Hamskea Peep-Sights und erm\u00f6glichen die Wartung oder Reparatur bestehender Systeme. Sie sind in verschiedenen L\u00e4ngen (16&#8243; und 64&#8243;) sowie Durchmessern (1\/16 und 3\/64) erh\u00e4ltlich.<\/p>\n<p>Peep-Sights dienen als hinteres Visier am Compoundbogen und werden in die Bogensehne eingebaut, um eine pr\u00e4zise und reproduzierbare Ausrichtung zum vorderen Visier zu gew\u00e4hrleisten. Die passenden Ersatzteile von Hamskea sorgen daf\u00fcr, dass das System zuverl\u00e4ssig funktioniert.<\/p>\n<ul>\n<li>Ersatzteile f\u00fcr Hamskea Peep-Sights<\/li>\n<li>Erh\u00e4ltlich in zwei L\u00e4ngen und zwei Durchmessern<\/li>\n<li>Fabriqu\u00e9 aux \u00c9tats-Unis<\/li>\n<li>F\u00fcr Compoundbogen geeignet<\/li>\n<\/ul>","protected":false},"excerpt":{"rendered":"<table>\n<tr>\n<th>Propri\u00e9t\u00e9<\/th>\n<th>Valeur<\/th>\n<\/tr>\n<tr>\n<td>Marque<\/td>\n<td>Hamskea<\/td>\n<\/tr>\n<tr>\n<td>Longueur<\/td>\n<td>16&#8243; \/ 64&#8243;<\/td>\n<\/tr>\n<tr>\n<td>Durchmesser<\/td>\n<td>1\/16 \/ 3\/64<\/td>\n<\/tr>\n<tr>\n<td>Herkunftsland<\/td>\n<td>USA<\/td>\n<\/tr>\n<\/table>","protected":false},"featured_media":449469,"comment_status":"open","ping_status":"closed","template":"","meta":[],"product_brand":[465],"product_cat":[4224],"product_tag":[],"class_list":{"0":"post-397348","1":"product","2":"type-product","3":"status-publish","4":"has-post-thumbnail","6":"product_brand-hamskea","7":"product_cat-peep-einsaetze","9":"first","10":"instock","11":"shipping-taxable","12":"purchasable","13":"product-type-variable"},"_links":{"self":[{"href":"https:\/\/bogensportdiscount.ch\/fr\/wp-json\/wp\/v2\/product\/397348","targetHints":{"allow":["GET"]}}],"collection":[{"href":"https:\/\/bogensportdiscount.ch\/fr\/wp-json\/wp\/v2\/product"}],"about":[{"href":"https:\/\/bogensportdiscount.ch\/fr\/wp-json\/wp\/v2\/types\/product"}],"replies":[{"embeddable":true,"href":"https:\/\/bogensportdiscount.ch\/fr\/wp-json\/wp\/v2\/comments?post=397348"}],"wp:featuredmedia":[{"embeddable":true,"href":"https:\/\/bogensportdiscount.ch\/fr\/wp-json\/wp\/v2\/media\/449469"}],"wp:attachment":[{"href":"https:\/\/bogensportdiscount.ch\/fr\/wp-json\/wp\/v2\/media?parent=397348"}],"wp:term":[{"taxonomy":"product_brand","embeddable":true,"href":"https:\/\/bogensportdiscount.ch\/fr\/wp-json\/wp\/v2\/product_brand?post=397348"},{"taxonomy":"product_cat","embeddable":true,"href":"https:\/\/bogensportdiscount.ch\/fr\/wp-json\/wp\/v2\/product_cat?post=397348"},{"taxonomy":"product_tag","embeddable":true,"href":"https:\/\/bogensportdiscount.ch\/fr\/wp-json\/wp\/v2\/product_tag?post=397348"}],"curies":[{"name":"wp","href":"https:\/\/api.w.org\/{rel}","templated":true}]}}