{"id":397340,"date":"2026-04-05T14:39:08","date_gmt":"2026-04-05T12:39:08","guid":{"rendered":"https:\/\/bogensportdiscount.ch\/produkt\/peep-sight-parts-0-5-clarifier-1-32-4x-scope\/"},"modified":"2026-04-17T15:42:12","modified_gmt":"2026-04-17T13:42:12","slug":"specialty-archery-products-peep-sight-klarlinse-05-clarifier","status":"publish","type":"product","link":"https:\/\/bogensportdiscount.ch\/fr\/produit\/specialty-archery-products-peep-sight-klarlinse-05-clarifier\/","title":{"rendered":"LENTILLE DE CLARIFICATION SPECIALTY ARCHERY 0.5"},"content":{"rendered":"<p>Die Specialty Archery Products Clarifier-Linse 0.5 ist ein Ersatz- und Erg\u00e4nzungsteil f\u00fcr Peep-Sights. Clarifier-Linsen werden in Kombination mit einer korrigierenden Visierlupe (Lens) eingesetzt und gleichen Sehfehler des Sch\u00fctzen aus, um ein scharfes Zielbild zu erm\u00f6glichen.<\/p>\n<p>Die Linse ist in verschiedenen Durchmessern erh\u00e4ltlich (1\/16, 1\/32, 3\/64) und l\u00e4sst sich in kompatible Peep-Sight-Geh\u00e4use von Specialty Archery Products einsetzen. Sie eignet sich f\u00fcr den Einsatz im 3D- und Feldbogenschiessen sowie im Hallenbogensport.<\/p>\n<ul>\n<li>Clarifier-Linse mit St\u00e4rke 0.5<\/li>\n<li>Kompatibel mit Peep-Sight-Systemen von Specialty Archery Products<\/li>\n<li>Mehrere Durchmesser erh\u00e4ltlich<\/li>\n<li>Fabriqu\u00e9 aux \u00c9tats-Unis<\/li>\n<\/ul>","protected":false},"excerpt":{"rendered":"<table>\n<tr>\n<th>Propri\u00e9t\u00e9<\/th>\n<th>Valeur<\/th>\n<\/tr>\n<tr>\n<td>Marque<\/td>\n<td>Specialty Archery Products<\/td>\n<\/tr>\n<tr>\n<td>Type<\/td>\n<td>Clarifier-Linse f\u00fcr Peep-Sight<\/td>\n<\/tr>\n<tr>\n<td>St\u00e4rke<\/td>\n<td>0.5<\/td>\n<\/tr>\n<tr>\n<td>Verf\u00fcgbare Durchmesser<\/td>\n<td>1\/16, 1\/32, 3\/64<\/td>\n<\/tr>\n<tr>\n<td>Origine<\/td>\n<td>USA<\/td>\n<\/tr>\n<\/table>","protected":false},"featured_media":449466,"comment_status":"open","ping_status":"closed","template":"","meta":[],"product_brand":[815],"product_cat":[4224],"product_tag":[],"class_list":{"0":"post-397340","1":"product","2":"type-product","3":"status-publish","4":"has-post-thumbnail","6":"product_brand-specialtyarcheryprod","7":"product_cat-peep-einsaetze","9":"first","10":"instock","11":"shipping-taxable","12":"purchasable","13":"product-type-variable"},"_links":{"self":[{"href":"https:\/\/bogensportdiscount.ch\/fr\/wp-json\/wp\/v2\/product\/397340","targetHints":{"allow":["GET"]}}],"collection":[{"href":"https:\/\/bogensportdiscount.ch\/fr\/wp-json\/wp\/v2\/product"}],"about":[{"href":"https:\/\/bogensportdiscount.ch\/fr\/wp-json\/wp\/v2\/types\/product"}],"replies":[{"embeddable":true,"href":"https:\/\/bogensportdiscount.ch\/fr\/wp-json\/wp\/v2\/comments?post=397340"}],"wp:featuredmedia":[{"embeddable":true,"href":"https:\/\/bogensportdiscount.ch\/fr\/wp-json\/wp\/v2\/media\/449466"}],"wp:attachment":[{"href":"https:\/\/bogensportdiscount.ch\/fr\/wp-json\/wp\/v2\/media?parent=397340"}],"wp:term":[{"taxonomy":"product_brand","embeddable":true,"href":"https:\/\/bogensportdiscount.ch\/fr\/wp-json\/wp\/v2\/product_brand?post=397340"},{"taxonomy":"product_cat","embeddable":true,"href":"https:\/\/bogensportdiscount.ch\/fr\/wp-json\/wp\/v2\/product_cat?post=397340"},{"taxonomy":"product_tag","embeddable":true,"href":"https:\/\/bogensportdiscount.ch\/fr\/wp-json\/wp\/v2\/product_tag?post=397340"}],"curies":[{"name":"wp","href":"https:\/\/api.w.org\/{rel}","templated":true}]}}