{"id":397336,"date":"2026-04-05T14:39:07","date_gmt":"2026-04-05T12:39:07","guid":{"rendered":"https:\/\/bogensportdiscount.ch\/produkt\/peep-sight-parts-3-0-clarifier-3-64-8x-scope-red\/"},"modified":"2026-04-17T13:45:09","modified_gmt":"2026-04-17T11:45:09","slug":"specialty-archery-peep-sight-klarlinse-3-0-clarifier","status":"publish","type":"product","link":"https:\/\/bogensportdiscount.ch\/fr\/produit\/specialty-archery-peep-sight-klarlinse-3-0-clarifier\/","title":{"rendered":"SPECIALTYARCHERYPROD PEEP SIGHT PARTS 3.0 CLARIFIER"},"content":{"rendered":"<p>Der 3.0 Clarifier von Specialty Archery ist eine Klarsichtlinse f\u00fcr den Einsatz im Peep-Sight. Sie dient dazu, das Bild des Visiers oder der Zielscheibe zu sch\u00e4rfen und so eine pr\u00e4zisere Zielausrichtung zu erm\u00f6glichen.<\/p>\n<p>Die Linse ist in mehreren Durchmesservarianten erh\u00e4ltlich (1\/16, 1\/32 und 3\/64 Zoll) und l\u00e4sst sich damit an verschiedene Peep-Sight-Gr\u00f6ssen und individuelle Sehbed\u00fcrfnisse anpassen.<\/p>\n<ul>\n<li>Klarsichtlinse zur Verbesserung der Bildsch\u00e4rfe im Peep-Sight<\/li>\n<li>Mehrere Durchmesser w\u00e4hlbar: 1\/16, 1\/32, 3\/64<\/li>\n<li>Geeignet f\u00fcr Compound-B\u00f6gen mit Peep-Sight<\/li>\n<li>Von einem spezialisierten Hersteller f\u00fcr Bogensportzubeh\u00f6r<\/li>\n<\/ul>","protected":false},"excerpt":{"rendered":"<p><strong>Marque :<\/strong> Specialty Archery Products<\/p>","protected":false},"featured_media":449464,"comment_status":"open","ping_status":"closed","template":"","meta":[],"product_brand":[815],"product_cat":[4224],"product_tag":[],"class_list":{"0":"post-397336","1":"product","2":"type-product","3":"status-publish","4":"has-post-thumbnail","6":"product_brand-specialtyarcheryprod","7":"product_cat-peep-einsaetze","9":"first","10":"instock","11":"shipping-taxable","12":"purchasable","13":"product-type-variable"},"_links":{"self":[{"href":"https:\/\/bogensportdiscount.ch\/fr\/wp-json\/wp\/v2\/product\/397336","targetHints":{"allow":["GET"]}}],"collection":[{"href":"https:\/\/bogensportdiscount.ch\/fr\/wp-json\/wp\/v2\/product"}],"about":[{"href":"https:\/\/bogensportdiscount.ch\/fr\/wp-json\/wp\/v2\/types\/product"}],"replies":[{"embeddable":true,"href":"https:\/\/bogensportdiscount.ch\/fr\/wp-json\/wp\/v2\/comments?post=397336"}],"wp:featuredmedia":[{"embeddable":true,"href":"https:\/\/bogensportdiscount.ch\/fr\/wp-json\/wp\/v2\/media\/449464"}],"wp:attachment":[{"href":"https:\/\/bogensportdiscount.ch\/fr\/wp-json\/wp\/v2\/media?parent=397336"}],"wp:term":[{"taxonomy":"product_brand","embeddable":true,"href":"https:\/\/bogensportdiscount.ch\/fr\/wp-json\/wp\/v2\/product_brand?post=397336"},{"taxonomy":"product_cat","embeddable":true,"href":"https:\/\/bogensportdiscount.ch\/fr\/wp-json\/wp\/v2\/product_cat?post=397336"},{"taxonomy":"product_tag","embeddable":true,"href":"https:\/\/bogensportdiscount.ch\/fr\/wp-json\/wp\/v2\/product_tag?post=397336"}],"curies":[{"name":"wp","href":"https:\/\/api.w.org\/{rel}","templated":true}]}}