{"id":397322,"date":"2026-04-05T14:39:05","date_gmt":"2026-04-05T12:39:05","guid":{"rendered":"https:\/\/bogensportdiscount.ch\/produkt\/peep-sight-parts-1-0-clarifier-3-64-4x-scope\/"},"modified":"2026-04-17T13:45:09","modified_gmt":"2026-04-17T11:45:09","slug":"specialty-archery-prod-peep-sight-klarlinse-1-0-clarifier","status":"publish","type":"product","link":"https:\/\/bogensportdiscount.ch\/fr\/produit\/specialty-archery-prod-peep-sight-klarlinse-1-0-clarifier\/","title":{"rendered":"SPECIALTYARCHERYPROD PEEP SIGHT PARTS 1.0 CLARIFIER SCOPE)"},"content":{"rendered":"<p>Die Specialty Archery Prod Clarifier 1.0 ist eine Klarlinse, die in das Peep-Sight eingesetzt wird und das Bild des Visiers sch\u00e4rfer erscheinen l\u00e4sst. Besonders f\u00fcr Sch\u00fctzinnen und Sch\u00fctzen mit leichter Weitsichtigkeit oder bei schwierigen Lichtverh\u00e4ltnissen ist eine Clarifier-Linse eine bew\u00e4hrte L\u00f6sung zur Verbesserung des Zielbilds.<\/p>\n<p>Das Modell ist in mehreren Durchmessern (1\/16, 1\/32, 1\/4, 1\/8, 3\/32, 3\/64) sowie in verschiedenen L\u00e4ngen (4&#8243;, 8&#8243;, 16&#8243;, 32&#8243;, 64&#8243;) erh\u00e4ltlich, sodass es sich in unterschiedliche Peep-Sight-Modelle integrieren l\u00e4sst.<\/p>\n<ul>\n<li>Clarifier-Linse f\u00fcr Peep-Sights<\/li>\n<li>Mehrere Durchmesser und L\u00e4ngen verf\u00fcgbar<\/li>\n<li>Verbessert die Sch\u00e4rfe des Visierbilds<\/li>\n<li>Kompatibel mit g\u00e4ngigen Compound-Peep-Sights<\/li>\n<\/ul>","protected":false},"excerpt":{"rendered":"<p><strong>Marque :<\/strong> Specialty Archery Products<\/p>","protected":false},"featured_media":449459,"comment_status":"open","ping_status":"closed","template":"","meta":[],"product_brand":[815],"product_cat":[4224],"product_tag":[],"class_list":{"0":"post-397322","1":"product","2":"type-product","3":"status-publish","4":"has-post-thumbnail","6":"product_brand-specialtyarcheryprod","7":"product_cat-peep-einsaetze","9":"first","10":"instock","11":"shipping-taxable","12":"purchasable","13":"product-type-variable"},"_links":{"self":[{"href":"https:\/\/bogensportdiscount.ch\/fr\/wp-json\/wp\/v2\/product\/397322","targetHints":{"allow":["GET"]}}],"collection":[{"href":"https:\/\/bogensportdiscount.ch\/fr\/wp-json\/wp\/v2\/product"}],"about":[{"href":"https:\/\/bogensportdiscount.ch\/fr\/wp-json\/wp\/v2\/types\/product"}],"replies":[{"embeddable":true,"href":"https:\/\/bogensportdiscount.ch\/fr\/wp-json\/wp\/v2\/comments?post=397322"}],"wp:featuredmedia":[{"embeddable":true,"href":"https:\/\/bogensportdiscount.ch\/fr\/wp-json\/wp\/v2\/media\/449459"}],"wp:attachment":[{"href":"https:\/\/bogensportdiscount.ch\/fr\/wp-json\/wp\/v2\/media?parent=397322"}],"wp:term":[{"taxonomy":"product_brand","embeddable":true,"href":"https:\/\/bogensportdiscount.ch\/fr\/wp-json\/wp\/v2\/product_brand?post=397322"},{"taxonomy":"product_cat","embeddable":true,"href":"https:\/\/bogensportdiscount.ch\/fr\/wp-json\/wp\/v2\/product_cat?post=397322"},{"taxonomy":"product_tag","embeddable":true,"href":"https:\/\/bogensportdiscount.ch\/fr\/wp-json\/wp\/v2\/product_tag?post=397322"}],"curies":[{"name":"wp","href":"https:\/\/api.w.org\/{rel}","templated":true}]}}