{"id":397258,"date":"2026-04-05T14:38:58","date_gmt":"2026-04-05T12:38:58","guid":{"rendered":"https:\/\/bogensportdiscount.ch\/produkt\/nock-sets-16-18-strands-with-cutting-red-1000-pk\/"},"modified":"2026-04-17T12:26:54","modified_gmt":"2026-04-17T10:26:54","slug":"saunders-nockpunkte-16-18-straenge-cutting-red","status":"publish","type":"product","link":"https:\/\/bogensportdiscount.ch\/fr\/produit\/saunders-nockpunkte-16-18-straenge-cutting-red\/","title":{"rendered":"SAUNDERS 16-18 BANDS WITH CUTTING RED NOCKING POINT"},"content":{"rendered":"<p>Die Saunders Nockpunkte sind f\u00fcr Sehnen mit 16 bis 18 Str\u00e4ngen ausgelegt und werden mit dem Cutting Red Werkzeug gesetzt. Sie eignen sich f\u00fcr den professionellen Sehnenbau sowie f\u00fcr die regelm\u00e4ssige Wartung und das Tuning von B\u00f6gen.<\/p>\n<p>Dank der grossen Verpackungseinheiten \u2013 100, 1000 oder 5000 St\u00fcck \u2013 sind diese Nockpunkte sowohl f\u00fcr den gelegentlichen Bogensch\u00fctzen als auch f\u00fcr Werkst\u00e4tten und Vereine wirtschaftlich einsetzbar.<\/p>\n<ul>\n<li>Geeignet f\u00fcr Sehnen mit 16\u201318 Str\u00e4ngen<\/li>\n<li>F\u00fcr die Verwendung mit Cutting Red<\/li>\n<li>Fabriqu\u00e9 aux \u00c9tats-Unis<\/li>\n<li>Erh\u00e4ltlich in drei Packungsgr\u00f6ssen (100 \/ 1000 \/ 5000 Stk)<\/li>\n<\/ul>","protected":false},"excerpt":{"rendered":"<p>Nockpunkte von Saunders f\u00fcr Sehnen mit 16\u201318 Str\u00e4ngen. Erh\u00e4ltlich in Packungen zu 100, 1000 oder 5000 St\u00fcck. Hergestellt in den USA.<\/p>","protected":false},"featured_media":452512,"comment_status":"open","ping_status":"closed","template":"","meta":[],"product_brand":[779],"product_cat":[4347],"product_tag":[],"class_list":{"0":"post-397258","1":"product","2":"type-product","3":"status-publish","4":"has-post-thumbnail","6":"product_brand-saunders","7":"product_cat-nocking-points-kisser-buttons-accessories","9":"first","10":"instock","11":"shipping-taxable","12":"purchasable","13":"product-type-variable"},"_links":{"self":[{"href":"https:\/\/bogensportdiscount.ch\/fr\/wp-json\/wp\/v2\/product\/397258","targetHints":{"allow":["GET"]}}],"collection":[{"href":"https:\/\/bogensportdiscount.ch\/fr\/wp-json\/wp\/v2\/product"}],"about":[{"href":"https:\/\/bogensportdiscount.ch\/fr\/wp-json\/wp\/v2\/types\/product"}],"replies":[{"embeddable":true,"href":"https:\/\/bogensportdiscount.ch\/fr\/wp-json\/wp\/v2\/comments?post=397258"}],"wp:featuredmedia":[{"embeddable":true,"href":"https:\/\/bogensportdiscount.ch\/fr\/wp-json\/wp\/v2\/media\/452512"}],"wp:attachment":[{"href":"https:\/\/bogensportdiscount.ch\/fr\/wp-json\/wp\/v2\/media?parent=397258"}],"wp:term":[{"taxonomy":"product_brand","embeddable":true,"href":"https:\/\/bogensportdiscount.ch\/fr\/wp-json\/wp\/v2\/product_brand?post=397258"},{"taxonomy":"product_cat","embeddable":true,"href":"https:\/\/bogensportdiscount.ch\/fr\/wp-json\/wp\/v2\/product_cat?post=397258"},{"taxonomy":"product_tag","embeddable":true,"href":"https:\/\/bogensportdiscount.ch\/fr\/wp-json\/wp\/v2\/product_tag?post=397258"}],"curies":[{"name":"wp","href":"https:\/\/api.w.org\/{rel}","templated":true}]}}