{"id":397202,"date":"2026-04-05T14:38:52","date_gmt":"2026-04-05T12:38:52","guid":{"rendered":"https:\/\/bogensportdiscount.ch\/produkt\/nock-sets-8-10-strands-with-cutting-blue-1000-pk\/"},"modified":"2026-04-17T12:26:46","modified_gmt":"2026-04-17T10:26:46","slug":"saunders-nockensets-8-10-straenge-mit-schneidewerkzeug-blau","status":"publish","type":"product","link":"https:\/\/bogensportdiscount.ch\/fr\/produit\/saunders-nockensets-8-10-straenge-mit-schneidewerkzeug-blau\/","title":{"rendered":"SAUNDERS 8-10 BRINS AVEC CUTTING BLUE NOCKING POINT"},"content":{"rendered":"<p>Die SAUNDERS Nockensets eignen sich f\u00fcr den Einsatz auf Bogensehnen mit 8 bis 10 Str\u00e4ngen. Sie werden werkzeugfertig mit einem blauen Schneidewerkzeug geliefert, das das saubere Anbringen der Nocksets erleichtert.<\/p>\n<p>Die Sets sind in verschiedenen Mengen erh\u00e4ltlich (100, 1000 oder 5000 St\u00fcck), was sie sowohl f\u00fcr Einzelsch\u00fctzen als auch f\u00fcr Bogenbauer und Fachwerkst\u00e4tten geeignet macht. Die Produkte von SAUNDERS sind im Bogensport f\u00fcr ihre Zuverl\u00e4ssigkeit im Bereich Sehnenbau und Tuning bekannt.<\/p>\n<ul>\n<li>F\u00fcr Sehnen mit 8 bis 10 Str\u00e4ngen geeignet<\/li>\n<li>Inklusive blauem Schneidewerkzeug<\/li>\n<li>Erh\u00e4ltlich in 100, 1000 oder 5000 St\u00fcck<\/li>\n<li>Geeignet f\u00fcr Sehnenbau und Bogenwartung<\/li>\n<\/ul>","protected":false},"excerpt":{"rendered":"<p><strong>Marque :<\/strong> Saunders<\/p>","protected":false},"featured_media":452510,"comment_status":"open","ping_status":"closed","template":"","meta":[],"product_brand":[779],"product_cat":[4347],"product_tag":[],"class_list":{"0":"post-397202","1":"product","2":"type-product","3":"status-publish","4":"has-post-thumbnail","6":"product_brand-saunders","7":"product_cat-nocking-points-kisser-buttons-accessories","9":"first","10":"instock","11":"shipping-taxable","12":"purchasable","13":"product-type-variable"},"_links":{"self":[{"href":"https:\/\/bogensportdiscount.ch\/fr\/wp-json\/wp\/v2\/product\/397202","targetHints":{"allow":["GET"]}}],"collection":[{"href":"https:\/\/bogensportdiscount.ch\/fr\/wp-json\/wp\/v2\/product"}],"about":[{"href":"https:\/\/bogensportdiscount.ch\/fr\/wp-json\/wp\/v2\/types\/product"}],"replies":[{"embeddable":true,"href":"https:\/\/bogensportdiscount.ch\/fr\/wp-json\/wp\/v2\/comments?post=397202"}],"wp:featuredmedia":[{"embeddable":true,"href":"https:\/\/bogensportdiscount.ch\/fr\/wp-json\/wp\/v2\/media\/452510"}],"wp:attachment":[{"href":"https:\/\/bogensportdiscount.ch\/fr\/wp-json\/wp\/v2\/media?parent=397202"}],"wp:term":[{"taxonomy":"product_brand","embeddable":true,"href":"https:\/\/bogensportdiscount.ch\/fr\/wp-json\/wp\/v2\/product_brand?post=397202"},{"taxonomy":"product_cat","embeddable":true,"href":"https:\/\/bogensportdiscount.ch\/fr\/wp-json\/wp\/v2\/product_cat?post=397202"},{"taxonomy":"product_tag","embeddable":true,"href":"https:\/\/bogensportdiscount.ch\/fr\/wp-json\/wp\/v2\/product_tag?post=397202"}],"curies":[{"name":"wp","href":"https:\/\/api.w.org\/{rel}","templated":true}]}}