{"id":397096,"date":"2026-04-05T14:38:39","date_gmt":"2026-04-05T12:38:39","guid":{"rendered":"https:\/\/bogensportdiscount.ch\/produkt\/100-grain-bullhead-replacement-blades-3-inch-9-pk\/"},"modified":"2026-04-19T11:53:47","modified_gmt":"2026-04-19T09:53:47","slug":"magnus-ersatzklingen-bullhead-100-grain-3-zoll-9er-pack","status":"publish","type":"product","link":"https:\/\/bogensportdiscount.ch\/fr\/produit\/magnus-ersatzklingen-bullhead-100-grain-3-zoll-9er-pack\/","title":{"rendered":"Lames de rechange MAGNUS 100 GRAIN BULLHEAD 3 pouces, paquet de 9"},"content":{"rendered":"<p>Les lames de rechange Magnus Bullhead sont sp\u00e9cialement con\u00e7ues pour \u00eatre utilis\u00e9es avec la pointe de chasse Magnus Bullhead. Avec un poids de 100 grains et une longueur de lame de 3 pouces, elles ont les m\u00eames dimensions que les lames d&#x27;origine.<\/p>\n<p>Le pack contient 9 lames de rechange, ce qui permet de remettre rapidement et facilement la pointe de chasse en \u00e9tat de marche apr\u00e8s utilisation. Ces lames sont exclusivement destin\u00e9es \u00e0 la pointe Magnus Bullhead et ne doivent pas \u00eatre utilis\u00e9es avec d&#x27;autres syst\u00e8mes de pointes de chasse.<\/p>\n<ul>\n<li>Lame de 100 grains<\/li>\n<li>Longueur de lame : 3 pouces<\/li>\n<li>9 lames par paquet<\/li>\n<li>Compatible avec les pointes de chasse Magnus Bullhead<\/li>\n<\/ul>","protected":false},"excerpt":{"rendered":"<p><strong>Marque :<\/strong> Magnus<\/p>","protected":false},"featured_media":452646,"comment_status":"open","ping_status":"closed","template":"","meta":[],"product_brand":[532],"product_cat":[4179],"product_tag":[],"class_list":{"0":"post-397096","1":"product","2":"type-product","3":"status-publish","4":"has-post-thumbnail","6":"product_brand-magnus","7":"product_cat-einzelteile-zubehoer","9":"first","10":"instock","11":"shipping-taxable","12":"purchasable","13":"product-type-variable"},"yoast_head":"<!-- This site is optimized with the Yoast SEO plugin v27.4 - https:\/\/yoast.com\/product\/yoast-seo-wordpress\/ -->\n<title>MAGNUS 100 GRAIN BULLHEAD ERSATZKLINGEN 3 INCH 9\/PK - Bogensportdiscount \u2013 B\u00f6gen, Pfeile, Targets &amp; Zubeh\u00f6r<\/title>\n<meta name=\"robots\" content=\"noindex, follow, max-snippet:-1, max-image-preview:large, max-video-preview:-1\" \/>\n<meta property=\"og:locale\" content=\"fr_FR\" \/>\n<meta property=\"og:type\" content=\"article\" \/>\n<meta property=\"og:title\" content=\"MAGNUS 100 GRAIN BULLHEAD ERSATZKLINGEN 3 INCH 9\/PK - Bogensportdiscount \u2013 B\u00f6gen, Pfeile, Targets &amp; Zubeh\u00f6r\" \/>\n<meta property=\"og:description\" content=\"Marke: Magnus\" \/>\n<meta property=\"og:url\" content=\"https:\/\/bogensportdiscount.ch\/fr\/produit\/magnus-ersatzklingen-bullhead-100-grain-3-zoll-9er-pack\/\" \/>\n<meta property=\"og:site_name\" content=\"Bogensportdiscount \u2013 B\u00f6gen, Pfeile, Targets &amp; Zubeh\u00f6r\" \/>\n<meta property=\"article:modified_time\" content=\"2026-04-19T09:53:47+00:00\" \/>\n<meta property=\"og:image\" content=\"https:\/\/bogensportdiscount.ch\/wp-content\/uploads\/bsm-images\/a040017_1.jpg\" \/>\n\t<meta property=\"og:image:width\" content=\"266\" \/>\n\t<meta property=\"og:image:height\" content=\"400\" \/>\n\t<meta property=\"og:image:type\" content=\"image\/jpeg\" \/>\n<meta name=\"twitter:card\" content=\"summary_large_image\" \/>\n<script type=\"application\/ld+json\" class=\"yoast-schema-graph\">{\"@context\":\"https:\\\/\\\/schema.org\",\"@graph\":[{\"@type\":\"WebPage\",\"@id\":\"https:\\\/\\\/bogensportdiscount.ch\\\/fr\\\/produit\\\/magnus-ersatzklingen-bullhead-100-grain-3-zoll-9er-pack\\\/\",\"url\":\"https:\\\/\\\/bogensportdiscount.ch\\\/fr\\\/produit\\\/magnus-ersatzklingen-bullhead-100-grain-3-zoll-9er-pack\\\/\",\"name\":\"MAGNUS 100 GRAIN BULLHEAD ERSATZKLINGEN 3 INCH 9\\\/PK - Bogensportdiscount \u2013 B\u00f6gen, Pfeile, Targets &amp; Zubeh\u00f6r\",\"isPartOf\":{\"@id\":\"https:\\\/\\\/bogensportdiscount.ch\\\/#website\"},\"primaryImageOfPage\":{\"@id\":\"https:\\\/\\\/bogensportdiscount.ch\\\/fr\\\/produit\\\/magnus-ersatzklingen-bullhead-100-grain-3-zoll-9er-pack\\\/#primaryimage\"},\"image\":{\"@id\":\"https:\\\/\\\/bogensportdiscount.ch\\\/fr\\\/produit\\\/magnus-ersatzklingen-bullhead-100-grain-3-zoll-9er-pack\\\/#primaryimage\"},\"thumbnailUrl\":\"https:\\\/\\\/bogensportdiscount.ch\\\/wp-content\\\/uploads\\\/bsm-images\\\/a040017_1.jpg\",\"datePublished\":\"2026-04-05T12:38:39+00:00\",\"dateModified\":\"2026-04-19T09:53:47+00:00\",\"breadcrumb\":{\"@id\":\"https:\\\/\\\/bogensportdiscount.ch\\\/fr\\\/produit\\\/magnus-ersatzklingen-bullhead-100-grain-3-zoll-9er-pack\\\/#breadcrumb\"},\"inLanguage\":\"fr-FR\",\"potentialAction\":[{\"@type\":\"ReadAction\",\"target\":[\"https:\\\/\\\/bogensportdiscount.ch\\\/fr\\\/produit\\\/magnus-ersatzklingen-bullhead-100-grain-3-zoll-9er-pack\\\/\"]}]},{\"@type\":\"ImageObject\",\"inLanguage\":\"fr-FR\",\"@id\":\"https:\\\/\\\/bogensportdiscount.ch\\\/fr\\\/produit\\\/magnus-ersatzklingen-bullhead-100-grain-3-zoll-9er-pack\\\/#primaryimage\",\"url\":\"https:\\\/\\\/bogensportdiscount.ch\\\/wp-content\\\/uploads\\\/bsm-images\\\/a040017_1.jpg\",\"contentUrl\":\"https:\\\/\\\/bogensportdiscount.ch\\\/wp-content\\\/uploads\\\/bsm-images\\\/a040017_1.jpg\",\"width\":266,\"height\":400},{\"@type\":\"BreadcrumbList\",\"@id\":\"https:\\\/\\\/bogensportdiscount.ch\\\/fr\\\/produit\\\/magnus-ersatzklingen-bullhead-100-grain-3-zoll-9er-pack\\\/#breadcrumb\",\"itemListElement\":[{\"@type\":\"ListItem\",\"position\":1,\"name\":\"Home\",\"item\":\"https:\\\/\\\/bogensportdiscount.ch\\\/\"},{\"@type\":\"ListItem\",\"position\":2,\"name\":\"Shop\",\"item\":\"https:\\\/\\\/bogensportdiscount.ch\\\/shop\\\/\"},{\"@type\":\"ListItem\",\"position\":3,\"name\":\"MAGNUS 100 GRAIN BULLHEAD ERSATZKLINGEN 3 INCH 9\\\/PK\"}]},{\"@type\":\"WebSite\",\"@id\":\"https:\\\/\\\/bogensportdiscount.ch\\\/#website\",\"url\":\"https:\\\/\\\/bogensportdiscount.ch\\\/\",\"name\":\"Bogensportdiscount\",\"description\":\"\",\"potentialAction\":[{\"@type\":\"SearchAction\",\"target\":{\"@type\":\"EntryPoint\",\"urlTemplate\":\"https:\\\/\\\/bogensportdiscount.ch\\\/?s={search_term_string}\"},\"query-input\":{\"@type\":\"PropertyValueSpecification\",\"valueRequired\":true,\"valueName\":\"search_term_string\"}}],\"inLanguage\":\"fr-FR\"}]}<\/script>\n<!-- \/ Yoast SEO plugin. -->","yoast_head_json":{"title":"MAGNUS 100 GRAIN BULLHEAD ERSATZKLINGEN 3 INCH 9\/PK - Bogensportdiscount \u2013 B\u00f6gen, Pfeile, Targets &amp; Zubeh\u00f6r","robots":{"index":"noindex","follow":"follow","max-snippet":"max-snippet:-1","max-image-preview":"max-image-preview:large","max-video-preview":"max-video-preview:-1"},"og_locale":"fr_FR","og_type":"article","og_title":"MAGNUS 100 GRAIN BULLHEAD ERSATZKLINGEN 3 INCH 9\/PK - Bogensportdiscount \u2013 B\u00f6gen, Pfeile, Targets &amp; Zubeh\u00f6r","og_description":"Marke: Magnus","og_url":"https:\/\/bogensportdiscount.ch\/fr\/produit\/magnus-ersatzklingen-bullhead-100-grain-3-zoll-9er-pack\/","og_site_name":"Bogensportdiscount \u2013 B\u00f6gen, Pfeile, Targets &amp; Zubeh\u00f6r","article_modified_time":"2026-04-19T09:53:47+00:00","og_image":[{"width":266,"height":400,"url":"https:\/\/bogensportdiscount.ch\/wp-content\/uploads\/bsm-images\/a040017_1.jpg","type":"image\/jpeg"}],"twitter_card":"summary_large_image","schema":{"@context":"https:\/\/schema.org","@graph":[{"@type":"WebPage","@id":"https:\/\/bogensportdiscount.ch\/fr\/produit\/magnus-ersatzklingen-bullhead-100-grain-3-zoll-9er-pack\/","url":"https:\/\/bogensportdiscount.ch\/fr\/produit\/magnus-ersatzklingen-bullhead-100-grain-3-zoll-9er-pack\/","name":"MAGNUS 100 GRAIN BULLHEAD ERSATZKLINGEN 3 INCH 9\/PK - Bogensportdiscount \u2013 B\u00f6gen, Pfeile, Targets &amp; Zubeh\u00f6r","isPartOf":{"@id":"https:\/\/bogensportdiscount.ch\/#website"},"primaryImageOfPage":{"@id":"https:\/\/bogensportdiscount.ch\/fr\/produit\/magnus-ersatzklingen-bullhead-100-grain-3-zoll-9er-pack\/#primaryimage"},"image":{"@id":"https:\/\/bogensportdiscount.ch\/fr\/produit\/magnus-ersatzklingen-bullhead-100-grain-3-zoll-9er-pack\/#primaryimage"},"thumbnailUrl":"https:\/\/bogensportdiscount.ch\/wp-content\/uploads\/bsm-images\/a040017_1.jpg","datePublished":"2026-04-05T12:38:39+00:00","dateModified":"2026-04-19T09:53:47+00:00","breadcrumb":{"@id":"https:\/\/bogensportdiscount.ch\/fr\/produit\/magnus-ersatzklingen-bullhead-100-grain-3-zoll-9er-pack\/#breadcrumb"},"inLanguage":"fr-FR","potentialAction":[{"@type":"ReadAction","target":["https:\/\/bogensportdiscount.ch\/fr\/produit\/magnus-ersatzklingen-bullhead-100-grain-3-zoll-9er-pack\/"]}]},{"@type":"ImageObject","inLanguage":"fr-FR","@id":"https:\/\/bogensportdiscount.ch\/fr\/produit\/magnus-ersatzklingen-bullhead-100-grain-3-zoll-9er-pack\/#primaryimage","url":"https:\/\/bogensportdiscount.ch\/wp-content\/uploads\/bsm-images\/a040017_1.jpg","contentUrl":"https:\/\/bogensportdiscount.ch\/wp-content\/uploads\/bsm-images\/a040017_1.jpg","width":266,"height":400},{"@type":"BreadcrumbList","@id":"https:\/\/bogensportdiscount.ch\/fr\/produit\/magnus-ersatzklingen-bullhead-100-grain-3-zoll-9er-pack\/#breadcrumb","itemListElement":[{"@type":"ListItem","position":1,"name":"Home","item":"https:\/\/bogensportdiscount.ch\/"},{"@type":"ListItem","position":2,"name":"Shop","item":"https:\/\/bogensportdiscount.ch\/shop\/"},{"@type":"ListItem","position":3,"name":"MAGNUS 100 GRAIN BULLHEAD ERSATZKLINGEN 3 INCH 9\/PK"}]},{"@type":"WebSite","@id":"https:\/\/bogensportdiscount.ch\/#website","url":"https:\/\/bogensportdiscount.ch\/","name":"Bogensportdiscount","description":"","potentialAction":[{"@type":"SearchAction","target":{"@type":"EntryPoint","urlTemplate":"https:\/\/bogensportdiscount.ch\/?s={search_term_string}"},"query-input":{"@type":"PropertyValueSpecification","valueRequired":true,"valueName":"search_term_string"}}],"inLanguage":"fr-FR"}]}},"_links":{"self":[{"href":"https:\/\/bogensportdiscount.ch\/fr\/wp-json\/wp\/v2\/product\/397096","targetHints":{"allow":["GET"]}}],"collection":[{"href":"https:\/\/bogensportdiscount.ch\/fr\/wp-json\/wp\/v2\/product"}],"about":[{"href":"https:\/\/bogensportdiscount.ch\/fr\/wp-json\/wp\/v2\/types\/product"}],"replies":[{"embeddable":true,"href":"https:\/\/bogensportdiscount.ch\/fr\/wp-json\/wp\/v2\/comments?post=397096"}],"wp:featuredmedia":[{"embeddable":true,"href":"https:\/\/bogensportdiscount.ch\/fr\/wp-json\/wp\/v2\/media\/452646"}],"wp:attachment":[{"href":"https:\/\/bogensportdiscount.ch\/fr\/wp-json\/wp\/v2\/media?parent=397096"}],"wp:term":[{"taxonomy":"product_brand","embeddable":true,"href":"https:\/\/bogensportdiscount.ch\/fr\/wp-json\/wp\/v2\/product_brand?post=397096"},{"taxonomy":"product_cat","embeddable":true,"href":"https:\/\/bogensportdiscount.ch\/fr\/wp-json\/wp\/v2\/product_cat?post=397096"},{"taxonomy":"product_tag","embeddable":true,"href":"https:\/\/bogensportdiscount.ch\/fr\/wp-json\/wp\/v2\/product_tag?post=397096"}],"curies":[{"name":"wp","href":"https:\/\/api.w.org\/{rel}","templated":true}]}}