{"id":397054,"date":"2026-04-05T14:38:33","date_gmt":"2026-04-05T12:38:33","guid":{"rendered":"https:\/\/bogensportdiscount.ch\/produkt\/stinger-replacement-main-blade-mass85-3-pk\/"},"modified":"2026-04-17T13:45:06","modified_gmt":"2026-04-17T11:45:06","slug":"magnus-stinger-ersatzmesser","status":"publish","type":"product","link":"https:\/\/bogensportdiscount.ch\/fr\/produit\/magnus-stinger-ersatzmesser\/","title":{"rendered":"MAGNUS STINGER REPLACEMENT"},"content":{"rendered":"<p>Die Magnus Stinger Replacement Klingen sind Original-Ersatzmesser f\u00fcr den Magnus Stinger Broadhead. Sie erm\u00f6glichen eine schnelle und einfache Aufbereitung der Breitschneider nach dem Einsatz, ohne den gesamten Kopf ersetzen zu m\u00fcssen.<\/p>\n<p>Die Klingen werden direkt vom Hersteller Magnus gefertigt und sind auf die exakten Masse des Stinger Broadheads abgestimmt. Die Ersatzmesser sind in praktischen Packungen zu 3 oder 6 St\u00fcck erh\u00e4ltlich.<\/p>\n<ul>\n<li>Original Magnus Ersatzmesser f\u00fcr Stinger Broadheads<\/li>\n<li>Fabriqu\u00e9 aux \u00c9tats-Unis<\/li>\n<li>Erh\u00e4ltlich als 3er- oder 6er-Pack<\/li>\n<li>Passgenau f\u00fcr den Magnus Stinger<\/li>\n<\/ul>","protected":false},"excerpt":{"rendered":"<p>Ersatzmesser f\u00fcr den Magnus Stinger Broadhead. Erh\u00e4ltlich in Packungen zu 3 oder 6 St\u00fcck. Hergestellt in den USA.<\/p>","protected":false},"featured_media":452649,"comment_status":"open","ping_status":"closed","template":"","meta":[],"product_brand":[532],"product_cat":[4179],"product_tag":[],"class_list":{"0":"post-397054","1":"product","2":"type-product","3":"status-publish","4":"has-post-thumbnail","6":"product_brand-magnus","7":"product_cat-einzelteile-zubehoer","9":"first","10":"instock","11":"shipping-taxable","12":"purchasable","13":"product-type-variable"},"_links":{"self":[{"href":"https:\/\/bogensportdiscount.ch\/fr\/wp-json\/wp\/v2\/product\/397054","targetHints":{"allow":["GET"]}}],"collection":[{"href":"https:\/\/bogensportdiscount.ch\/fr\/wp-json\/wp\/v2\/product"}],"about":[{"href":"https:\/\/bogensportdiscount.ch\/fr\/wp-json\/wp\/v2\/types\/product"}],"replies":[{"embeddable":true,"href":"https:\/\/bogensportdiscount.ch\/fr\/wp-json\/wp\/v2\/comments?post=397054"}],"wp:featuredmedia":[{"embeddable":true,"href":"https:\/\/bogensportdiscount.ch\/fr\/wp-json\/wp\/v2\/media\/452649"}],"wp:attachment":[{"href":"https:\/\/bogensportdiscount.ch\/fr\/wp-json\/wp\/v2\/media?parent=397054"}],"wp:term":[{"taxonomy":"product_brand","embeddable":true,"href":"https:\/\/bogensportdiscount.ch\/fr\/wp-json\/wp\/v2\/product_brand?post=397054"},{"taxonomy":"product_cat","embeddable":true,"href":"https:\/\/bogensportdiscount.ch\/fr\/wp-json\/wp\/v2\/product_cat?post=397054"},{"taxonomy":"product_tag","embeddable":true,"href":"https:\/\/bogensportdiscount.ch\/fr\/wp-json\/wp\/v2\/product_tag?post=397054"}],"curies":[{"name":"wp","href":"https:\/\/api.w.org\/{rel}","templated":true}]}}