{"id":397050,"date":"2026-04-05T14:38:33","date_gmt":"2026-04-05T12:38:33","guid":{"rendered":"https:\/\/bogensportdiscount.ch\/produkt\/stinger-buzz-extra-blade-for-sbc-100-42-3-pk\/"},"modified":"2026-04-15T12:29:32","modified_gmt":"2026-04-15T10:29:32","slug":"magnus-stinger-buzz-ersatzklinge-fuer-sbc","status":"publish","type":"product","link":"https:\/\/bogensportdiscount.ch\/fr\/produit\/magnus-stinger-buzz-ersatzklinge-fuer-sbc\/","title":{"rendered":"MAGNUS STINGER BUZZ EXTRA BLADE FOR SBC 3\/PK"},"content":{"rendered":"<p>Die Magnus Stinger Buzz Extra Blade sind Ersatzklingen, die speziell f\u00fcr den Stinger Buzz Broadhead mit SBC-System (Solid Brass Collet) entwickelt wurden. Mit diesen Ersatzklingen l\u00e4sst sich der Broadhead nach dem Einsatz schnell und einfach wieder einsatzbereit machen.<\/p>\n<p>Hergestellt in den USA steht die Klinge f\u00fcr die bekannte Qualit\u00e4t von Magnus Broadheads. Der Wechsel der Klingen verl\u00e4ngert die Lebensdauer des Broadheads erheblich und spart Kosten gegen\u00fcber einem vollst\u00e4ndigen Neukauf.<\/p>\n<ul>\n<li>Passend f\u00fcr Magnus Stinger Buzz Broadhead mit SBC<\/li>\n<li>Einfacher Klingenwechsel ohne Spezialwerkzeug<\/li>\n<li>Fabriqu\u00e9 aux \u00c9tats-Unis<\/li>\n<li>Verl\u00e4ngert die Lebensdauer des Broadheads<\/li>\n<\/ul>","protected":false},"excerpt":{"rendered":"<p>Ersatzklingen von Magnus f\u00fcr den Stinger Buzz Broadhead, kompatibel mit dem SBC-System. Erm\u00f6glicht den einfachen Austausch der Klingen nach dem Einsatz.<\/p>","protected":false},"featured_media":452517,"comment_status":"open","ping_status":"closed","template":"","meta":[],"product_brand":[532],"product_cat":[4179],"product_tag":[],"class_list":{"0":"post-397050","1":"product","2":"type-product","3":"status-publish","4":"has-post-thumbnail","6":"product_brand-magnus","7":"product_cat-einzelteile-zubehoer","9":"first","10":"instock","11":"shipping-taxable","12":"purchasable","13":"product-type-variable"},"_links":{"self":[{"href":"https:\/\/bogensportdiscount.ch\/fr\/wp-json\/wp\/v2\/product\/397050","targetHints":{"allow":["GET"]}}],"collection":[{"href":"https:\/\/bogensportdiscount.ch\/fr\/wp-json\/wp\/v2\/product"}],"about":[{"href":"https:\/\/bogensportdiscount.ch\/fr\/wp-json\/wp\/v2\/types\/product"}],"replies":[{"embeddable":true,"href":"https:\/\/bogensportdiscount.ch\/fr\/wp-json\/wp\/v2\/comments?post=397050"}],"wp:featuredmedia":[{"embeddable":true,"href":"https:\/\/bogensportdiscount.ch\/fr\/wp-json\/wp\/v2\/media\/452517"}],"wp:attachment":[{"href":"https:\/\/bogensportdiscount.ch\/fr\/wp-json\/wp\/v2\/media?parent=397050"}],"wp:term":[{"taxonomy":"product_brand","embeddable":true,"href":"https:\/\/bogensportdiscount.ch\/fr\/wp-json\/wp\/v2\/product_brand?post=397050"},{"taxonomy":"product_cat","embeddable":true,"href":"https:\/\/bogensportdiscount.ch\/fr\/wp-json\/wp\/v2\/product_cat?post=397050"},{"taxonomy":"product_tag","embeddable":true,"href":"https:\/\/bogensportdiscount.ch\/fr\/wp-json\/wp\/v2\/product_tag?post=397050"}],"curies":[{"name":"wp","href":"https:\/\/api.w.org\/{rel}","templated":true}]}}