{"id":397032,"date":"2026-04-05T14:38:31","date_gmt":"2026-04-05T12:38:31","guid":{"rendered":"https:\/\/bogensportdiscount.ch\/produkt\/fixed-blade-broadheads-eskilite-5-16-135-grain-2-blade-screw-in-3-pk\/"},"modified":"2026-04-15T12:29:32","modified_gmt":"2026-04-15T10:29:32","slug":"zwickey-broadhead-feststehende-klinge-eskilite-5-16-135-grain","status":"publish","type":"product","link":"https:\/\/bogensportdiscount.ch\/fr\/produit\/zwickey-broadhead-feststehende-klinge-eskilite-5-16-135-grain\/","title":{"rendered":"ZWICKEY FIXED BLADE BROADHEADS ESKILITE 5\/16 135 GRAIN BLADE SCREW-IN 3\/PK"},"content":{"rendered":"<p>Der Zwickey Eskilite ist ein bew\u00e4hrter Broadhead mit feststehender Klinge aus amerikanischer Produktion. Mit einem Gewicht von 135 Grain und der 5\/16-Zoll-Gewindegr\u00f6sse eignet er sich f\u00fcr traditionelle B\u00f6gen und klassische Holz- oder Aluminiumsch\u00e4fte in diesem Durchmesser.<\/p>\n<p>Die feststehende Klinge steht f\u00fcr Zuverl\u00e4ssigkeit und einfache Wartung \u2013 es gibt keine beweglichen Teile, die bei der Jagd versagen k\u00f6nnten. Der Eskilite ist in zwei Ausf\u00fchrungen erh\u00e4ltlich: als 2-Blade f\u00fcr tiefere Penetration oder als 4-Blade f\u00fcr einen breiteren Schnittkanal.<\/p>\n<ul>\n<li>Feststehende Klinge \u2013 robust und wartungsarm<\/li>\n<li>Gewicht: 135 Grain<\/li>\n<li>Schaftaufnahme: 5\/16 Zoll<\/li>\n<li>Erh\u00e4ltlich als 2-Blade oder 4-Blade<\/li>\n<\/ul>","protected":false},"excerpt":{"rendered":"<p>Der Zwickey Eskilite ist ein klassischer Broadhead mit feststehender Klinge f\u00fcr den traditionellen Bogensport und die Jagd. Erh\u00e4ltlich mit 2 oder 4 Klingen, f\u00fcr Sch\u00e4fte mit 5\/16-Zoll-Aufnahme, mit einem Gewicht von 135 Grain.<\/p>","protected":false},"featured_media":440228,"comment_status":"open","ping_status":"closed","template":"","meta":[],"product_brand":[811],"product_cat":[4213],"product_tag":[],"class_list":{"0":"post-397032","1":"product","2":"type-product","3":"status-publish","4":"has-post-thumbnail","6":"product_brand-zwickey","7":"product_cat-feste-klinge-jagdspitzen","9":"first","10":"instock","11":"shipping-taxable","12":"purchasable","13":"product-type-variable"},"_links":{"self":[{"href":"https:\/\/bogensportdiscount.ch\/fr\/wp-json\/wp\/v2\/product\/397032","targetHints":{"allow":["GET"]}}],"collection":[{"href":"https:\/\/bogensportdiscount.ch\/fr\/wp-json\/wp\/v2\/product"}],"about":[{"href":"https:\/\/bogensportdiscount.ch\/fr\/wp-json\/wp\/v2\/types\/product"}],"replies":[{"embeddable":true,"href":"https:\/\/bogensportdiscount.ch\/fr\/wp-json\/wp\/v2\/comments?post=397032"}],"wp:featuredmedia":[{"embeddable":true,"href":"https:\/\/bogensportdiscount.ch\/fr\/wp-json\/wp\/v2\/media\/440228"}],"wp:attachment":[{"href":"https:\/\/bogensportdiscount.ch\/fr\/wp-json\/wp\/v2\/media?parent=397032"}],"wp:term":[{"taxonomy":"product_brand","embeddable":true,"href":"https:\/\/bogensportdiscount.ch\/fr\/wp-json\/wp\/v2\/product_brand?post=397032"},{"taxonomy":"product_cat","embeddable":true,"href":"https:\/\/bogensportdiscount.ch\/fr\/wp-json\/wp\/v2\/product_cat?post=397032"},{"taxonomy":"product_tag","embeddable":true,"href":"https:\/\/bogensportdiscount.ch\/fr\/wp-json\/wp\/v2\/product_tag?post=397032"}],"curies":[{"name":"wp","href":"https:\/\/api.w.org\/{rel}","templated":true}]}}