{"id":397020,"date":"2026-04-05T14:38:29","date_gmt":"2026-04-05T12:38:29","guid":{"rendered":"https:\/\/bogensportdiscount.ch\/produkt\/fixed-blade-broadheads-eskilite-2-blade-110gr-5-16-taper-hole-3-pk\/"},"modified":"2026-04-17T13:45:05","modified_gmt":"2026-04-17T11:45:05","slug":"zwickey-breitblatt-jagdspitze-eskilite-feste-klinge","status":"publish","type":"product","link":"https:\/\/bogensportdiscount.ch\/fr\/produit\/zwickey-breitblatt-jagdspitze-eskilite-feste-klinge\/","title":{"rendered":"ZWICKEY FIXED BLADE BROADHEADS ESKILITE BLADE 110GR 5\/16 3\/PK"},"content":{"rendered":"<p>Die Zwickey Eskilite ist eine klassische Breitblatt-Jagdspitze mit feststehender Klinge aus dem Hause Zwickey \u2013 einem der bekanntesten Hersteller traditioneller Jagdspitzen. Die Eskilite ist in zwei Ausf\u00fchrungen erh\u00e4ltlich: mit 2 Klingen oder mit 4 Klingen, je nach gew\u00fcnschtem Schnittbild und Eindringverhalten.<\/p>\n<p>Feststehende Klingen bieten gegen\u00fcber mechanischen Systemen eine h\u00f6here Zuverl\u00e4ssigkeit beim Auftreffen auf das Ziel, da keine beweglichen Teile vorhanden sind. Die Eskilite ist damit besonders f\u00fcr Bogenj\u00e4ger geeignet, die auf bew\u00e4hrte Technik setzen.<\/p>\n<ul>\n<li>Feststehende Klinge f\u00fcr maximale Zuverl\u00e4ssigkeit<\/li>\n<li>Erh\u00e4ltlich mit 2 oder 4 Klingen<\/li>\n<li>Klassische Konstruktion f\u00fcr die traditionelle Bogenjagd<\/li>\n<li>Bew\u00e4hrtes Zwickey-Design<\/li>\n<\/ul>","protected":false},"excerpt":{"rendered":"<p><strong>Marque :<\/strong> Zwickey<\/p>","protected":false},"featured_media":440246,"comment_status":"open","ping_status":"closed","template":"","meta":[],"product_brand":[811],"product_cat":[4213],"product_tag":[],"class_list":{"0":"post-397020","1":"product","2":"type-product","3":"status-publish","4":"has-post-thumbnail","6":"product_brand-zwickey","7":"product_cat-feste-klinge-jagdspitzen","9":"first","10":"instock","11":"shipping-taxable","12":"purchasable","13":"product-type-variable"},"_links":{"self":[{"href":"https:\/\/bogensportdiscount.ch\/fr\/wp-json\/wp\/v2\/product\/397020","targetHints":{"allow":["GET"]}}],"collection":[{"href":"https:\/\/bogensportdiscount.ch\/fr\/wp-json\/wp\/v2\/product"}],"about":[{"href":"https:\/\/bogensportdiscount.ch\/fr\/wp-json\/wp\/v2\/types\/product"}],"replies":[{"embeddable":true,"href":"https:\/\/bogensportdiscount.ch\/fr\/wp-json\/wp\/v2\/comments?post=397020"}],"wp:featuredmedia":[{"embeddable":true,"href":"https:\/\/bogensportdiscount.ch\/fr\/wp-json\/wp\/v2\/media\/440246"}],"wp:attachment":[{"href":"https:\/\/bogensportdiscount.ch\/fr\/wp-json\/wp\/v2\/media?parent=397020"}],"wp:term":[{"taxonomy":"product_brand","embeddable":true,"href":"https:\/\/bogensportdiscount.ch\/fr\/wp-json\/wp\/v2\/product_brand?post=397020"},{"taxonomy":"product_cat","embeddable":true,"href":"https:\/\/bogensportdiscount.ch\/fr\/wp-json\/wp\/v2\/product_cat?post=397020"},{"taxonomy":"product_tag","embeddable":true,"href":"https:\/\/bogensportdiscount.ch\/fr\/wp-json\/wp\/v2\/product_tag?post=397020"}],"curies":[{"name":"wp","href":"https:\/\/api.w.org\/{rel}","templated":true}]}}