{"id":396957,"date":"2026-04-05T14:38:20","date_gmt":"2026-04-05T12:38:20","guid":{"rendered":"https:\/\/bogensportdiscount.ch\/produkt\/fixed-blade-broadheads-thunderhead-125-gr-3-blade-5-pk\/"},"modified":"2026-04-17T13:45:04","modified_gmt":"2026-04-17T11:45:04","slug":"nap-broadhead-feststehende-klinge-thunderhead","status":"publish","type":"product","link":"https:\/\/bogensportdiscount.ch\/fr\/produit\/nap-broadhead-feststehende-klinge-thunderhead\/","title":{"rendered":"NAP FIXED BLADE BROADHEADS THUNDERHEAD"},"content":{"rendered":"<p>Der NAP Thunderhead geh\u00f6rt zur Kategorie der Broadheads mit feststehender Klinge und ist ein bew\u00e4hrter Jagdpfeilkopf des amerikanischen Herstellers NAP (New Archery Products). Feststehende Klingen zeichnen sich durch ihre robuste Konstruktion und zuverl\u00e4ssige Flugeigenschaften aus.<\/p>\n<p>Der Thunderhead ist in drei Gewichtsklassen erh\u00e4ltlich \u2013 85 Grain, 100 Grain und 125 Grain \u2013 und l\u00e4sst sich so an verschiedene B\u00f6gen und Pfeile anpassen. Die Packungsgr\u00f6sse von 3 oder 5 St\u00fcck erm\u00f6glicht eine flexible Bestellung je nach Bedarf.<\/p>\n<ul>\n<li>Feststehende Klinge f\u00fcr zuverl\u00e4ssige Penetration<\/li>\n<li>Drei Gewichtsvarianten: 85 GR, 100 GR und 125 GR<\/li>\n<li>Erh\u00e4ltlich in 3er- oder 5er-Packung<\/li>\n<li>Vom etablierten Bogensport-Hersteller NAP<\/li>\n<\/ul>","protected":false},"excerpt":{"rendered":"<p><strong>Marque :<\/strong> PAN<\/p>","protected":false},"featured_media":449403,"comment_status":"open","ping_status":"closed","template":"","meta":[],"product_brand":[557],"product_cat":[4213],"product_tag":[],"class_list":{"0":"post-396957","1":"product","2":"type-product","3":"status-publish","4":"has-post-thumbnail","6":"product_brand-nap","7":"product_cat-feste-klinge-jagdspitzen","9":"first","10":"instock","11":"shipping-taxable","12":"purchasable","13":"product-type-variable"},"_links":{"self":[{"href":"https:\/\/bogensportdiscount.ch\/fr\/wp-json\/wp\/v2\/product\/396957","targetHints":{"allow":["GET"]}}],"collection":[{"href":"https:\/\/bogensportdiscount.ch\/fr\/wp-json\/wp\/v2\/product"}],"about":[{"href":"https:\/\/bogensportdiscount.ch\/fr\/wp-json\/wp\/v2\/types\/product"}],"replies":[{"embeddable":true,"href":"https:\/\/bogensportdiscount.ch\/fr\/wp-json\/wp\/v2\/comments?post=396957"}],"wp:featuredmedia":[{"embeddable":true,"href":"https:\/\/bogensportdiscount.ch\/fr\/wp-json\/wp\/v2\/media\/449403"}],"wp:attachment":[{"href":"https:\/\/bogensportdiscount.ch\/fr\/wp-json\/wp\/v2\/media?parent=396957"}],"wp:term":[{"taxonomy":"product_brand","embeddable":true,"href":"https:\/\/bogensportdiscount.ch\/fr\/wp-json\/wp\/v2\/product_brand?post=396957"},{"taxonomy":"product_cat","embeddable":true,"href":"https:\/\/bogensportdiscount.ch\/fr\/wp-json\/wp\/v2\/product_cat?post=396957"},{"taxonomy":"product_tag","embeddable":true,"href":"https:\/\/bogensportdiscount.ch\/fr\/wp-json\/wp\/v2\/product_tag?post=396957"}],"curies":[{"name":"wp","href":"https:\/\/api.w.org\/{rel}","templated":true}]}}