{"id":396879,"date":"2026-04-05T14:38:11","date_gmt":"2026-04-05T12:38:11","guid":{"rendered":"https:\/\/bogensportdiscount.ch\/produkt\/index-finger-releases-patriot-nylon-power-strap-black\/"},"modified":"2026-05-15T05:52:12","modified_gmt":"2026-05-15T03:52:12","slug":"trufire-handgelenk-release-patriot-index-finger","status":"publish","type":"product","link":"https:\/\/bogensportdiscount.ch\/fr\/produit\/trufire-handgelenk-release-patriot-index-finger\/","title":{"rendered":"TRUFIRE D\u00c9COCHEUR INDEX PATRIOT NYLON POWER STRAP"},"content":{"rendered":"<p>Le TRUFIRE Patriot est un d\u00e9cocheur de poignet \u00e0 d\u00e9clenchement par index (Index Finger Release). Les d\u00e9cocheurs de poignet sont fix\u00e9s au poignet par un syst\u00e8me de sangle et permettent une tenue stable et \u00e9conomique lors du tir \u00e0 l'arc \u00e0 poulies.<\/p>\n<p>Le Patriot est fabriqu\u00e9 aux \u00c9tats-Unis et provient de TRUFIRE, un fabricant reconnu de d\u00e9cocheurs pour le tir \u00e0 l'arc. Le d\u00e9clenchement par index s\u00e9duit les tireurs qui pr\u00e9f\u00e8rent une g\u00e2chette directe et famili\u00e8re.<\/p>\n<ul>\n<li>D\u00e9cocheur de poignet avec d\u00e9clenchement par index<\/li>\n<li>Marque TRUFIRE, fabriqu\u00e9 aux \u00c9tats-Unis<\/li>\n<li>Convient aux arcs compound<\/li>\n<li>Tenue stable gr\u00e2ce \u00e0 la fixation au poignet<\/li>\n<\/ul>","protected":false},"excerpt":{"rendered":"<table>\n<tr>\n<th>Propri\u00e9t\u00e9<\/th>\n<th>Valeur<\/th>\n<\/tr>\n<tr>\n<td>Marque<\/td>\n<td>TRU-Fire<\/td>\n<\/tr>\n<tr>\n<td>Pays d'origine<\/td>\n<td>USA<\/td>\n<\/tr>\n<\/table>","protected":false},"featured_media":449387,"comment_status":"open","ping_status":"closed","template":"","meta":[],"product_brand":[585],"product_cat":[4210],"product_tag":[],"class_list":{"0":"post-396879","1":"product","2":"type-product","3":"status-publish","4":"has-post-thumbnail","6":"product_brand-trufire","7":"product_cat-index-finger-releases","8":"product_shipping_class-bsd-standard","10":"first","11":"instock","12":"shipping-taxable","13":"product-type-variable"},"yoast_head":"<!-- This site is optimized with the Yoast SEO plugin v27.6 - https:\/\/yoast.com\/product\/yoast-seo-wordpress\/ -->\n<title>TRUFIRE ZEIGEFINGER-RELEASE PATRIOT NYLON POWER STRAP - Bogensportdiscount \u2013 B\u00f6gen, Pfeile, Targets &amp; Zubeh\u00f6r<\/title>\n<meta name=\"description\" content=\"TRUFIRE ZEIGEFINGER-RELEASE PATRIOT NYLON POWER STRAP g\u00fcnstig kaufen bei Bogensportdiscount \u2013 Top-Marken, schneller Versand aus der Schweiz.\" \/>\n<meta name=\"robots\" content=\"index, follow, max-snippet:-1, max-image-preview:large, max-video-preview:-1\" \/>\n<link rel=\"canonical\" href=\"https:\/\/bogensportdiscount.ch\/fr\/produit\/trufire-handgelenk-release-patriot-index-finger\/\" \/>\n<meta property=\"og:locale\" content=\"fr_FR\" \/>\n<meta property=\"og:type\" content=\"article\" \/>\n<meta property=\"og:title\" content=\"TRUFIRE ZEIGEFINGER-RELEASE PATRIOT NYLON POWER STRAP - Bogensportdiscount \u2013 B\u00f6gen, Pfeile, Targets &amp; Zubeh\u00f6r\" \/>\n<meta property=\"og:description\" content=\"TRUFIRE ZEIGEFINGER-RELEASE PATRIOT NYLON POWER STRAP g\u00fcnstig kaufen bei Bogensportdiscount \u2013 Top-Marken, schneller Versand aus der Schweiz.\" \/>\n<meta property=\"og:url\" content=\"https:\/\/bogensportdiscount.ch\/fr\/produit\/trufire-handgelenk-release-patriot-index-finger\/\" \/>\n<meta property=\"og:site_name\" content=\"Bogensportdiscount \u2013 B\u00f6gen, Pfeile, Targets &amp; Zubeh\u00f6r\" \/>\n<meta property=\"article:modified_time\" content=\"2026-05-15T03:52:12+00:00\" \/>\n<meta property=\"og:image\" content=\"https:\/\/bogensportdiscount.ch\/wp-content\/uploads\/bsm-images\/A015975_1.png\" \/>\n\t<meta property=\"og:image:width\" content=\"1181\" \/>\n\t<meta property=\"og:image:height\" content=\"854\" \/>\n\t<meta property=\"og:image:type\" content=\"image\/png\" \/>\n<meta name=\"twitter:card\" content=\"summary_large_image\" \/>\n<script type=\"application\/ld+json\" class=\"yoast-schema-graph\">{\"@context\":\"https:\\\/\\\/schema.org\",\"@graph\":[{\"@type\":\"WebPage\",\"@id\":\"https:\\\/\\\/bogensportdiscount.ch\\\/produkt\\\/trufire-handgelenk-release-patriot-index-finger\\\/\",\"url\":\"https:\\\/\\\/bogensportdiscount.ch\\\/produkt\\\/trufire-handgelenk-release-patriot-index-finger\\\/\",\"name\":\"TRUFIRE ZEIGEFINGER-RELEASE PATRIOT NYLON POWER STRAP - Bogensportdiscount \u2013 B\u00f6gen, Pfeile, Targets &amp; Zubeh\u00f6r\",\"isPartOf\":{\"@id\":\"https:\\\/\\\/bogensportdiscount.ch\\\/#website\"},\"primaryImageOfPage\":{\"@id\":\"https:\\\/\\\/bogensportdiscount.ch\\\/produkt\\\/trufire-handgelenk-release-patriot-index-finger\\\/#primaryimage\"},\"image\":{\"@id\":\"https:\\\/\\\/bogensportdiscount.ch\\\/produkt\\\/trufire-handgelenk-release-patriot-index-finger\\\/#primaryimage\"},\"thumbnailUrl\":\"https:\\\/\\\/bogensportdiscount.ch\\\/wp-content\\\/uploads\\\/bsm-images\\\/A015975_1.png\",\"datePublished\":\"2026-04-05T12:38:11+00:00\",\"dateModified\":\"2026-05-15T03:52:12+00:00\",\"description\":\"TRUFIRE ZEIGEFINGER-RELEASE PATRIOT NYLON POWER STRAP g\u00fcnstig kaufen bei Bogensportdiscount \u2013 Top-Marken, schneller Versand aus der Schweiz.\",\"breadcrumb\":{\"@id\":\"https:\\\/\\\/bogensportdiscount.ch\\\/produkt\\\/trufire-handgelenk-release-patriot-index-finger\\\/#breadcrumb\"},\"inLanguage\":\"fr-FR\",\"potentialAction\":[{\"@type\":\"ReadAction\",\"target\":[\"https:\\\/\\\/bogensportdiscount.ch\\\/produkt\\\/trufire-handgelenk-release-patriot-index-finger\\\/\"]}]},{\"@type\":\"ImageObject\",\"inLanguage\":\"fr-FR\",\"@id\":\"https:\\\/\\\/bogensportdiscount.ch\\\/produkt\\\/trufire-handgelenk-release-patriot-index-finger\\\/#primaryimage\",\"url\":\"https:\\\/\\\/bogensportdiscount.ch\\\/wp-content\\\/uploads\\\/bsm-images\\\/A015975_1.png\",\"contentUrl\":\"https:\\\/\\\/bogensportdiscount.ch\\\/wp-content\\\/uploads\\\/bsm-images\\\/A015975_1.png\",\"width\":1181,\"height\":854},{\"@type\":\"BreadcrumbList\",\"@id\":\"https:\\\/\\\/bogensportdiscount.ch\\\/produkt\\\/trufire-handgelenk-release-patriot-index-finger\\\/#breadcrumb\",\"itemListElement\":[{\"@type\":\"ListItem\",\"position\":1,\"name\":\"Home\",\"item\":\"https:\\\/\\\/bogensportdiscount.ch\\\/\"},{\"@type\":\"ListItem\",\"position\":2,\"name\":\"Shop\",\"item\":\"https:\\\/\\\/bogensportdiscount.ch\\\/shop\\\/\"},{\"@type\":\"ListItem\",\"position\":3,\"name\":\"TRUFIRE INDEX FINGER RELEASES PATRIOT NYLON POWER STRAP\"}]},{\"@type\":\"WebSite\",\"@id\":\"https:\\\/\\\/bogensportdiscount.ch\\\/#website\",\"url\":\"https:\\\/\\\/bogensportdiscount.ch\\\/\",\"name\":\"Bogensportdiscount\",\"description\":\"\",\"potentialAction\":[{\"@type\":\"SearchAction\",\"target\":{\"@type\":\"EntryPoint\",\"urlTemplate\":\"https:\\\/\\\/bogensportdiscount.ch\\\/?s={search_term_string}\"},\"query-input\":{\"@type\":\"PropertyValueSpecification\",\"valueRequired\":true,\"valueName\":\"search_term_string\"}}],\"inLanguage\":\"fr-FR\"}]}<\/script>\n<!-- \/ Yoast SEO plugin. -->","yoast_head_json":{"title":"TRUFIRE ZEIGEFINGER-RELEASE PATRIOT NYLON POWER STRAP - Bogensportdiscount \u2013 B\u00f6gen, Pfeile, Targets &amp; Zubeh\u00f6r","description":"TRUFIRE ZEIGEFINGER-RELEASE PATRIOT NYLON POWER STRAP g\u00fcnstig kaufen bei Bogensportdiscount \u2013 Top-Marken, schneller Versand aus der Schweiz.","robots":{"index":"index","follow":"follow","max-snippet":"max-snippet:-1","max-image-preview":"max-image-preview:large","max-video-preview":"max-video-preview:-1"},"canonical":"https:\/\/bogensportdiscount.ch\/fr\/produit\/trufire-handgelenk-release-patriot-index-finger\/","og_locale":"fr_FR","og_type":"article","og_title":"TRUFIRE ZEIGEFINGER-RELEASE PATRIOT NYLON POWER STRAP - Bogensportdiscount \u2013 B\u00f6gen, Pfeile, Targets &amp; Zubeh\u00f6r","og_description":"TRUFIRE ZEIGEFINGER-RELEASE PATRIOT NYLON POWER STRAP g\u00fcnstig kaufen bei Bogensportdiscount \u2013 Top-Marken, schneller Versand aus der Schweiz.","og_url":"https:\/\/bogensportdiscount.ch\/fr\/produit\/trufire-handgelenk-release-patriot-index-finger\/","og_site_name":"Bogensportdiscount \u2013 B\u00f6gen, Pfeile, Targets &amp; Zubeh\u00f6r","article_modified_time":"2026-05-15T03:52:12+00:00","og_image":[{"width":1181,"height":854,"url":"https:\/\/bogensportdiscount.ch\/wp-content\/uploads\/bsm-images\/A015975_1.png","type":"image\/png"}],"twitter_card":"summary_large_image","schema":{"@context":"https:\/\/schema.org","@graph":[{"@type":"WebPage","@id":"https:\/\/bogensportdiscount.ch\/produkt\/trufire-handgelenk-release-patriot-index-finger\/","url":"https:\/\/bogensportdiscount.ch\/produkt\/trufire-handgelenk-release-patriot-index-finger\/","name":"TRUFIRE ZEIGEFINGER-RELEASE PATRIOT NYLON POWER STRAP - Bogensportdiscount \u2013 B\u00f6gen, Pfeile, Targets &amp; Zubeh\u00f6r","isPartOf":{"@id":"https:\/\/bogensportdiscount.ch\/#website"},"primaryImageOfPage":{"@id":"https:\/\/bogensportdiscount.ch\/produkt\/trufire-handgelenk-release-patriot-index-finger\/#primaryimage"},"image":{"@id":"https:\/\/bogensportdiscount.ch\/produkt\/trufire-handgelenk-release-patriot-index-finger\/#primaryimage"},"thumbnailUrl":"https:\/\/bogensportdiscount.ch\/wp-content\/uploads\/bsm-images\/A015975_1.png","datePublished":"2026-04-05T12:38:11+00:00","dateModified":"2026-05-15T03:52:12+00:00","description":"TRUFIRE ZEIGEFINGER-RELEASE PATRIOT NYLON POWER STRAP g\u00fcnstig kaufen bei Bogensportdiscount \u2013 Top-Marken, schneller Versand aus der Schweiz.","breadcrumb":{"@id":"https:\/\/bogensportdiscount.ch\/produkt\/trufire-handgelenk-release-patriot-index-finger\/#breadcrumb"},"inLanguage":"fr-FR","potentialAction":[{"@type":"ReadAction","target":["https:\/\/bogensportdiscount.ch\/produkt\/trufire-handgelenk-release-patriot-index-finger\/"]}]},{"@type":"ImageObject","inLanguage":"fr-FR","@id":"https:\/\/bogensportdiscount.ch\/produkt\/trufire-handgelenk-release-patriot-index-finger\/#primaryimage","url":"https:\/\/bogensportdiscount.ch\/wp-content\/uploads\/bsm-images\/A015975_1.png","contentUrl":"https:\/\/bogensportdiscount.ch\/wp-content\/uploads\/bsm-images\/A015975_1.png","width":1181,"height":854},{"@type":"BreadcrumbList","@id":"https:\/\/bogensportdiscount.ch\/produkt\/trufire-handgelenk-release-patriot-index-finger\/#breadcrumb","itemListElement":[{"@type":"ListItem","position":1,"name":"Home","item":"https:\/\/bogensportdiscount.ch\/"},{"@type":"ListItem","position":2,"name":"Shop","item":"https:\/\/bogensportdiscount.ch\/shop\/"},{"@type":"ListItem","position":3,"name":"TRUFIRE INDEX FINGER RELEASES PATRIOT NYLON POWER STRAP"}]},{"@type":"WebSite","@id":"https:\/\/bogensportdiscount.ch\/#website","url":"https:\/\/bogensportdiscount.ch\/","name":"Bogensportdiscount","description":"","potentialAction":[{"@type":"SearchAction","target":{"@type":"EntryPoint","urlTemplate":"https:\/\/bogensportdiscount.ch\/?s={search_term_string}"},"query-input":{"@type":"PropertyValueSpecification","valueRequired":true,"valueName":"search_term_string"}}],"inLanguage":"fr-FR"}]}},"_links":{"self":[{"href":"https:\/\/bogensportdiscount.ch\/fr\/wp-json\/wp\/v2\/product\/396879","targetHints":{"allow":["GET"]}}],"collection":[{"href":"https:\/\/bogensportdiscount.ch\/fr\/wp-json\/wp\/v2\/product"}],"about":[{"href":"https:\/\/bogensportdiscount.ch\/fr\/wp-json\/wp\/v2\/types\/product"}],"replies":[{"embeddable":true,"href":"https:\/\/bogensportdiscount.ch\/fr\/wp-json\/wp\/v2\/comments?post=396879"}],"wp:featuredmedia":[{"embeddable":true,"href":"https:\/\/bogensportdiscount.ch\/fr\/wp-json\/wp\/v2\/media\/449387"}],"wp:attachment":[{"href":"https:\/\/bogensportdiscount.ch\/fr\/wp-json\/wp\/v2\/media?parent=396879"}],"wp:term":[{"taxonomy":"product_brand","embeddable":true,"href":"https:\/\/bogensportdiscount.ch\/fr\/wp-json\/wp\/v2\/product_brand?post=396879"},{"taxonomy":"product_cat","embeddable":true,"href":"https:\/\/bogensportdiscount.ch\/fr\/wp-json\/wp\/v2\/product_cat?post=396879"},{"taxonomy":"product_tag","embeddable":true,"href":"https:\/\/bogensportdiscount.ch\/fr\/wp-json\/wp\/v2\/product_tag?post=396879"}],"curies":[{"name":"wp","href":"https:\/\/api.w.org\/{rel}","templated":true}]}}