{"id":396865,"date":"2026-04-05T14:38:09","date_gmt":"2026-04-05T12:38:09","guid":{"rendered":"https:\/\/bogensportdiscount.ch\/produkt\/hand-style-tp420-3-or-4-finger-thumb-trigger-black\/"},"modified":"2026-05-15T05:52:12","modified_gmt":"2026-05-15T03:52:12","slug":"topoint-hand-release-tp420-3-oder-4-finger-daumenausloeser","status":"publish","type":"product","link":"https:\/\/bogensportdiscount.ch\/fr\/produit\/topoint-hand-release-tp420-3-oder-4-finger-daumenausloeser\/","title":{"rendered":"TOPOINT MOD\u00c8LE MAIN TP420 &#8211; D\u00c9COCHEUR POUCE 3 OU 4 DOIGTS"},"content":{"rendered":"<p>Le TOPOINT TP420 est un d\u00e9cocheur \u00e0 pouce (thumb trigger) pour les archers pratiquant l'arc \u00e0 poulies. L'actionnement s'effectue via un d\u00e9clencheur pouce, ce qui permet une position d\u00e9tendue des doigts et un tir propre. Le mod\u00e8le est disponible au choix avec 3 ou 4 doigts afin de s'adapter \u00e0 diff\u00e9rentes tailles de mains.<\/p>\n<p>Le TP420 est disponible en sept variantes de couleur : noir, bleu, or, vert, violet, rouge et smoke. Cela permet d'harmoniser le d\u00e9cocheur visuellement avec l'\u00e9quipement personnel.<\/p>\n<ul>\n<li>D\u00e9clencheur pouce (Thumb Trigger) pour un tir pr\u00e9cis<\/li>\n<li>Disponible en version 3 ou 4 doigts<\/li>\n<li>Sept variantes de couleur au choix<\/li>\n<li>Convient aux archers compound<\/li>\n<\/ul>","protected":false},"excerpt":{"rendered":"<table>\n<tr>\n<th>Propri\u00e9t\u00e9<\/th>\n<th>Valeur<\/th>\n<\/tr>\n<tr>\n<td>Marque<\/td>\n<td>Topoint<\/td>\n<\/tr>\n<tr>\n<td>Pays d'origine<\/td>\n<td>Chine<\/td>\n<\/tr>\n<\/table>","protected":false},"featured_media":449384,"comment_status":"open","ping_status":"closed","template":"","meta":[],"product_brand":[436],"product_cat":[4209],"product_tag":[],"class_list":{"0":"post-396865","1":"product","2":"type-product","3":"status-publish","4":"has-post-thumbnail","6":"product_brand-topoint","7":"product_cat-thumb-releases","8":"product_shipping_class-bsd-standard","10":"first","11":"instock","12":"shipping-taxable","13":"purchasable","14":"product-type-variable"},"yoast_head":"<!-- This site is optimized with the Yoast SEO plugin v27.6 - https:\/\/yoast.com\/product\/yoast-seo-wordpress\/ -->\n<title>TOPOINT HAND-STYLE TP420 - 3 oder 4 FINGER DAUMEN-TRIGGER - Bogensportdiscount \u2013 B\u00f6gen, Pfeile, Targets &amp; Zubeh\u00f6r<\/title>\n<meta name=\"description\" content=\"TOPOINT HAND-STYLE TP420 - 3 oder 4 FINGER DAUMEN-TRIGGER g\u00fcnstig kaufen bei Bogensportdiscount \u2013 Top-Marken, schneller Versand aus der Schweiz.\" \/>\n<meta name=\"robots\" content=\"index, follow, max-snippet:-1, max-image-preview:large, max-video-preview:-1\" \/>\n<link rel=\"canonical\" href=\"https:\/\/bogensportdiscount.ch\/fr\/produit\/topoint-hand-release-tp420-3-oder-4-finger-daumenausloeser\/\" \/>\n<meta property=\"og:locale\" content=\"fr_FR\" \/>\n<meta property=\"og:type\" content=\"article\" \/>\n<meta property=\"og:title\" content=\"TOPOINT HAND-STYLE TP420 - 3 oder 4 FINGER DAUMEN-TRIGGER - Bogensportdiscount \u2013 B\u00f6gen, Pfeile, Targets &amp; Zubeh\u00f6r\" \/>\n<meta property=\"og:description\" content=\"TOPOINT HAND-STYLE TP420 - 3 oder 4 FINGER DAUMEN-TRIGGER g\u00fcnstig kaufen bei Bogensportdiscount \u2013 Top-Marken, schneller Versand aus der Schweiz.\" \/>\n<meta property=\"og:url\" content=\"https:\/\/bogensportdiscount.ch\/fr\/produit\/topoint-hand-release-tp420-3-oder-4-finger-daumenausloeser\/\" \/>\n<meta property=\"og:site_name\" content=\"Bogensportdiscount \u2013 B\u00f6gen, Pfeile, Targets &amp; Zubeh\u00f6r\" \/>\n<meta property=\"article:modified_time\" content=\"2026-05-15T03:52:12+00:00\" \/>\n<meta property=\"og:image\" content=\"https:\/\/bogensportdiscount.ch\/wp-content\/uploads\/bsm-images\/A015376_1.png\" \/>\n\t<meta property=\"og:image:width\" content=\"3836\" \/>\n\t<meta property=\"og:image:height\" content=\"2916\" \/>\n\t<meta property=\"og:image:type\" content=\"image\/png\" \/>\n<meta name=\"twitter:card\" content=\"summary_large_image\" \/>\n<script type=\"application\/ld+json\" class=\"yoast-schema-graph\">{\"@context\":\"https:\\\/\\\/schema.org\",\"@graph\":[{\"@type\":\"WebPage\",\"@id\":\"https:\\\/\\\/bogensportdiscount.ch\\\/produkt\\\/topoint-hand-release-tp420-3-oder-4-finger-daumenausloeser\\\/\",\"url\":\"https:\\\/\\\/bogensportdiscount.ch\\\/produkt\\\/topoint-hand-release-tp420-3-oder-4-finger-daumenausloeser\\\/\",\"name\":\"TOPOINT HAND-STYLE TP420 - 3 oder 4 FINGER DAUMEN-TRIGGER - Bogensportdiscount \u2013 B\u00f6gen, Pfeile, Targets &amp; Zubeh\u00f6r\",\"isPartOf\":{\"@id\":\"https:\\\/\\\/bogensportdiscount.ch\\\/#website\"},\"primaryImageOfPage\":{\"@id\":\"https:\\\/\\\/bogensportdiscount.ch\\\/produkt\\\/topoint-hand-release-tp420-3-oder-4-finger-daumenausloeser\\\/#primaryimage\"},\"image\":{\"@id\":\"https:\\\/\\\/bogensportdiscount.ch\\\/produkt\\\/topoint-hand-release-tp420-3-oder-4-finger-daumenausloeser\\\/#primaryimage\"},\"thumbnailUrl\":\"https:\\\/\\\/bogensportdiscount.ch\\\/wp-content\\\/uploads\\\/bsm-images\\\/A015376_1.png\",\"datePublished\":\"2026-04-05T12:38:09+00:00\",\"dateModified\":\"2026-05-15T03:52:12+00:00\",\"description\":\"TOPOINT HAND-STYLE TP420 - 3 oder 4 FINGER DAUMEN-TRIGGER g\u00fcnstig kaufen bei Bogensportdiscount \u2013 Top-Marken, schneller Versand aus der Schweiz.\",\"breadcrumb\":{\"@id\":\"https:\\\/\\\/bogensportdiscount.ch\\\/produkt\\\/topoint-hand-release-tp420-3-oder-4-finger-daumenausloeser\\\/#breadcrumb\"},\"inLanguage\":\"fr-FR\",\"potentialAction\":[{\"@type\":\"ReadAction\",\"target\":[\"https:\\\/\\\/bogensportdiscount.ch\\\/produkt\\\/topoint-hand-release-tp420-3-oder-4-finger-daumenausloeser\\\/\"]}]},{\"@type\":\"ImageObject\",\"inLanguage\":\"fr-FR\",\"@id\":\"https:\\\/\\\/bogensportdiscount.ch\\\/produkt\\\/topoint-hand-release-tp420-3-oder-4-finger-daumenausloeser\\\/#primaryimage\",\"url\":\"https:\\\/\\\/bogensportdiscount.ch\\\/wp-content\\\/uploads\\\/bsm-images\\\/A015376_1.png\",\"contentUrl\":\"https:\\\/\\\/bogensportdiscount.ch\\\/wp-content\\\/uploads\\\/bsm-images\\\/A015376_1.png\",\"width\":3836,\"height\":2916},{\"@type\":\"BreadcrumbList\",\"@id\":\"https:\\\/\\\/bogensportdiscount.ch\\\/produkt\\\/topoint-hand-release-tp420-3-oder-4-finger-daumenausloeser\\\/#breadcrumb\",\"itemListElement\":[{\"@type\":\"ListItem\",\"position\":1,\"name\":\"Home\",\"item\":\"https:\\\/\\\/bogensportdiscount.ch\\\/\"},{\"@type\":\"ListItem\",\"position\":2,\"name\":\"Shop\",\"item\":\"https:\\\/\\\/bogensportdiscount.ch\\\/shop\\\/\"},{\"@type\":\"ListItem\",\"position\":3,\"name\":\"TOPOINT HAND STYLE TP420 &#8211; 3 or 4 FINGER THUMB TRIGGER\"}]},{\"@type\":\"WebSite\",\"@id\":\"https:\\\/\\\/bogensportdiscount.ch\\\/#website\",\"url\":\"https:\\\/\\\/bogensportdiscount.ch\\\/\",\"name\":\"Bogensportdiscount\",\"description\":\"\",\"potentialAction\":[{\"@type\":\"SearchAction\",\"target\":{\"@type\":\"EntryPoint\",\"urlTemplate\":\"https:\\\/\\\/bogensportdiscount.ch\\\/?s={search_term_string}\"},\"query-input\":{\"@type\":\"PropertyValueSpecification\",\"valueRequired\":true,\"valueName\":\"search_term_string\"}}],\"inLanguage\":\"fr-FR\"}]}<\/script>\n<!-- \/ Yoast SEO plugin. -->","yoast_head_json":{"title":"TOPOINT HAND-STYLE TP420 - 3 oder 4 FINGER DAUMEN-TRIGGER - Bogensportdiscount \u2013 B\u00f6gen, Pfeile, Targets &amp; Zubeh\u00f6r","description":"TOPOINT HAND-STYLE TP420 - 3 oder 4 FINGER DAUMEN-TRIGGER g\u00fcnstig kaufen bei Bogensportdiscount \u2013 Top-Marken, schneller Versand aus der Schweiz.","robots":{"index":"index","follow":"follow","max-snippet":"max-snippet:-1","max-image-preview":"max-image-preview:large","max-video-preview":"max-video-preview:-1"},"canonical":"https:\/\/bogensportdiscount.ch\/fr\/produit\/topoint-hand-release-tp420-3-oder-4-finger-daumenausloeser\/","og_locale":"fr_FR","og_type":"article","og_title":"TOPOINT HAND-STYLE TP420 - 3 oder 4 FINGER DAUMEN-TRIGGER - Bogensportdiscount \u2013 B\u00f6gen, Pfeile, Targets &amp; Zubeh\u00f6r","og_description":"TOPOINT HAND-STYLE TP420 - 3 oder 4 FINGER DAUMEN-TRIGGER g\u00fcnstig kaufen bei Bogensportdiscount \u2013 Top-Marken, schneller Versand aus der Schweiz.","og_url":"https:\/\/bogensportdiscount.ch\/fr\/produit\/topoint-hand-release-tp420-3-oder-4-finger-daumenausloeser\/","og_site_name":"Bogensportdiscount \u2013 B\u00f6gen, Pfeile, Targets &amp; Zubeh\u00f6r","article_modified_time":"2026-05-15T03:52:12+00:00","og_image":[{"url":"https:\/\/bogensportdiscount.ch\/wp-content\/uploads\/bsm-images\/A015376_1.png","width":3836,"height":2916,"type":"image\/png"}],"twitter_card":"summary_large_image","schema":{"@context":"https:\/\/schema.org","@graph":[{"@type":"WebPage","@id":"https:\/\/bogensportdiscount.ch\/produkt\/topoint-hand-release-tp420-3-oder-4-finger-daumenausloeser\/","url":"https:\/\/bogensportdiscount.ch\/produkt\/topoint-hand-release-tp420-3-oder-4-finger-daumenausloeser\/","name":"TOPOINT HAND-STYLE TP420 - 3 oder 4 FINGER DAUMEN-TRIGGER - Bogensportdiscount \u2013 B\u00f6gen, Pfeile, Targets &amp; Zubeh\u00f6r","isPartOf":{"@id":"https:\/\/bogensportdiscount.ch\/#website"},"primaryImageOfPage":{"@id":"https:\/\/bogensportdiscount.ch\/produkt\/topoint-hand-release-tp420-3-oder-4-finger-daumenausloeser\/#primaryimage"},"image":{"@id":"https:\/\/bogensportdiscount.ch\/produkt\/topoint-hand-release-tp420-3-oder-4-finger-daumenausloeser\/#primaryimage"},"thumbnailUrl":"https:\/\/bogensportdiscount.ch\/wp-content\/uploads\/bsm-images\/A015376_1.png","datePublished":"2026-04-05T12:38:09+00:00","dateModified":"2026-05-15T03:52:12+00:00","description":"TOPOINT HAND-STYLE TP420 - 3 oder 4 FINGER DAUMEN-TRIGGER g\u00fcnstig kaufen bei Bogensportdiscount \u2013 Top-Marken, schneller Versand aus der Schweiz.","breadcrumb":{"@id":"https:\/\/bogensportdiscount.ch\/produkt\/topoint-hand-release-tp420-3-oder-4-finger-daumenausloeser\/#breadcrumb"},"inLanguage":"fr-FR","potentialAction":[{"@type":"ReadAction","target":["https:\/\/bogensportdiscount.ch\/produkt\/topoint-hand-release-tp420-3-oder-4-finger-daumenausloeser\/"]}]},{"@type":"ImageObject","inLanguage":"fr-FR","@id":"https:\/\/bogensportdiscount.ch\/produkt\/topoint-hand-release-tp420-3-oder-4-finger-daumenausloeser\/#primaryimage","url":"https:\/\/bogensportdiscount.ch\/wp-content\/uploads\/bsm-images\/A015376_1.png","contentUrl":"https:\/\/bogensportdiscount.ch\/wp-content\/uploads\/bsm-images\/A015376_1.png","width":3836,"height":2916},{"@type":"BreadcrumbList","@id":"https:\/\/bogensportdiscount.ch\/produkt\/topoint-hand-release-tp420-3-oder-4-finger-daumenausloeser\/#breadcrumb","itemListElement":[{"@type":"ListItem","position":1,"name":"Home","item":"https:\/\/bogensportdiscount.ch\/"},{"@type":"ListItem","position":2,"name":"Shop","item":"https:\/\/bogensportdiscount.ch\/shop\/"},{"@type":"ListItem","position":3,"name":"TOPOINT HAND STYLE TP420 &#8211; 3 or 4 FINGER THUMB TRIGGER"}]},{"@type":"WebSite","@id":"https:\/\/bogensportdiscount.ch\/#website","url":"https:\/\/bogensportdiscount.ch\/","name":"Bogensportdiscount","description":"","potentialAction":[{"@type":"SearchAction","target":{"@type":"EntryPoint","urlTemplate":"https:\/\/bogensportdiscount.ch\/?s={search_term_string}"},"query-input":{"@type":"PropertyValueSpecification","valueRequired":true,"valueName":"search_term_string"}}],"inLanguage":"fr-FR"}]}},"_links":{"self":[{"href":"https:\/\/bogensportdiscount.ch\/fr\/wp-json\/wp\/v2\/product\/396865","targetHints":{"allow":["GET"]}}],"collection":[{"href":"https:\/\/bogensportdiscount.ch\/fr\/wp-json\/wp\/v2\/product"}],"about":[{"href":"https:\/\/bogensportdiscount.ch\/fr\/wp-json\/wp\/v2\/types\/product"}],"replies":[{"embeddable":true,"href":"https:\/\/bogensportdiscount.ch\/fr\/wp-json\/wp\/v2\/comments?post=396865"}],"wp:featuredmedia":[{"embeddable":true,"href":"https:\/\/bogensportdiscount.ch\/fr\/wp-json\/wp\/v2\/media\/449384"}],"wp:attachment":[{"href":"https:\/\/bogensportdiscount.ch\/fr\/wp-json\/wp\/v2\/media?parent=396865"}],"wp:term":[{"taxonomy":"product_brand","embeddable":true,"href":"https:\/\/bogensportdiscount.ch\/fr\/wp-json\/wp\/v2\/product_brand?post=396865"},{"taxonomy":"product_cat","embeddable":true,"href":"https:\/\/bogensportdiscount.ch\/fr\/wp-json\/wp\/v2\/product_cat?post=396865"},{"taxonomy":"product_tag","embeddable":true,"href":"https:\/\/bogensportdiscount.ch\/fr\/wp-json\/wp\/v2\/product_tag?post=396865"}],"curies":[{"name":"wp","href":"https:\/\/api.w.org\/{rel}","templated":true}]}}