{"id":396799,"date":"2026-04-05T14:38:00","date_gmt":"2026-04-05T12:38:00","guid":{"rendered":"https:\/\/bogensportdiscount.ch\/produkt\/hand-style-insatiable-3-plus-thumb-3-finger-red\/"},"modified":"2026-04-17T13:45:01","modified_gmt":"2026-04-17T11:45:01","slug":"carter-hand-release-insatiable-3-plus-thumb-3-finger","status":"publish","type":"product","link":"https:\/\/bogensportdiscount.ch\/fr\/produit\/carter-hand-release-insatiable-3-plus-thumb-3-finger\/","title":{"rendered":"CARTER HAND STYLE INSATIABLE 3 PLUS THUMB 3-FINGER"},"content":{"rendered":"<p>Der CARTER Insatiable 3 Plus ist ein Thumb-Release im Hand-Style f\u00fcr drei Finger. Diese Art von Release-Aid wird direkt in der Hand gehalten und erm\u00f6glicht eine pr\u00e4zise Ausl\u00f6sung \u00fcber den Daumen.<\/p>\n<p>Der Insatiable 3 Plus eignet sich f\u00fcr Bogensch\u00fctzen, die einen handgehaltenen Thumb-Release bevorzugen und dabei Wert auf eine zuverl\u00e4ssige, kontrollierte Ausl\u00f6sung legen.<\/p>\n<ul>\n<li>Hand-Style Thumb-Release f\u00fcr 3 Finger<\/li>\n<li>Erh\u00e4ltlich in Schwarz, Blau und Rot<\/li>\n<li>Herstellung in den USA<\/li>\n<\/ul>","protected":false},"excerpt":{"rendered":"<p>Der CARTER Insatiable 3 Plus ist ein Hand-Style Thumb-Release f\u00fcr drei Finger. Erh\u00e4ltlich in den Farben Schwarz, Blau und Rot. Hergestellt in den USA.<\/p>","protected":false},"featured_media":440289,"comment_status":"open","ping_status":"closed","template":"","meta":[],"product_brand":[469],"product_cat":[4209],"product_tag":[],"class_list":{"0":"post-396799","1":"product","2":"type-product","3":"status-publish","4":"has-post-thumbnail","6":"product_brand-carter","7":"product_cat-thumb-releases","9":"first","10":"outofstock","11":"shipping-taxable","12":"purchasable","13":"product-type-variable"},"_links":{"self":[{"href":"https:\/\/bogensportdiscount.ch\/fr\/wp-json\/wp\/v2\/product\/396799","targetHints":{"allow":["GET"]}}],"collection":[{"href":"https:\/\/bogensportdiscount.ch\/fr\/wp-json\/wp\/v2\/product"}],"about":[{"href":"https:\/\/bogensportdiscount.ch\/fr\/wp-json\/wp\/v2\/types\/product"}],"replies":[{"embeddable":true,"href":"https:\/\/bogensportdiscount.ch\/fr\/wp-json\/wp\/v2\/comments?post=396799"}],"wp:featuredmedia":[{"embeddable":true,"href":"https:\/\/bogensportdiscount.ch\/fr\/wp-json\/wp\/v2\/media\/440289"}],"wp:attachment":[{"href":"https:\/\/bogensportdiscount.ch\/fr\/wp-json\/wp\/v2\/media?parent=396799"}],"wp:term":[{"taxonomy":"product_brand","embeddable":true,"href":"https:\/\/bogensportdiscount.ch\/fr\/wp-json\/wp\/v2\/product_brand?post=396799"},{"taxonomy":"product_cat","embeddable":true,"href":"https:\/\/bogensportdiscount.ch\/fr\/wp-json\/wp\/v2\/product_cat?post=396799"},{"taxonomy":"product_tag","embeddable":true,"href":"https:\/\/bogensportdiscount.ch\/fr\/wp-json\/wp\/v2\/product_tag?post=396799"}],"curies":[{"name":"wp","href":"https:\/\/api.w.org\/{rel}","templated":true}]}}