{"id":396777,"date":"2026-04-05T14:37:58","date_gmt":"2026-04-05T12:37:58","guid":{"rendered":"https:\/\/bogensportdiscount.ch\/produkt\/kisser-buttons-black\/"},"modified":"2026-04-17T12:27:04","modified_gmt":"2026-04-17T10:27:04","slug":"truglo-kisser-button","status":"publish","type":"product","link":"https:\/\/bogensportdiscount.ch\/fr\/produit\/truglo-kisser-button\/","title":{"rendered":"TRUGLO KISSER BOUTON"},"content":{"rendered":"<p>Der TRUGLO Kisser Button wird an der Bogensehne befestigt und dient als taktiler Ankerpunkt. Beim Einziehen der Sehne ber\u00fchrt der Kisser Button den Mundwinkel oder die Lippe des Sch\u00fctzen und signalisiert so die korrekte und wiederholbare Ankerposition.<\/p>\n<p>Das Zubeh\u00f6r eignet sich f\u00fcr Recurve- und Compound-B\u00f6gen und unterst\u00fctzt eine gleichm\u00e4ssige Zugtechnik, was sich positiv auf die Schussgenauigkeit auswirkt. Der TRUGLO Kisser Button ist in f\u00fcnf Farben erh\u00e4ltlich: Schwarz, Blau, Gr\u00fcn, Pink und Rot.<\/p>\n<ul>\n<li>Taktiler Ankerpunkt an der Bogensehne<\/li>\n<li>F\u00f6rdert eine konsistente Zugtechnik<\/li>\n<li>Kompatibel mit Recurve- und Compound-B\u00f6gen<\/li>\n<li>Erh\u00e4ltlich in 5 Farben<\/li>\n<\/ul>","protected":false},"excerpt":{"rendered":"<p><strong>Marque :<\/strong> Truglo<\/p>","protected":false},"featured_media":449365,"comment_status":"open","ping_status":"closed","template":"","meta":[],"product_brand":[560],"product_cat":[4347],"product_tag":[],"class_list":{"0":"post-396777","1":"product","2":"type-product","3":"status-publish","4":"has-post-thumbnail","6":"product_brand-truglo","7":"product_cat-nocking-points-kisser-buttons-accessories","9":"first","10":"instock","11":"shipping-taxable","12":"purchasable","13":"product-type-variable"},"_links":{"self":[{"href":"https:\/\/bogensportdiscount.ch\/fr\/wp-json\/wp\/v2\/product\/396777","targetHints":{"allow":["GET"]}}],"collection":[{"href":"https:\/\/bogensportdiscount.ch\/fr\/wp-json\/wp\/v2\/product"}],"about":[{"href":"https:\/\/bogensportdiscount.ch\/fr\/wp-json\/wp\/v2\/types\/product"}],"replies":[{"embeddable":true,"href":"https:\/\/bogensportdiscount.ch\/fr\/wp-json\/wp\/v2\/comments?post=396777"}],"wp:featuredmedia":[{"embeddable":true,"href":"https:\/\/bogensportdiscount.ch\/fr\/wp-json\/wp\/v2\/media\/449365"}],"wp:attachment":[{"href":"https:\/\/bogensportdiscount.ch\/fr\/wp-json\/wp\/v2\/media?parent=396777"}],"wp:term":[{"taxonomy":"product_brand","embeddable":true,"href":"https:\/\/bogensportdiscount.ch\/fr\/wp-json\/wp\/v2\/product_brand?post=396777"},{"taxonomy":"product_cat","embeddable":true,"href":"https:\/\/bogensportdiscount.ch\/fr\/wp-json\/wp\/v2\/product_cat?post=396777"},{"taxonomy":"product_tag","embeddable":true,"href":"https:\/\/bogensportdiscount.ch\/fr\/wp-json\/wp\/v2\/product_tag?post=396777"}],"curies":[{"name":"wp","href":"https:\/\/api.w.org\/{rel}","templated":true}]}}