{"id":396768,"date":"2026-04-05T14:37:57","date_gmt":"2026-04-05T12:37:57","guid":{"rendered":"https:\/\/bogensportdiscount.ch\/produkt\/kisser-buttons-10-mm-for-10-14-strands-red\/"},"modified":"2026-04-17T12:26:59","modified_gmt":"2026-04-17T10:26:59","slug":"erplastic-kisser-button-10mm-10-14-straenge-rot","status":"publish","type":"product","link":"https:\/\/bogensportdiscount.ch\/fr\/produit\/erplastic-kisser-button-10mm-10-14-straenge-rot\/","title":{"rendered":"ER PLASTIQUE 10 &amp; 14MM KISSER BUTTON"},"content":{"rendered":"<p>Der ERPLASTIC Kisser Button ist ein Ankerhilfsmittel f\u00fcr den Bogensport. Er wird an der Bogensehne befestigt und erm\u00f6glicht eine konsistente Ankerposition, indem er beim Anziehen der Sehne die Lippe ber\u00fchrt.<\/p>\n<p>Mit einem Durchmesser von 10 mm ist dieser Kisser Button f\u00fcr Sehnen mit 10 bis 14 Str\u00e4ngen ausgelegt und passt damit zu einer breiten Palette g\u00e4ngiger Bogensehnen. Das Modell ist in den Farben Schwarz, Blau, Gr\u00fcn, Rot und Gelb erh\u00e4ltlich.<\/p>\n<ul>\n<li>Durchmesser: 10 mm<\/li>\n<li>Geeignet f\u00fcr Sehnen mit 10\u201314 Str\u00e4ngen<\/li>\n<li>Hilft bei der Reproduzierbarkeit der Ankerposition<\/li>\n<li>Erh\u00e4ltlich in mehreren Farben<\/li>\n<\/ul>","protected":false},"excerpt":{"rendered":"<p><strong>Marque :<\/strong> ER Plastic<\/p>","protected":false},"featured_media":449364,"comment_status":"open","ping_status":"closed","template":"","meta":[],"product_brand":[790],"product_cat":[4347],"product_tag":[],"class_list":{"0":"post-396768","1":"product","2":"type-product","3":"status-publish","4":"has-post-thumbnail","6":"product_brand-erplastic","7":"product_cat-nocking-points-kisser-buttons-accessories","9":"first","10":"instock","11":"shipping-taxable","12":"purchasable","13":"product-type-variable"},"_links":{"self":[{"href":"https:\/\/bogensportdiscount.ch\/fr\/wp-json\/wp\/v2\/product\/396768","targetHints":{"allow":["GET"]}}],"collection":[{"href":"https:\/\/bogensportdiscount.ch\/fr\/wp-json\/wp\/v2\/product"}],"about":[{"href":"https:\/\/bogensportdiscount.ch\/fr\/wp-json\/wp\/v2\/types\/product"}],"replies":[{"embeddable":true,"href":"https:\/\/bogensportdiscount.ch\/fr\/wp-json\/wp\/v2\/comments?post=396768"}],"wp:featuredmedia":[{"embeddable":true,"href":"https:\/\/bogensportdiscount.ch\/fr\/wp-json\/wp\/v2\/media\/449364"}],"wp:attachment":[{"href":"https:\/\/bogensportdiscount.ch\/fr\/wp-json\/wp\/v2\/media?parent=396768"}],"wp:term":[{"taxonomy":"product_brand","embeddable":true,"href":"https:\/\/bogensportdiscount.ch\/fr\/wp-json\/wp\/v2\/product_brand?post=396768"},{"taxonomy":"product_cat","embeddable":true,"href":"https:\/\/bogensportdiscount.ch\/fr\/wp-json\/wp\/v2\/product_cat?post=396768"},{"taxonomy":"product_tag","embeddable":true,"href":"https:\/\/bogensportdiscount.ch\/fr\/wp-json\/wp\/v2\/product_tag?post=396768"}],"curies":[{"name":"wp","href":"https:\/\/api.w.org\/{rel}","templated":true}]}}