{"id":396765,"date":"2026-04-05T14:37:56","date_gmt":"2026-04-05T12:37:56","guid":{"rendered":"https:\/\/bogensportdiscount.ch\/produkt\/arrowcases-compact-36-1-4-x-7-1-2-x-3-camo\/"},"modified":"2026-04-17T13:45:00","modified_gmt":"2026-04-17T11:45:00","slug":"mtm-pfeilkoffer-compact-36","status":"publish","type":"product","link":"https:\/\/bogensportdiscount.ch\/fr\/produit\/mtm-pfeilkoffer-compact-36\/","title":{"rendered":"MTM ARROWCASES COMPACT 36 1\/4\u2033 x 7 1\/2\u2033 x 3\u2033"},"content":{"rendered":"<p>Der MTM Compact Pfeilkoffer ist eine robuste Transportl\u00f6sung f\u00fcr Bogenpfeile. Mit seinen Abmessungen von 36 1\/4&#8243; x 7 1\/2&#8243; x 3&#8243; bietet er ausreichend Platz f\u00fcr eine kompakte Pfeilausr\u00fcstung und sch\u00fctzt die Pfeile zuverl\u00e4ssig vor Besch\u00e4digungen beim Transport und der Lagerung.<\/p>\n<p>Der Koffer ist in zwei Farbvarianten erh\u00e4ltlich \u2013 Camo und Smoke \u2013 und l\u00e4sst sich so dem pers\u00f6nlichen Stil anpassen. Dank des kompakten Formats ist er handlich und gut zu verstauen, ob im Fahrzeug, im Schrank oder auf dem Weg zum Schiessstand.<\/p>\n<ul>\n<li>Kompakte Bauweise f\u00fcr einfachen Transport<\/li>\n<li>Geeignet f\u00fcr Pfeile bis 36 1\/4&#8243; L\u00e4nge<\/li>\n<li>Erh\u00e4ltlich in Camo und Smoke<\/li>\n<li>Sch\u00fctzt Pfeile vor Besch\u00e4digungen<\/li>\n<\/ul>","protected":false},"excerpt":{"rendered":"<p><strong>Marque :<\/strong> MTM Case-Gard<\/p>","protected":false},"featured_media":449362,"comment_status":"open","ping_status":"closed","template":"","meta":[],"product_brand":[805],"product_cat":[4206],"product_tag":[],"class_list":{"0":"post-396765","1":"product","2":"type-product","3":"status-publish","4":"has-post-thumbnail","6":"product_brand-mtm","7":"product_cat-pfeilekoffer-pfeiletube","9":"first","10":"instock","11":"shipping-taxable","12":"purchasable","13":"product-type-variable"},"_links":{"self":[{"href":"https:\/\/bogensportdiscount.ch\/fr\/wp-json\/wp\/v2\/product\/396765","targetHints":{"allow":["GET"]}}],"collection":[{"href":"https:\/\/bogensportdiscount.ch\/fr\/wp-json\/wp\/v2\/product"}],"about":[{"href":"https:\/\/bogensportdiscount.ch\/fr\/wp-json\/wp\/v2\/types\/product"}],"replies":[{"embeddable":true,"href":"https:\/\/bogensportdiscount.ch\/fr\/wp-json\/wp\/v2\/comments?post=396765"}],"wp:featuredmedia":[{"embeddable":true,"href":"https:\/\/bogensportdiscount.ch\/fr\/wp-json\/wp\/v2\/media\/449362"}],"wp:attachment":[{"href":"https:\/\/bogensportdiscount.ch\/fr\/wp-json\/wp\/v2\/media?parent=396765"}],"wp:term":[{"taxonomy":"product_brand","embeddable":true,"href":"https:\/\/bogensportdiscount.ch\/fr\/wp-json\/wp\/v2\/product_brand?post=396765"},{"taxonomy":"product_cat","embeddable":true,"href":"https:\/\/bogensportdiscount.ch\/fr\/wp-json\/wp\/v2\/product_cat?post=396765"},{"taxonomy":"product_tag","embeddable":true,"href":"https:\/\/bogensportdiscount.ch\/fr\/wp-json\/wp\/v2\/product_tag?post=396765"}],"curies":[{"name":"wp","href":"https:\/\/api.w.org\/{rel}","templated":true}]}}