{"id":396761,"date":"2026-04-05T14:37:56","date_gmt":"2026-04-05T12:37:56","guid":{"rendered":"https:\/\/bogensportdiscount.ch\/produkt\/recurve-cases-transporter-56-5l-with-wheels-black\/"},"modified":"2026-05-14T15:25:36","modified_gmt":"2026-05-14T13:25:36","slug":"shibuya-recurve-hartschalenkoffer-transporter-56-5l-mit-rollen","status":"publish","type":"product","link":"https:\/\/bogensportdiscount.ch\/fr\/produit\/shibuya-recurve-hartschalenkoffer-transporter-56-5l-mit-rollen\/","title":{"rendered":"SHIBUYA SACS POUR ARC CLASSIQUE TRANSPORTER 56.5L AVEC ROULETTES"},"content":{"rendered":"<p>Le SHIBUYA Transporter 56.5L est une housse \u00e0 coque rigide sp\u00e9cialement con\u00e7ue pour le transport d'\u00e9quipements d'arc classique. Gr\u00e2ce aux roulettes int\u00e9gr\u00e9es, la housse se transporte confortablement m\u00eame lorsqu'elle est pleinement charg\u00e9e.<\/p>\n<p>Avec un volume de 56,5 litres, la housse offre suffisamment d'espace pour un arc, un carquois, des viseurs et d'autres accessoires. La coque rigide prot\u00e8ge efficacement le mat\u00e9riel sensible contre les chocs et les influences ext\u00e9rieures \u2013 id\u00e9ale pour les comp\u00e9titions, les voyages et les sorties de club.<\/p>\n<ul>\n<li>Volume : 56,5 litres<\/li>\n<li>Roulettes int\u00e9gr\u00e9es pour un transport facile<\/li>\n<li>Coque rigide pour la protection de l'\u00e9quipement<\/li>\n<li>Disponible en noir, bleu et blanc<\/li>\n<\/ul>","protected":false},"excerpt":{"rendered":"<table>\n<tr>\n<th>Propri\u00e9t\u00e9<\/th>\n<th>Valeur<\/th>\n<\/tr>\n<tr>\n<td>Marque<\/td>\n<td>Shibuya<\/td>\n<\/tr>\n<tr>\n<td>Pays d'origine<\/td>\n<td>Japon<\/td>\n<\/tr>\n<\/table>","protected":false},"featured_media":449360,"comment_status":"open","ping_status":"closed","template":"","meta":[],"product_brand":[496],"product_cat":[4177],"product_tag":[],"class_list":{"0":"post-396761","1":"product","2":"type-product","3":"status-publish","4":"has-post-thumbnail","6":"product_brand-shibuya","7":"product_cat-recurve-koffer","8":"product_shipping_class-bsd-standard","10":"first","11":"instock","12":"shipping-taxable","13":"purchasable","14":"product-type-variable"},"yoast_head":"<!-- This site is optimized with the Yoast SEO plugin v27.6 - https:\/\/yoast.com\/product\/yoast-seo-wordpress\/ -->\n<title>SHIBUYA RECURVE TASCHEN TRANSPORTER 56.5L MIT R\u00c4DERN - Bogensportdiscount \u2013 B\u00f6gen, Pfeile, Targets &amp; Zubeh\u00f6r<\/title>\n<meta name=\"description\" content=\"SHIBUYA RECURVE TASCHEN TRANSPORTER 56.5L MIT R\u00c4DERN g\u00fcnstig kaufen bei Bogensportdiscount \u2013 Top-Marken, schneller Versand aus der Schweiz.\" \/>\n<meta name=\"robots\" content=\"index, follow, max-snippet:-1, max-image-preview:large, max-video-preview:-1\" \/>\n<link rel=\"canonical\" href=\"https:\/\/bogensportdiscount.ch\/fr\/produit\/shibuya-recurve-hartschalenkoffer-transporter-56-5l-mit-rollen\/\" \/>\n<meta property=\"og:locale\" content=\"fr_FR\" \/>\n<meta property=\"og:type\" content=\"article\" \/>\n<meta property=\"og:title\" content=\"SHIBUYA RECURVE TASCHEN TRANSPORTER 56.5L MIT R\u00c4DERN - Bogensportdiscount \u2013 B\u00f6gen, Pfeile, Targets &amp; Zubeh\u00f6r\" \/>\n<meta property=\"og:description\" content=\"SHIBUYA RECURVE TASCHEN TRANSPORTER 56.5L MIT R\u00c4DERN g\u00fcnstig kaufen bei Bogensportdiscount \u2013 Top-Marken, schneller Versand aus der Schweiz.\" \/>\n<meta property=\"og:url\" content=\"https:\/\/bogensportdiscount.ch\/fr\/produit\/shibuya-recurve-hartschalenkoffer-transporter-56-5l-mit-rollen\/\" \/>\n<meta property=\"og:site_name\" content=\"Bogensportdiscount \u2013 B\u00f6gen, Pfeile, Targets &amp; Zubeh\u00f6r\" \/>\n<meta property=\"article:modified_time\" content=\"2026-05-14T13:25:36+00:00\" \/>\n<meta property=\"og:image\" content=\"https:\/\/bogensportdiscount.ch\/wp-content\/uploads\/bsm-images\/A014823_1.png\" \/>\n\t<meta property=\"og:image:width\" content=\"3329\" \/>\n\t<meta property=\"og:image:height\" content=\"6469\" \/>\n\t<meta property=\"og:image:type\" content=\"image\/png\" \/>\n<meta name=\"twitter:card\" content=\"summary_large_image\" \/>\n<script type=\"application\/ld+json\" class=\"yoast-schema-graph\">{\"@context\":\"https:\\\/\\\/schema.org\",\"@graph\":[{\"@type\":\"WebPage\",\"@id\":\"https:\\\/\\\/bogensportdiscount.ch\\\/produkt\\\/shibuya-recurve-hartschalenkoffer-transporter-56-5l-mit-rollen\\\/\",\"url\":\"https:\\\/\\\/bogensportdiscount.ch\\\/produkt\\\/shibuya-recurve-hartschalenkoffer-transporter-56-5l-mit-rollen\\\/\",\"name\":\"SHIBUYA RECURVE TASCHEN TRANSPORTER 56.5L MIT R\u00c4DERN - Bogensportdiscount \u2013 B\u00f6gen, Pfeile, Targets &amp; Zubeh\u00f6r\",\"isPartOf\":{\"@id\":\"https:\\\/\\\/bogensportdiscount.ch\\\/#website\"},\"primaryImageOfPage\":{\"@id\":\"https:\\\/\\\/bogensportdiscount.ch\\\/produkt\\\/shibuya-recurve-hartschalenkoffer-transporter-56-5l-mit-rollen\\\/#primaryimage\"},\"image\":{\"@id\":\"https:\\\/\\\/bogensportdiscount.ch\\\/produkt\\\/shibuya-recurve-hartschalenkoffer-transporter-56-5l-mit-rollen\\\/#primaryimage\"},\"thumbnailUrl\":\"https:\\\/\\\/bogensportdiscount.ch\\\/wp-content\\\/uploads\\\/bsm-images\\\/A014823_1.png\",\"datePublished\":\"2026-04-05T12:37:56+00:00\",\"dateModified\":\"2026-05-14T13:25:36+00:00\",\"description\":\"SHIBUYA RECURVE TASCHEN TRANSPORTER 56.5L MIT R\u00c4DERN g\u00fcnstig kaufen bei Bogensportdiscount \u2013 Top-Marken, schneller Versand aus der Schweiz.\",\"breadcrumb\":{\"@id\":\"https:\\\/\\\/bogensportdiscount.ch\\\/produkt\\\/shibuya-recurve-hartschalenkoffer-transporter-56-5l-mit-rollen\\\/#breadcrumb\"},\"inLanguage\":\"fr-FR\",\"potentialAction\":[{\"@type\":\"ReadAction\",\"target\":[\"https:\\\/\\\/bogensportdiscount.ch\\\/produkt\\\/shibuya-recurve-hartschalenkoffer-transporter-56-5l-mit-rollen\\\/\"]}]},{\"@type\":\"ImageObject\",\"inLanguage\":\"fr-FR\",\"@id\":\"https:\\\/\\\/bogensportdiscount.ch\\\/produkt\\\/shibuya-recurve-hartschalenkoffer-transporter-56-5l-mit-rollen\\\/#primaryimage\",\"url\":\"https:\\\/\\\/bogensportdiscount.ch\\\/wp-content\\\/uploads\\\/bsm-images\\\/A014823_1.png\",\"contentUrl\":\"https:\\\/\\\/bogensportdiscount.ch\\\/wp-content\\\/uploads\\\/bsm-images\\\/A014823_1.png\",\"width\":1287,\"height\":2500},{\"@type\":\"BreadcrumbList\",\"@id\":\"https:\\\/\\\/bogensportdiscount.ch\\\/produkt\\\/shibuya-recurve-hartschalenkoffer-transporter-56-5l-mit-rollen\\\/#breadcrumb\",\"itemListElement\":[{\"@type\":\"ListItem\",\"position\":1,\"name\":\"Home\",\"item\":\"https:\\\/\\\/bogensportdiscount.ch\\\/\"},{\"@type\":\"ListItem\",\"position\":2,\"name\":\"Shop\",\"item\":\"https:\\\/\\\/bogensportdiscount.ch\\\/shop\\\/\"},{\"@type\":\"ListItem\",\"position\":3,\"name\":\"SHIBUYA RECURVE CASES TRANSPORTER 56.5L WITH WHEELS\"}]},{\"@type\":\"WebSite\",\"@id\":\"https:\\\/\\\/bogensportdiscount.ch\\\/#website\",\"url\":\"https:\\\/\\\/bogensportdiscount.ch\\\/\",\"name\":\"Bogensportdiscount\",\"description\":\"\",\"potentialAction\":[{\"@type\":\"SearchAction\",\"target\":{\"@type\":\"EntryPoint\",\"urlTemplate\":\"https:\\\/\\\/bogensportdiscount.ch\\\/?s={search_term_string}\"},\"query-input\":{\"@type\":\"PropertyValueSpecification\",\"valueRequired\":true,\"valueName\":\"search_term_string\"}}],\"inLanguage\":\"fr-FR\"}]}<\/script>\n<!-- \/ Yoast SEO plugin. -->","yoast_head_json":{"title":"SHIBUYA RECURVE TASCHEN TRANSPORTER 56.5L MIT R\u00c4DERN - Bogensportdiscount \u2013 B\u00f6gen, Pfeile, Targets &amp; Zubeh\u00f6r","description":"SHIBUYA RECURVE TASCHEN TRANSPORTER 56.5L MIT R\u00c4DERN g\u00fcnstig kaufen bei Bogensportdiscount \u2013 Top-Marken, schneller Versand aus der Schweiz.","robots":{"index":"index","follow":"follow","max-snippet":"max-snippet:-1","max-image-preview":"max-image-preview:large","max-video-preview":"max-video-preview:-1"},"canonical":"https:\/\/bogensportdiscount.ch\/fr\/produit\/shibuya-recurve-hartschalenkoffer-transporter-56-5l-mit-rollen\/","og_locale":"fr_FR","og_type":"article","og_title":"SHIBUYA RECURVE TASCHEN TRANSPORTER 56.5L MIT R\u00c4DERN - Bogensportdiscount \u2013 B\u00f6gen, Pfeile, Targets &amp; Zubeh\u00f6r","og_description":"SHIBUYA RECURVE TASCHEN TRANSPORTER 56.5L MIT R\u00c4DERN g\u00fcnstig kaufen bei Bogensportdiscount \u2013 Top-Marken, schneller Versand aus der Schweiz.","og_url":"https:\/\/bogensportdiscount.ch\/fr\/produit\/shibuya-recurve-hartschalenkoffer-transporter-56-5l-mit-rollen\/","og_site_name":"Bogensportdiscount \u2013 B\u00f6gen, Pfeile, Targets &amp; Zubeh\u00f6r","article_modified_time":"2026-05-14T13:25:36+00:00","og_image":[{"url":"https:\/\/bogensportdiscount.ch\/wp-content\/uploads\/bsm-images\/A014823_1.png","width":3329,"height":6469,"type":"image\/png"}],"twitter_card":"summary_large_image","schema":{"@context":"https:\/\/schema.org","@graph":[{"@type":"WebPage","@id":"https:\/\/bogensportdiscount.ch\/produkt\/shibuya-recurve-hartschalenkoffer-transporter-56-5l-mit-rollen\/","url":"https:\/\/bogensportdiscount.ch\/produkt\/shibuya-recurve-hartschalenkoffer-transporter-56-5l-mit-rollen\/","name":"SHIBUYA RECURVE TASCHEN TRANSPORTER 56.5L MIT R\u00c4DERN - Bogensportdiscount \u2013 B\u00f6gen, Pfeile, Targets &amp; Zubeh\u00f6r","isPartOf":{"@id":"https:\/\/bogensportdiscount.ch\/#website"},"primaryImageOfPage":{"@id":"https:\/\/bogensportdiscount.ch\/produkt\/shibuya-recurve-hartschalenkoffer-transporter-56-5l-mit-rollen\/#primaryimage"},"image":{"@id":"https:\/\/bogensportdiscount.ch\/produkt\/shibuya-recurve-hartschalenkoffer-transporter-56-5l-mit-rollen\/#primaryimage"},"thumbnailUrl":"https:\/\/bogensportdiscount.ch\/wp-content\/uploads\/bsm-images\/A014823_1.png","datePublished":"2026-04-05T12:37:56+00:00","dateModified":"2026-05-14T13:25:36+00:00","description":"SHIBUYA RECURVE TASCHEN TRANSPORTER 56.5L MIT R\u00c4DERN g\u00fcnstig kaufen bei Bogensportdiscount \u2013 Top-Marken, schneller Versand aus der Schweiz.","breadcrumb":{"@id":"https:\/\/bogensportdiscount.ch\/produkt\/shibuya-recurve-hartschalenkoffer-transporter-56-5l-mit-rollen\/#breadcrumb"},"inLanguage":"fr-FR","potentialAction":[{"@type":"ReadAction","target":["https:\/\/bogensportdiscount.ch\/produkt\/shibuya-recurve-hartschalenkoffer-transporter-56-5l-mit-rollen\/"]}]},{"@type":"ImageObject","inLanguage":"fr-FR","@id":"https:\/\/bogensportdiscount.ch\/produkt\/shibuya-recurve-hartschalenkoffer-transporter-56-5l-mit-rollen\/#primaryimage","url":"https:\/\/bogensportdiscount.ch\/wp-content\/uploads\/bsm-images\/A014823_1.png","contentUrl":"https:\/\/bogensportdiscount.ch\/wp-content\/uploads\/bsm-images\/A014823_1.png","width":1287,"height":2500},{"@type":"BreadcrumbList","@id":"https:\/\/bogensportdiscount.ch\/produkt\/shibuya-recurve-hartschalenkoffer-transporter-56-5l-mit-rollen\/#breadcrumb","itemListElement":[{"@type":"ListItem","position":1,"name":"Home","item":"https:\/\/bogensportdiscount.ch\/"},{"@type":"ListItem","position":2,"name":"Shop","item":"https:\/\/bogensportdiscount.ch\/shop\/"},{"@type":"ListItem","position":3,"name":"SHIBUYA RECURVE CASES TRANSPORTER 56.5L WITH WHEELS"}]},{"@type":"WebSite","@id":"https:\/\/bogensportdiscount.ch\/#website","url":"https:\/\/bogensportdiscount.ch\/","name":"Bogensportdiscount","description":"","potentialAction":[{"@type":"SearchAction","target":{"@type":"EntryPoint","urlTemplate":"https:\/\/bogensportdiscount.ch\/?s={search_term_string}"},"query-input":{"@type":"PropertyValueSpecification","valueRequired":true,"valueName":"search_term_string"}}],"inLanguage":"fr-FR"}]}},"_links":{"self":[{"href":"https:\/\/bogensportdiscount.ch\/fr\/wp-json\/wp\/v2\/product\/396761","targetHints":{"allow":["GET"]}}],"collection":[{"href":"https:\/\/bogensportdiscount.ch\/fr\/wp-json\/wp\/v2\/product"}],"about":[{"href":"https:\/\/bogensportdiscount.ch\/fr\/wp-json\/wp\/v2\/types\/product"}],"replies":[{"embeddable":true,"href":"https:\/\/bogensportdiscount.ch\/fr\/wp-json\/wp\/v2\/comments?post=396761"}],"wp:featuredmedia":[{"embeddable":true,"href":"https:\/\/bogensportdiscount.ch\/fr\/wp-json\/wp\/v2\/media\/449360"}],"wp:attachment":[{"href":"https:\/\/bogensportdiscount.ch\/fr\/wp-json\/wp\/v2\/media?parent=396761"}],"wp:term":[{"taxonomy":"product_brand","embeddable":true,"href":"https:\/\/bogensportdiscount.ch\/fr\/wp-json\/wp\/v2\/product_brand?post=396761"},{"taxonomy":"product_cat","embeddable":true,"href":"https:\/\/bogensportdiscount.ch\/fr\/wp-json\/wp\/v2\/product_cat?post=396761"},{"taxonomy":"product_tag","embeddable":true,"href":"https:\/\/bogensportdiscount.ch\/fr\/wp-json\/wp\/v2\/product_tag?post=396761"}],"curies":[{"name":"wp","href":"https:\/\/api.w.org\/{rel}","templated":true}]}}