{"id":396741,"date":"2026-04-05T14:37:53","date_gmt":"2026-04-05T12:37:53","guid":{"rendered":"https:\/\/bogensportdiscount.ch\/produkt\/traditional-strings-horsebow-korea-112-5cm-20str-smg-47\/"},"modified":"2026-04-20T13:32:21","modified_gmt":"2026-04-20T11:32:21","slug":"freddie-archery-traditionelle-sehne-horsebow-korea","status":"publish","type":"product","link":"https:\/\/bogensportdiscount.ch\/fr\/produit\/freddie-archery-traditionelle-sehne-horsebow-korea\/","title":{"rendered":"FREDDIE TRADITIONELLE SEHNEN PFERDEBOGEN KOREA"},"content":{"rendered":"<p>Die Freddie Archery Horsebow-Sehne ist eine traditionelle Bogensehne, gefertigt in Korea. Sie ist in drei L\u00e4ngen erh\u00e4ltlich (44&#8243;, 47&#8243; und 53&#8243;) und eignet sich f\u00fcr Horsebow-Modelle der entsprechenden Gr\u00f6ssen.<\/p>\n<p>Traditionelle Sehnen dieser Art sind auf die spezifischen Anforderungen von Horsebows ausgelegt und bieten eine solide Grundlage f\u00fcr den traditionellen Bogensport.<\/p>\n<ul>\n<li>Fabriqu\u00e9 en Cor\u00e9e<\/li>\n<li>Erh\u00e4ltlich in den L\u00e4ngen 44&#8243;, 47&#8243; und 53&#8243;<\/li>\n<li>Geeignet f\u00fcr traditionelle Horsebows<\/li>\n<li>Von Freddie Archery, einem auf traditionellen Bogensport spezialisierten Hersteller<\/li>\n<\/ul>","protected":false},"excerpt":{"rendered":"<table>\n<tr>\n<th>Propri\u00e9t\u00e9<\/th>\n<th>Valeur<\/th>\n<\/tr>\n<tr>\n<td>Marque<\/td>\n<td>Freddie Archery<\/td>\n<\/tr>\n<tr>\n<td>Pays d'origine<\/td>\n<td>Korea (KR)<\/td>\n<\/tr>\n<tr>\n<td>Longueurs disponibles<\/td>\n<td>44&#8243;, 47&#8243;, 53&#8243;<\/td>\n<\/tr>\n<\/table>","protected":false},"featured_media":449347,"comment_status":"open","ping_status":"closed","template":"","meta":[],"product_brand":[803],"product_cat":[4279],"product_tag":[],"class_list":{"0":"post-396741","1":"product","2":"type-product","3":"status-publish","4":"has-post-thumbnail","6":"product_brand-freddie","7":"product_cat-traditional-strings","9":"first","10":"outofstock","11":"shipping-taxable","12":"purchasable","13":"product-type-variable"},"yoast_head":"<!-- This site is optimized with the Yoast SEO plugin v27.4 - https:\/\/yoast.com\/product\/yoast-seo-wordpress\/ -->\n<title>FREDDIE TRADITIONELLE SEHNEN PFERDEBOGEN KOREA - Bogensportdiscount \u2013 B\u00f6gen, Pfeile, Targets &amp; Zubeh\u00f6r<\/title>\n<meta name=\"robots\" content=\"noindex, follow, max-snippet:-1, max-image-preview:large, max-video-preview:-1\" \/>\n<meta property=\"og:locale\" content=\"fr_FR\" \/>\n<meta property=\"og:type\" content=\"article\" \/>\n<meta property=\"og:title\" content=\"FREDDIE TRADITIONELLE SEHNEN PFERDEBOGEN KOREA - Bogensportdiscount \u2013 B\u00f6gen, Pfeile, Targets &amp; Zubeh\u00f6r\" \/>\n<meta property=\"og:description\" content=\"EigenschaftWertMarkeFreddie ArcheryHerkunftslandKorea (KR)Verf\u00fcgbare L\u00e4ngen44&quot;, 47&quot;, 53&quot;\" \/>\n<meta property=\"og:url\" content=\"https:\/\/bogensportdiscount.ch\/fr\/produit\/freddie-archery-traditionelle-sehne-horsebow-korea\/\" \/>\n<meta property=\"og:site_name\" content=\"Bogensportdiscount \u2013 B\u00f6gen, Pfeile, Targets &amp; Zubeh\u00f6r\" \/>\n<meta property=\"article:modified_time\" content=\"2026-04-20T11:32:21+00:00\" \/>\n<meta property=\"og:image\" content=\"https:\/\/bogensportdiscount.ch\/wp-content\/uploads\/bsm-images\/A014537_1.png\" \/>\n\t<meta property=\"og:image:width\" content=\"6672\" \/>\n\t<meta property=\"og:image:height\" content=\"4181\" \/>\n\t<meta property=\"og:image:type\" content=\"image\/png\" \/>\n<meta name=\"twitter:card\" content=\"summary_large_image\" \/>\n<script type=\"application\/ld+json\" class=\"yoast-schema-graph\">{\"@context\":\"https:\\\/\\\/schema.org\",\"@graph\":[{\"@type\":\"WebPage\",\"@id\":\"https:\\\/\\\/bogensportdiscount.ch\\\/fr\\\/produit\\\/freddie-archery-traditionelle-sehne-horsebow-korea\\\/\",\"url\":\"https:\\\/\\\/bogensportdiscount.ch\\\/fr\\\/produit\\\/freddie-archery-traditionelle-sehne-horsebow-korea\\\/\",\"name\":\"FREDDIE TRADITIONELLE SEHNEN PFERDEBOGEN KOREA - Bogensportdiscount \u2013 B\u00f6gen, Pfeile, Targets &amp; Zubeh\u00f6r\",\"isPartOf\":{\"@id\":\"https:\\\/\\\/bogensportdiscount.ch\\\/#website\"},\"primaryImageOfPage\":{\"@id\":\"https:\\\/\\\/bogensportdiscount.ch\\\/fr\\\/produit\\\/freddie-archery-traditionelle-sehne-horsebow-korea\\\/#primaryimage\"},\"image\":{\"@id\":\"https:\\\/\\\/bogensportdiscount.ch\\\/fr\\\/produit\\\/freddie-archery-traditionelle-sehne-horsebow-korea\\\/#primaryimage\"},\"thumbnailUrl\":\"https:\\\/\\\/bogensportdiscount.ch\\\/wp-content\\\/uploads\\\/bsm-images\\\/A014537_1.png\",\"datePublished\":\"2026-04-05T12:37:53+00:00\",\"dateModified\":\"2026-04-20T11:32:21+00:00\",\"breadcrumb\":{\"@id\":\"https:\\\/\\\/bogensportdiscount.ch\\\/fr\\\/produit\\\/freddie-archery-traditionelle-sehne-horsebow-korea\\\/#breadcrumb\"},\"inLanguage\":\"fr-FR\",\"potentialAction\":[{\"@type\":\"ReadAction\",\"target\":[\"https:\\\/\\\/bogensportdiscount.ch\\\/fr\\\/produit\\\/freddie-archery-traditionelle-sehne-horsebow-korea\\\/\"]}]},{\"@type\":\"ImageObject\",\"inLanguage\":\"fr-FR\",\"@id\":\"https:\\\/\\\/bogensportdiscount.ch\\\/fr\\\/produit\\\/freddie-archery-traditionelle-sehne-horsebow-korea\\\/#primaryimage\",\"url\":\"https:\\\/\\\/bogensportdiscount.ch\\\/wp-content\\\/uploads\\\/bsm-images\\\/A014537_1.png\",\"contentUrl\":\"https:\\\/\\\/bogensportdiscount.ch\\\/wp-content\\\/uploads\\\/bsm-images\\\/A014537_1.png\",\"width\":6672,\"height\":4181},{\"@type\":\"BreadcrumbList\",\"@id\":\"https:\\\/\\\/bogensportdiscount.ch\\\/fr\\\/produit\\\/freddie-archery-traditionelle-sehne-horsebow-korea\\\/#breadcrumb\",\"itemListElement\":[{\"@type\":\"ListItem\",\"position\":1,\"name\":\"Home\",\"item\":\"https:\\\/\\\/bogensportdiscount.ch\\\/\"},{\"@type\":\"ListItem\",\"position\":2,\"name\":\"Shop\",\"item\":\"https:\\\/\\\/bogensportdiscount.ch\\\/shop\\\/\"},{\"@type\":\"ListItem\",\"position\":3,\"name\":\"FREDDIE TRADITIONELLE SEHNEN PFERDEBOGEN KOREA\"}]},{\"@type\":\"WebSite\",\"@id\":\"https:\\\/\\\/bogensportdiscount.ch\\\/#website\",\"url\":\"https:\\\/\\\/bogensportdiscount.ch\\\/\",\"name\":\"Bogensportdiscount\",\"description\":\"\",\"potentialAction\":[{\"@type\":\"SearchAction\",\"target\":{\"@type\":\"EntryPoint\",\"urlTemplate\":\"https:\\\/\\\/bogensportdiscount.ch\\\/?s={search_term_string}\"},\"query-input\":{\"@type\":\"PropertyValueSpecification\",\"valueRequired\":true,\"valueName\":\"search_term_string\"}}],\"inLanguage\":\"fr-FR\"}]}<\/script>\n<!-- \/ Yoast SEO plugin. -->","yoast_head_json":{"title":"FREDDIE TRADITIONELLE SEHNEN PFERDEBOGEN KOREA - Bogensportdiscount \u2013 B\u00f6gen, Pfeile, Targets &amp; Zubeh\u00f6r","robots":{"index":"noindex","follow":"follow","max-snippet":"max-snippet:-1","max-image-preview":"max-image-preview:large","max-video-preview":"max-video-preview:-1"},"og_locale":"fr_FR","og_type":"article","og_title":"FREDDIE TRADITIONELLE SEHNEN PFERDEBOGEN KOREA - Bogensportdiscount \u2013 B\u00f6gen, Pfeile, Targets &amp; Zubeh\u00f6r","og_description":"EigenschaftWertMarkeFreddie ArcheryHerkunftslandKorea (KR)Verf\u00fcgbare L\u00e4ngen44\", 47\", 53\"","og_url":"https:\/\/bogensportdiscount.ch\/fr\/produit\/freddie-archery-traditionelle-sehne-horsebow-korea\/","og_site_name":"Bogensportdiscount \u2013 B\u00f6gen, Pfeile, Targets &amp; Zubeh\u00f6r","article_modified_time":"2026-04-20T11:32:21+00:00","og_image":[{"url":"https:\/\/bogensportdiscount.ch\/wp-content\/uploads\/bsm-images\/A014537_1.png","width":6672,"height":4181,"type":"image\/png"}],"twitter_card":"summary_large_image","schema":{"@context":"https:\/\/schema.org","@graph":[{"@type":"WebPage","@id":"https:\/\/bogensportdiscount.ch\/fr\/produit\/freddie-archery-traditionelle-sehne-horsebow-korea\/","url":"https:\/\/bogensportdiscount.ch\/fr\/produit\/freddie-archery-traditionelle-sehne-horsebow-korea\/","name":"FREDDIE TRADITIONELLE SEHNEN PFERDEBOGEN KOREA - Bogensportdiscount \u2013 B\u00f6gen, Pfeile, Targets &amp; Zubeh\u00f6r","isPartOf":{"@id":"https:\/\/bogensportdiscount.ch\/#website"},"primaryImageOfPage":{"@id":"https:\/\/bogensportdiscount.ch\/fr\/produit\/freddie-archery-traditionelle-sehne-horsebow-korea\/#primaryimage"},"image":{"@id":"https:\/\/bogensportdiscount.ch\/fr\/produit\/freddie-archery-traditionelle-sehne-horsebow-korea\/#primaryimage"},"thumbnailUrl":"https:\/\/bogensportdiscount.ch\/wp-content\/uploads\/bsm-images\/A014537_1.png","datePublished":"2026-04-05T12:37:53+00:00","dateModified":"2026-04-20T11:32:21+00:00","breadcrumb":{"@id":"https:\/\/bogensportdiscount.ch\/fr\/produit\/freddie-archery-traditionelle-sehne-horsebow-korea\/#breadcrumb"},"inLanguage":"fr-FR","potentialAction":[{"@type":"ReadAction","target":["https:\/\/bogensportdiscount.ch\/fr\/produit\/freddie-archery-traditionelle-sehne-horsebow-korea\/"]}]},{"@type":"ImageObject","inLanguage":"fr-FR","@id":"https:\/\/bogensportdiscount.ch\/fr\/produit\/freddie-archery-traditionelle-sehne-horsebow-korea\/#primaryimage","url":"https:\/\/bogensportdiscount.ch\/wp-content\/uploads\/bsm-images\/A014537_1.png","contentUrl":"https:\/\/bogensportdiscount.ch\/wp-content\/uploads\/bsm-images\/A014537_1.png","width":6672,"height":4181},{"@type":"BreadcrumbList","@id":"https:\/\/bogensportdiscount.ch\/fr\/produit\/freddie-archery-traditionelle-sehne-horsebow-korea\/#breadcrumb","itemListElement":[{"@type":"ListItem","position":1,"name":"Home","item":"https:\/\/bogensportdiscount.ch\/"},{"@type":"ListItem","position":2,"name":"Shop","item":"https:\/\/bogensportdiscount.ch\/shop\/"},{"@type":"ListItem","position":3,"name":"FREDDIE TRADITIONELLE SEHNEN PFERDEBOGEN KOREA"}]},{"@type":"WebSite","@id":"https:\/\/bogensportdiscount.ch\/#website","url":"https:\/\/bogensportdiscount.ch\/","name":"Bogensportdiscount","description":"","potentialAction":[{"@type":"SearchAction","target":{"@type":"EntryPoint","urlTemplate":"https:\/\/bogensportdiscount.ch\/?s={search_term_string}"},"query-input":{"@type":"PropertyValueSpecification","valueRequired":true,"valueName":"search_term_string"}}],"inLanguage":"fr-FR"}]}},"_links":{"self":[{"href":"https:\/\/bogensportdiscount.ch\/fr\/wp-json\/wp\/v2\/product\/396741","targetHints":{"allow":["GET"]}}],"collection":[{"href":"https:\/\/bogensportdiscount.ch\/fr\/wp-json\/wp\/v2\/product"}],"about":[{"href":"https:\/\/bogensportdiscount.ch\/fr\/wp-json\/wp\/v2\/types\/product"}],"replies":[{"embeddable":true,"href":"https:\/\/bogensportdiscount.ch\/fr\/wp-json\/wp\/v2\/comments?post=396741"}],"wp:featuredmedia":[{"embeddable":true,"href":"https:\/\/bogensportdiscount.ch\/fr\/wp-json\/wp\/v2\/media\/449347"}],"wp:attachment":[{"href":"https:\/\/bogensportdiscount.ch\/fr\/wp-json\/wp\/v2\/media?parent=396741"}],"wp:term":[{"taxonomy":"product_brand","embeddable":true,"href":"https:\/\/bogensportdiscount.ch\/fr\/wp-json\/wp\/v2\/product_brand?post=396741"},{"taxonomy":"product_cat","embeddable":true,"href":"https:\/\/bogensportdiscount.ch\/fr\/wp-json\/wp\/v2\/product_cat?post=396741"},{"taxonomy":"product_tag","embeddable":true,"href":"https:\/\/bogensportdiscount.ch\/fr\/wp-json\/wp\/v2\/product_tag?post=396741"}],"curies":[{"name":"wp","href":"https:\/\/api.w.org\/{rel}","templated":true}]}}