{"id":396708,"date":"2026-04-05T14:37:50","date_gmt":"2026-04-05T12:37:50","guid":{"rendered":"https:\/\/bogensportdiscount.ch\/produkt\/horse-bows-traditional-black-shadow-48-25-lbs-carbon-rh-lh-string-incl\/"},"modified":"2026-04-17T19:17:50","modified_gmt":"2026-04-17T17:17:50","slug":"freddie-horse-bows-traditional-black-shadow-53","status":"publish","type":"product","link":"https:\/\/bogensportdiscount.ch\/fr\/produit\/freddie-horse-bows-traditional-black-shadow-53\/","title":{"rendered":"FREDDIE ARCHERY BLACK SHADOW CARBON HORSE BOW"},"content":{"rendered":"<p>Der FREDDIE Horse Bows Traditional Black Shadow 53&#8243; ist ein hochwertiger traditioneller Reiterbogen aus s\u00fcdkoreanischer Fertigung. Mit einer Gesamtl\u00e4nge von 53 Zoll bietet dieser Bogen eine ausgezeichnete Balance zwischen Man\u00f6vrierbarkeit und Stabilit\u00e4t im Sattel.<\/p>\n<p>Das Modell Black Shadow besticht durch seine klassische schwarze Optik und ist in acht verschiedenen Zuggewichten erh\u00e4ltlich (25\u201360 LBS), wodurch es sich f\u00fcr Sch\u00fctzen unterschiedlicher Erfahrungsstufen und K\u00f6rpergr\u00f6ssen eignet. Als Reiterbogen ist er speziell f\u00fcr die Anwendung vom Pferd aus konzipiert.<\/p>\n<p>Eigenschaften:<\/p>\n<ul>\n<li>Traditionelles Langbogen-Design<\/li>\n<li>Acht w\u00e4hlbare Zuggewichte<\/li>\n<li>Kompakte 53&#8243;-L\u00e4nge f\u00fcr Reitereinsatz<\/li>\n<li>Bew\u00e4hrte s\u00fcdkoreanische Qualit\u00e4t<\/li>\n<\/ul>","protected":false},"excerpt":{"rendered":"<table>\n<tr>\n<th>Propri\u00e9t\u00e9<\/th>\n<th>Valeur<\/th>\n<\/tr>\n<tr>\n<td>Marque<\/td>\n<td>Freddie Archery<\/td>\n<\/tr>\n<tr>\n<td>Type<\/td>\n<td>Traditioneller Reiterbogen<\/td>\n<\/tr>\n<tr>\n<td>Longueur<\/td>\n<td>53&#8243;<\/td>\n<\/tr>\n<tr>\n<td>Couleur<\/td>\n<td>Schwarz<\/td>\n<\/tr>\n<tr>\n<td>Modell<\/td>\n<td>Black Shadow<\/td>\n<\/tr>\n<tr>\n<td>Poids de traction<\/td>\n<td>25\u201360 LBS<\/td>\n<\/tr>\n<tr>\n<td>Herkunftsland<\/td>\n<td>S\u00fcdkorea<\/td>\n<\/tr>\n<\/table>","protected":false},"featured_media":449339,"comment_status":"open","ping_status":"closed","template":"","meta":[],"product_brand":[803],"product_cat":[3463],"product_tag":[],"class_list":{"0":"post-396708","1":"product","2":"type-product","3":"status-publish","4":"has-post-thumbnail","6":"product_brand-freddie","7":"product_cat-reiterboegen","9":"first","10":"instock","11":"shipping-taxable","12":"purchasable","13":"product-type-variable"},"_links":{"self":[{"href":"https:\/\/bogensportdiscount.ch\/fr\/wp-json\/wp\/v2\/product\/396708","targetHints":{"allow":["GET"]}}],"collection":[{"href":"https:\/\/bogensportdiscount.ch\/fr\/wp-json\/wp\/v2\/product"}],"about":[{"href":"https:\/\/bogensportdiscount.ch\/fr\/wp-json\/wp\/v2\/types\/product"}],"replies":[{"embeddable":true,"href":"https:\/\/bogensportdiscount.ch\/fr\/wp-json\/wp\/v2\/comments?post=396708"}],"wp:featuredmedia":[{"embeddable":true,"href":"https:\/\/bogensportdiscount.ch\/fr\/wp-json\/wp\/v2\/media\/449339"}],"wp:attachment":[{"href":"https:\/\/bogensportdiscount.ch\/fr\/wp-json\/wp\/v2\/media?parent=396708"}],"wp:term":[{"taxonomy":"product_brand","embeddable":true,"href":"https:\/\/bogensportdiscount.ch\/fr\/wp-json\/wp\/v2\/product_brand?post=396708"},{"taxonomy":"product_cat","embeddable":true,"href":"https:\/\/bogensportdiscount.ch\/fr\/wp-json\/wp\/v2\/product_cat?post=396708"},{"taxonomy":"product_tag","embeddable":true,"href":"https:\/\/bogensportdiscount.ch\/fr\/wp-json\/wp\/v2\/product_tag?post=396708"}],"curies":[{"name":"wp","href":"https:\/\/api.w.org\/{rel}","templated":true}]}}