{"id":396509,"date":"2026-04-05T14:37:30","date_gmt":"2026-04-05T12:37:30","guid":{"rendered":"https:\/\/bogensportdiscount.ch\/produkt\/weights-stabilis-soft-cap-small\/"},"modified":"2026-05-14T15:25:35","modified_gmt":"2026-05-14T13:25:35","slug":"doinker-stabilisator-gewichte-soft-cap-small","status":"publish","type":"product","link":"https:\/\/bogensportdiscount.ch\/fr\/produit\/doinker-stabilisator-gewichte-soft-cap-small\/","title":{"rendered":"DOINKER POIDS STABILISATEUR SOFT CAP SMALL"},"content":{"rendered":"<p>Les poids Doinker Soft Cap en taille Small sont sp\u00e9cialement con\u00e7us pour \u00eatre utilis\u00e9s sur les stabilisateurs d'arc. Avec leur embout souple (Soft Cap), ils offrent une protection fiable et se montent facilement sur le stabilisateur.<\/p>\n<p>En ajoutant des poids de mani\u00e8re cibl\u00e9e, l'archer peut adapter individuellement l'\u00e9quilibre et le comportement vibratoire de l'arc. La taille compacte Small convient particuli\u00e8rement aux r\u00e9glages de poids l\u00e9gers ou en compl\u00e9ment de syst\u00e8mes de lestage existants.<\/p>\n<ul>\n<li>Taille compacte pour un r\u00e9glage flexible du poids<\/li>\n<li>Embout souple pour la protection du stabilisateur<\/li>\n<li>Montage facile sur le stabilisateur<\/li>\n<li>Adapt\u00e9 aux arcs classiques et aux arcs \u00e0 poulies<\/li>\n<\/ul>","protected":false},"excerpt":{"rendered":"<table>\n<tr>\n<th>Propri\u00e9t\u00e9<\/th>\n<th>Valeur<\/th>\n<\/tr>\n<tr>\n<td>Marque<\/td>\n<td>T\u00e9tine<\/td>\n<\/tr>\n<tr>\n<td>Pays d'origine<\/td>\n<td>USA<\/td>\n<\/tr>\n<\/table>","protected":false},"featured_media":449299,"comment_status":"open","ping_status":"closed","template":"","meta":[],"product_brand":[785],"product_cat":[4199],"product_tag":[],"class_list":{"0":"post-396509","1":"product","2":"type-product","3":"status-publish","4":"has-post-thumbnail","6":"product_brand-doinker","7":"product_cat-gewichte","8":"product_shipping_class-bsd-standard","10":"first","11":"instock","12":"shipping-taxable","13":"purchasable","14":"product-type-variable"},"yoast_head":"<!-- This site is optimized with the Yoast SEO plugin v27.6 - https:\/\/yoast.com\/product\/yoast-seo-wordpress\/ -->\n<title>DOINKER GEWICHTE STABILISATOR SOFT CAP SMALL - Bogensportdiscount \u2013 B\u00f6gen, Pfeile, Targets &amp; Zubeh\u00f6r<\/title>\n<meta name=\"description\" content=\"DOINKER GEWICHTE STABILISATOR SOFT CAP SMALL g\u00fcnstig kaufen bei Bogensportdiscount \u2013 Top-Marken, schneller Versand aus der Schweiz.\" \/>\n<meta name=\"robots\" content=\"index, follow, max-snippet:-1, max-image-preview:large, max-video-preview:-1\" \/>\n<link rel=\"canonical\" href=\"https:\/\/bogensportdiscount.ch\/fr\/produit\/doinker-stabilisator-gewichte-soft-cap-small\/\" \/>\n<meta property=\"og:locale\" content=\"fr_FR\" \/>\n<meta property=\"og:type\" content=\"article\" \/>\n<meta property=\"og:title\" content=\"DOINKER GEWICHTE STABILISATOR SOFT CAP SMALL - Bogensportdiscount \u2013 B\u00f6gen, Pfeile, Targets &amp; Zubeh\u00f6r\" \/>\n<meta property=\"og:description\" content=\"DOINKER GEWICHTE STABILISATOR SOFT CAP SMALL g\u00fcnstig kaufen bei Bogensportdiscount \u2013 Top-Marken, schneller Versand aus der Schweiz.\" \/>\n<meta property=\"og:url\" content=\"https:\/\/bogensportdiscount.ch\/fr\/produit\/doinker-stabilisator-gewichte-soft-cap-small\/\" \/>\n<meta property=\"og:site_name\" content=\"Bogensportdiscount \u2013 B\u00f6gen, Pfeile, Targets &amp; Zubeh\u00f6r\" \/>\n<meta property=\"article:modified_time\" content=\"2026-05-14T13:25:35+00:00\" \/>\n<meta property=\"og:image\" content=\"https:\/\/bogensportdiscount.ch\/wp-content\/uploads\/bsm-images\/A013623_1.png\" \/>\n\t<meta property=\"og:image:width\" content=\"670\" \/>\n\t<meta property=\"og:image:height\" content=\"670\" \/>\n\t<meta property=\"og:image:type\" content=\"image\/png\" \/>\n<meta name=\"twitter:card\" content=\"summary_large_image\" \/>\n<script type=\"application\/ld+json\" class=\"yoast-schema-graph\">{\"@context\":\"https:\\\/\\\/schema.org\",\"@graph\":[{\"@type\":\"WebPage\",\"@id\":\"https:\\\/\\\/bogensportdiscount.ch\\\/produkt\\\/doinker-stabilisator-gewichte-soft-cap-small\\\/\",\"url\":\"https:\\\/\\\/bogensportdiscount.ch\\\/produkt\\\/doinker-stabilisator-gewichte-soft-cap-small\\\/\",\"name\":\"DOINKER GEWICHTE STABILISATOR SOFT CAP SMALL - Bogensportdiscount \u2013 B\u00f6gen, Pfeile, Targets &amp; Zubeh\u00f6r\",\"isPartOf\":{\"@id\":\"https:\\\/\\\/bogensportdiscount.ch\\\/#website\"},\"primaryImageOfPage\":{\"@id\":\"https:\\\/\\\/bogensportdiscount.ch\\\/produkt\\\/doinker-stabilisator-gewichte-soft-cap-small\\\/#primaryimage\"},\"image\":{\"@id\":\"https:\\\/\\\/bogensportdiscount.ch\\\/produkt\\\/doinker-stabilisator-gewichte-soft-cap-small\\\/#primaryimage\"},\"thumbnailUrl\":\"https:\\\/\\\/bogensportdiscount.ch\\\/wp-content\\\/uploads\\\/bsm-images\\\/A013623_1.png\",\"datePublished\":\"2026-04-05T12:37:30+00:00\",\"dateModified\":\"2026-05-14T13:25:35+00:00\",\"description\":\"DOINKER GEWICHTE STABILISATOR SOFT CAP SMALL g\u00fcnstig kaufen bei Bogensportdiscount \u2013 Top-Marken, schneller Versand aus der Schweiz.\",\"breadcrumb\":{\"@id\":\"https:\\\/\\\/bogensportdiscount.ch\\\/produkt\\\/doinker-stabilisator-gewichte-soft-cap-small\\\/#breadcrumb\"},\"inLanguage\":\"fr-FR\",\"potentialAction\":[{\"@type\":\"ReadAction\",\"target\":[\"https:\\\/\\\/bogensportdiscount.ch\\\/produkt\\\/doinker-stabilisator-gewichte-soft-cap-small\\\/\"]}]},{\"@type\":\"ImageObject\",\"inLanguage\":\"fr-FR\",\"@id\":\"https:\\\/\\\/bogensportdiscount.ch\\\/produkt\\\/doinker-stabilisator-gewichte-soft-cap-small\\\/#primaryimage\",\"url\":\"https:\\\/\\\/bogensportdiscount.ch\\\/wp-content\\\/uploads\\\/bsm-images\\\/A013623_1.png\",\"contentUrl\":\"https:\\\/\\\/bogensportdiscount.ch\\\/wp-content\\\/uploads\\\/bsm-images\\\/A013623_1.png\",\"width\":670,\"height\":670},{\"@type\":\"BreadcrumbList\",\"@id\":\"https:\\\/\\\/bogensportdiscount.ch\\\/produkt\\\/doinker-stabilisator-gewichte-soft-cap-small\\\/#breadcrumb\",\"itemListElement\":[{\"@type\":\"ListItem\",\"position\":1,\"name\":\"Home\",\"item\":\"https:\\\/\\\/bogensportdiscount.ch\\\/\"},{\"@type\":\"ListItem\",\"position\":2,\"name\":\"Shop\",\"item\":\"https:\\\/\\\/bogensportdiscount.ch\\\/shop\\\/\"},{\"@type\":\"ListItem\",\"position\":3,\"name\":\"DOINKER WEIGHTS STABILIS. SOFT CAP SMALL\"}]},{\"@type\":\"WebSite\",\"@id\":\"https:\\\/\\\/bogensportdiscount.ch\\\/#website\",\"url\":\"https:\\\/\\\/bogensportdiscount.ch\\\/\",\"name\":\"Bogensportdiscount\",\"description\":\"\",\"potentialAction\":[{\"@type\":\"SearchAction\",\"target\":{\"@type\":\"EntryPoint\",\"urlTemplate\":\"https:\\\/\\\/bogensportdiscount.ch\\\/?s={search_term_string}\"},\"query-input\":{\"@type\":\"PropertyValueSpecification\",\"valueRequired\":true,\"valueName\":\"search_term_string\"}}],\"inLanguage\":\"fr-FR\"}]}<\/script>\n<!-- \/ Yoast SEO plugin. -->","yoast_head_json":{"title":"DOINKER GEWICHTE STABILISATOR SOFT CAP SMALL - Bogensportdiscount \u2013 B\u00f6gen, Pfeile, Targets &amp; Zubeh\u00f6r","description":"DOINKER GEWICHTE STABILISATOR SOFT CAP SMALL g\u00fcnstig kaufen bei Bogensportdiscount \u2013 Top-Marken, schneller Versand aus der Schweiz.","robots":{"index":"index","follow":"follow","max-snippet":"max-snippet:-1","max-image-preview":"max-image-preview:large","max-video-preview":"max-video-preview:-1"},"canonical":"https:\/\/bogensportdiscount.ch\/fr\/produit\/doinker-stabilisator-gewichte-soft-cap-small\/","og_locale":"fr_FR","og_type":"article","og_title":"DOINKER GEWICHTE STABILISATOR SOFT CAP SMALL - Bogensportdiscount \u2013 B\u00f6gen, Pfeile, Targets &amp; Zubeh\u00f6r","og_description":"DOINKER GEWICHTE STABILISATOR SOFT CAP SMALL g\u00fcnstig kaufen bei Bogensportdiscount \u2013 Top-Marken, schneller Versand aus der Schweiz.","og_url":"https:\/\/bogensportdiscount.ch\/fr\/produit\/doinker-stabilisator-gewichte-soft-cap-small\/","og_site_name":"Bogensportdiscount \u2013 B\u00f6gen, Pfeile, Targets &amp; Zubeh\u00f6r","article_modified_time":"2026-05-14T13:25:35+00:00","og_image":[{"width":670,"height":670,"url":"https:\/\/bogensportdiscount.ch\/wp-content\/uploads\/bsm-images\/A013623_1.png","type":"image\/png"}],"twitter_card":"summary_large_image","schema":{"@context":"https:\/\/schema.org","@graph":[{"@type":"WebPage","@id":"https:\/\/bogensportdiscount.ch\/produkt\/doinker-stabilisator-gewichte-soft-cap-small\/","url":"https:\/\/bogensportdiscount.ch\/produkt\/doinker-stabilisator-gewichte-soft-cap-small\/","name":"DOINKER GEWICHTE STABILISATOR SOFT CAP SMALL - Bogensportdiscount \u2013 B\u00f6gen, Pfeile, Targets &amp; Zubeh\u00f6r","isPartOf":{"@id":"https:\/\/bogensportdiscount.ch\/#website"},"primaryImageOfPage":{"@id":"https:\/\/bogensportdiscount.ch\/produkt\/doinker-stabilisator-gewichte-soft-cap-small\/#primaryimage"},"image":{"@id":"https:\/\/bogensportdiscount.ch\/produkt\/doinker-stabilisator-gewichte-soft-cap-small\/#primaryimage"},"thumbnailUrl":"https:\/\/bogensportdiscount.ch\/wp-content\/uploads\/bsm-images\/A013623_1.png","datePublished":"2026-04-05T12:37:30+00:00","dateModified":"2026-05-14T13:25:35+00:00","description":"DOINKER GEWICHTE STABILISATOR SOFT CAP SMALL g\u00fcnstig kaufen bei Bogensportdiscount \u2013 Top-Marken, schneller Versand aus der Schweiz.","breadcrumb":{"@id":"https:\/\/bogensportdiscount.ch\/produkt\/doinker-stabilisator-gewichte-soft-cap-small\/#breadcrumb"},"inLanguage":"fr-FR","potentialAction":[{"@type":"ReadAction","target":["https:\/\/bogensportdiscount.ch\/produkt\/doinker-stabilisator-gewichte-soft-cap-small\/"]}]},{"@type":"ImageObject","inLanguage":"fr-FR","@id":"https:\/\/bogensportdiscount.ch\/produkt\/doinker-stabilisator-gewichte-soft-cap-small\/#primaryimage","url":"https:\/\/bogensportdiscount.ch\/wp-content\/uploads\/bsm-images\/A013623_1.png","contentUrl":"https:\/\/bogensportdiscount.ch\/wp-content\/uploads\/bsm-images\/A013623_1.png","width":670,"height":670},{"@type":"BreadcrumbList","@id":"https:\/\/bogensportdiscount.ch\/produkt\/doinker-stabilisator-gewichte-soft-cap-small\/#breadcrumb","itemListElement":[{"@type":"ListItem","position":1,"name":"Home","item":"https:\/\/bogensportdiscount.ch\/"},{"@type":"ListItem","position":2,"name":"Shop","item":"https:\/\/bogensportdiscount.ch\/shop\/"},{"@type":"ListItem","position":3,"name":"DOINKER WEIGHTS STABILIS. SOFT CAP SMALL"}]},{"@type":"WebSite","@id":"https:\/\/bogensportdiscount.ch\/#website","url":"https:\/\/bogensportdiscount.ch\/","name":"Bogensportdiscount","description":"","potentialAction":[{"@type":"SearchAction","target":{"@type":"EntryPoint","urlTemplate":"https:\/\/bogensportdiscount.ch\/?s={search_term_string}"},"query-input":{"@type":"PropertyValueSpecification","valueRequired":true,"valueName":"search_term_string"}}],"inLanguage":"fr-FR"}]}},"_links":{"self":[{"href":"https:\/\/bogensportdiscount.ch\/fr\/wp-json\/wp\/v2\/product\/396509","targetHints":{"allow":["GET"]}}],"collection":[{"href":"https:\/\/bogensportdiscount.ch\/fr\/wp-json\/wp\/v2\/product"}],"about":[{"href":"https:\/\/bogensportdiscount.ch\/fr\/wp-json\/wp\/v2\/types\/product"}],"replies":[{"embeddable":true,"href":"https:\/\/bogensportdiscount.ch\/fr\/wp-json\/wp\/v2\/comments?post=396509"}],"wp:featuredmedia":[{"embeddable":true,"href":"https:\/\/bogensportdiscount.ch\/fr\/wp-json\/wp\/v2\/media\/449299"}],"wp:attachment":[{"href":"https:\/\/bogensportdiscount.ch\/fr\/wp-json\/wp\/v2\/media?parent=396509"}],"wp:term":[{"taxonomy":"product_brand","embeddable":true,"href":"https:\/\/bogensportdiscount.ch\/fr\/wp-json\/wp\/v2\/product_brand?post=396509"},{"taxonomy":"product_cat","embeddable":true,"href":"https:\/\/bogensportdiscount.ch\/fr\/wp-json\/wp\/v2\/product_cat?post=396509"},{"taxonomy":"product_tag","embeddable":true,"href":"https:\/\/bogensportdiscount.ch\/fr\/wp-json\/wp\/v2\/product_tag?post=396509"}],"curies":[{"name":"wp","href":"https:\/\/api.w.org\/{rel}","templated":true}]}}